{"id":97,"date":"2020-09-29T22:36:37","date_gmt":"2020-09-30T01:36:37","guid":{"rendered":"https:\/\/corecon-pi.org.br\/transparencia\/?page_id=97"},"modified":"2020-09-29T22:38:11","modified_gmt":"2020-09-30T01:38:11","slug":"portarias-2015","status":"publish","type":"page","link":"https:\/\/corecon-pi.org.br\/transparencia\/atos-normativos\/portarias-2015\/","title":{"rendered":"Portarias 2015"},"content":{"rendered":"<table style=\"width: 100%;\" border=\"0\" align=\"center\">\n<tbody>\n<tr style=\"height: 70px;\">\n<th style=\"background-color: #333399; color: #ffffff; height: 70px; text-align: center;\">\n<p align=\"center\"><strong>PORTARIAS<\/strong><\/p>\n<\/th>\n<\/tr>\n<tr style=\"height: 486px;\">\n<td style=\"height: 486px; background-color: #f5f5f5; vertical-align: text-top;\">\n<p align=\"center\"><span style=\"color: #008080;\"><strong>2015<\/strong><\/span><\/p>\n<table style=\"height: 626px;\">\n<tbody>\n<tr>\n<td style=\"width: 70px;\"><strong><span style=\"color: #666699;\">N\u00b0<\/span><\/strong><\/td>\n<td><span style=\"color: #666699;\"><strong>Descri\u00e7\u00e3o<\/strong><\/span><\/td>\n<\/tr>\n<tr>\n<td>001<\/td>\n<td><a href=\"..\/..\/wp-content\/uploads\/docs\/portarias\/2015\/Port2015001.pdf\" target=\"_blank\" rel=\"noopener noreferrer\">Designa tesoureira.<\/a><\/td>\n<\/tr>\n<tr>\n<td>002<\/td>\n<td><a href=\"..\/..\/wp-content\/uploads\/docs\/portarias\/2015\/Port2015002.pdf\" target=\"_blank\" rel=\"noopener noreferrer\">Substitui\u00e7\u00e3o tesoureira.<\/a><\/td>\n<\/tr>\n<tr>\n<td>003<\/td>\n<td><a href=\"..\/..\/wp-content\/uploads\/docs\/portarias\/2015\/Port2015003.pdf\" target=\"_blank\" rel=\"noopener noreferrer\">Aprova o deferimento dos pedidos de cancelamento de registro definitivo.<\/a><\/td>\n<\/tr>\n<tr>\n<td>004<\/td>\n<td><a href=\"..\/..\/wp-content\/uploads\/docs\/portarias\/2015\/Port2015004.pdf\" target=\"_blank\" rel=\"noopener noreferrer\">Indefere pedido de cancelamento de registro.<\/a><\/td>\n<\/tr>\n<tr>\n<td>005<\/td>\n<td><a href=\"..\/..\/wp-content\/uploads\/docs\/portarias\/2015\/Port2015005.pdf\" target=\"_blank\" rel=\"noopener noreferrer\">Constitui e Nomeia a Comiss\u00e3o de Tomada de Contas \u2013 CTC, exerc\u00edcio 2015.<\/a><\/td>\n<\/tr>\n<tr>\n<td>006<\/td>\n<td><a href=\"..\/..\/wp-content\/uploads\/docs\/portarias\/2015\/Port2015006.pdf\" target=\"_blank\" rel=\"noopener noreferrer\">Constitui e Nomeia a Comiss\u00e3o de Licita\u00e7\u00e3o, exerc\u00edcio 2015.<\/a><\/td>\n<\/tr>\n<tr>\n<td>007<\/td>\n<td><a href=\"..\/..\/wp-content\/uploads\/docs\/portarias\/2015\/Port2015007.pdf\" target=\"_blank\" rel=\"noopener noreferrer\">Constitui e Nomeia a Comiss\u00e3o de Normas, Fiscaliza\u00e7\u00e3o e Valoriza\u00e7\u00e3o Profissional, exerc\u00edcio 2015.<\/a><\/td>\n<\/tr>\n<tr>\n<td>008<\/td>\n<td><a href=\"..\/..\/wp-content\/uploads\/docs\/portarias\/2015\/Port2015008.pdf\" target=\"_blank\" rel=\"noopener noreferrer\">Nomeia delegada \u00e0 cidade de Parna\u00edba.<\/a><\/td>\n<\/tr>\n<tr>\n<td>009<\/td>\n<td><a href=\"..\/..\/wp-content\/uploads\/docs\/portarias\/2015\/Port2015009.pdf\" target=\"_blank\" rel=\"noopener noreferrer\">Aprova o deferimento dos pedidos de cancelamento de registro definitivo.<\/a><\/td>\n<\/tr>\n<tr>\n<td>010<\/td>\n<td><a href=\"..\/..\/wp-content\/uploads\/docs\/portarias\/2015\/Port2015010.pdf\" target=\"_blank\" rel=\"noopener noreferrer\">Aprova o deferimento dos pedidos de cancelamento de registro definitivo.<\/a><\/td>\n<\/tr>\n<tr>\n<td>011<\/td>\n<td><a href=\"..\/..\/wp-content\/uploads\/docs\/portarias\/2015\/Port2015011.pdf\" target=\"_blank\" rel=\"noopener noreferrer\">Indefere pedido de cancelamento de registro.<\/a><\/td>\n<\/tr>\n<tr>\n<td>012<\/td>\n<td><a href=\"..\/..\/wp-content\/uploads\/docs\/portarias\/2015\/Port2015012.pdf\" target=\"_blank\" rel=\"noopener noreferrer\">Aprova o deferimento do pedido de Registro Remido.<\/a><\/td>\n<\/tr>\n<tr>\n<td>013<\/td>\n<td><a href=\"..\/..\/wp-content\/uploads\/docs\/portarias\/2015\/Port2015013.pdf\" target=\"_blank\" rel=\"noopener noreferrer\">Aprova a cria\u00e7\u00e3o da Comiss\u00e3o de Avalia\u00e7\u00e3o do funcion\u00e1rio Clenilson Cruz Lima.<\/a><\/td>\n<\/tr>\n<tr>\n<td>014<\/td>\n<td><a href=\"..\/..\/wp-content\/uploads\/docs\/portarias\/2015\/Port2015014.pdf\" target=\"_blank\" rel=\"noopener noreferrer\">Aprova o deferimento dos pedidos de Registro Remido.<\/a><\/td>\n<\/tr>\n<tr>\n<td>015<\/td>\n<td><a href=\"..\/..\/wp-content\/uploads\/docs\/portarias\/2015\/Port2015015.pdf\" target=\"_blank\" rel=\"noopener noreferrer\">Aprova o deferimento do pedido de cancelamento de registro definitivo.<\/a><\/td>\n<\/tr>\n<tr>\n<td>016<\/td>\n<td><a href=\"..\/..\/wp-content\/uploads\/docs\/portarias\/2015\/Port2015016.pdf\" target=\"_blank\" rel=\"noopener noreferrer\">Homologa o pedido de suspens\u00e3o de registro.<\/a><\/td>\n<\/tr>\n<tr>\n<td>017<\/td>\n<td><a href=\"..\/..\/wp-content\/uploads\/docs\/portarias\/2015\/Port2015017.pdf\" target=\"_blank\" rel=\"noopener noreferrer\">Aprova o deferimento do pedido de Registro Remido.<\/a><\/td>\n<\/tr>\n<tr>\n<td>018<\/td>\n<td><a href=\"..\/..\/wp-content\/uploads\/docs\/portarias\/2015\/Port2015018.pdf\" target=\"_blank\" rel=\"noopener noreferrer\">Determinar a instaura\u00e7\u00e3o de Processo Administrativo Disciplinar.<\/a><\/td>\n<\/tr>\n<tr>\n<td>019<\/td>\n<td><a href=\"..\/..\/wp-content\/uploads\/docs\/portarias\/2015\/Port2015019.pdf\" target=\"_blank\" rel=\"noopener noreferrer\">Estabelece a Comiss\u00e3o Julgadora do Pr\u00eamio Piau\u00ed de Economia (Categoria Monografia) 2015 e Comiss\u00e3o para an\u00e1lise da escolha da Personalidade Econ\u00f4mica do Ano.<\/a><\/td>\n<\/tr>\n<tr>\n<td>020<\/td>\n<td><a href=\"..\/..\/wp-content\/uploads\/docs\/portarias\/2015\/Port2015020.pdf\" target=\"_blank\" rel=\"noopener noreferrer\">Homologa o pedido de suspens\u00e3o de registro.<\/a><\/td>\n<\/tr>\n<tr>\n<td>021<\/td>\n<td><a href=\"..\/..\/wp-content\/uploads\/docs\/portarias\/2015\/Port2015021.pdf\" target=\"_blank\" rel=\"noopener noreferrer\">Aprova o deferimento do pedido de cancelamento de registro.<\/a><\/td>\n<\/tr>\n<tr>\n<td>022<\/td>\n<td><a href=\"..\/..\/wp-content\/uploads\/docs\/portarias\/2015\/Port2015022.pdf\" target=\"_blank\" rel=\"noopener noreferrer\">Aprova o deferimento dos pedidos de cancelamento de registro definitivo.<\/a><\/td>\n<\/tr>\n<tr>\n<td>023<\/td>\n<td><a href=\"..\/..\/wp-content\/uploads\/docs\/portarias\/2015\/Port2015023.pdf\" target=\"_blank\" rel=\"noopener noreferrer\">Aprova o indeferimento do pedido de cancelamento de registro definitivo.<\/a><\/td>\n<\/tr>\n<tr>\n<td>024<\/td>\n<td><a href=\"..\/..\/wp-content\/uploads\/docs\/portarias\/2015\/Port2015024.pdf\" target=\"_blank\" rel=\"noopener noreferrer\">Aprova o deferimento do pedido de cancelamento de registro definitivo.<\/a><\/td>\n<\/tr>\n<tr>\n<td>025<\/td>\n<td><a href=\"..\/..\/wp-content\/uploads\/docs\/portarias\/2015\/Port2015025.pdf\" target=\"_blank\" rel=\"noopener noreferrer\">Aprova o deferimento do pedido de cancelamento de registro definitivo e pedido de Registro Remido.<\/a><\/td>\n<\/tr>\n<tr>\n<td>026<\/td>\n<td><a href=\"..\/..\/wp-content\/uploads\/docs\/portarias\/2015\/Port2015026.pdf\" target=\"_blank\" rel=\"noopener noreferrer\">Aprova o deferimento do pedido de cancelamento de registro definitivo.<\/a><\/td>\n<\/tr>\n<tr>\n<td>027<\/td>\n<td><a href=\"..\/..\/wp-content\/uploads\/docs\/portarias\/2015\/Port2015027.pdf\" target=\"_blank\" rel=\"noopener noreferrer\">Aprova o deferimento do pedido de cancelamento de registro definitivo.<\/a><\/td>\n<\/tr>\n<tr>\n<td>028<\/td>\n<td><a href=\"..\/..\/wp-content\/uploads\/docs\/portarias\/2015\/Port2015013.pdf\" target=\"_blank\" rel=\"noopener noreferrer\">Aprova o deferimento do pedido de cancelamento de registro definitivo.<\/a><\/td>\n<\/tr>\n<\/tbody>\n<\/table>\n<\/td>\n<\/tr>\n<\/tbody>\n<\/table>\n","protected":false},"excerpt":{"rendered":"<p>PORTARIAS 2015 N\u00b0 Descri\u00e7\u00e3o 001 Designa tesoureira. 002 Substitui\u00e7\u00e3o tesoureira. 003 Aprova o deferimento dos pedidos de cancelamento de registro definitivo. 004 Indefere pedido de cancelamento de registro. 005 Constitui e Nomeia a Comiss\u00e3o de Tomada de Contas \u2013 CTC, exerc\u00edcio 2015. 006 Constitui e Nomeia a Comiss\u00e3o de Licita\u00e7\u00e3o, exerc\u00edcio 2015. 007 Constitui e &hellip; <a href=\"https:\/\/corecon-pi.org.br\/transparencia\/atos-normativos\/portarias-2015\/\" class=\"more-link\">Continue reading <span class=\"screen-reader-text\">Portarias 2015<\/span><\/a><\/p>\n","protected":false},"author":2,"featured_media":0,"parent":47,"menu_order":0,"comment_status":"closed","ping_status":"closed","template":"","meta":{"footnotes":""},"class_list":["post-97","page","type-page","status-publish","hentry"],"_links":{"self":[{"href":"https:\/\/corecon-pi.org.br\/transparencia\/wp-json\/wp\/v2\/pages\/97","targetHints":{"allow":["GET"]}}],"collection":[{"href":"https:\/\/corecon-pi.org.br\/transparencia\/wp-json\/wp\/v2\/pages"}],"about":[{"href":"https:\/\/corecon-pi.org.br\/transparencia\/wp-json\/wp\/v2\/types\/page"}],"author":[{"embeddable":true,"href":"https:\/\/corecon-pi.org.br\/transparencia\/wp-json\/wp\/v2\/users\/2"}],"replies":[{"embeddable":true,"href":"https:\/\/corecon-pi.org.br\/transparencia\/wp-json\/wp\/v2\/comments?post=97"}],"version-history":[{"count":2,"href":"https:\/\/corecon-pi.org.br\/transparencia\/wp-json\/wp\/v2\/pages\/97\/revisions"}],"predecessor-version":[{"id":103,"href":"https:\/\/corecon-pi.org.br\/transparencia\/wp-json\/wp\/v2\/pages\/97\/revisions\/103"}],"up":[{"embeddable":true,"href":"https:\/\/corecon-pi.org.br\/transparencia\/wp-json\/wp\/v2\/pages\/47"}],"wp:attachment":[{"href":"https:\/\/corecon-pi.org.br\/transparencia\/wp-json\/wp\/v2\/media?parent=97"}],"curies":[{"name":"wp","href":"https:\/\/api.w.org\/{rel}","templated":true}]}}