{"id":638,"date":"2023-06-17T14:59:13","date_gmt":"2023-06-17T17:59:13","guid":{"rendered":"http:\/\/corecon-pi.org.br\/transparencia\/?page_id=638"},"modified":"2023-12-06T12:05:59","modified_gmt":"2023-12-06T15:05:59","slug":"passagens-e-diarias-2023","status":"publish","type":"page","link":"https:\/\/corecon-pi.org.br\/transparencia\/passagens-e-diarias-2023\/","title":{"rendered":"Passagens e Di\u00e1rias 2023"},"content":{"rendered":"<table>\n<tbody>\n<tr>\n<td width=\"112\"><strong>PROPOSTO<\/strong><\/td>\n<td width=\"124\"><strong>CARGO\/FUN\u00c7\u00c3O<\/strong><\/td>\n<td width=\"111\"><strong>PER\u00cdODO DA VIAGEM<\/strong><\/td>\n<td width=\"133\"><strong>ORIGEM\/DESTINO<\/strong><\/td>\n<td width=\"108\"><strong>N\u00b0. DE DI\u00c1RIAS<\/strong><\/td>\n<td width=\"106\"><strong>VALOR TOTAL R$<\/strong><\/td>\n<td width=\"138\"><strong>MOTIVO<\/strong><\/td>\n<td width=\"115\"><strong>MEIO DE TRANSPORTE<\/strong><\/td>\n<\/tr>\n<tr>\n<td width=\"112\">&nbsp;<\/p>\n<p>&nbsp;<\/p>\n<p>VALMIR MARTINS FALC\u00c3O SOBRINHO<\/td>\n<td width=\"124\">&nbsp;<\/p>\n<p>&nbsp;<\/p>\n<p>Presidente<\/td>\n<td width=\"111\">&nbsp;<\/p>\n<p>&nbsp;<\/p>\n<p>24 A 27\/01\/2023<\/td>\n<td width=\"133\">&nbsp;<\/p>\n<p>&nbsp;<\/p>\n<p>THE\/BSB\/THE<\/td>\n<td width=\"108\">&nbsp;<\/p>\n<p>&nbsp;<\/p>\n<p>02<\/td>\n<td width=\"106\">&nbsp;<\/p>\n<p>&nbsp;<\/p>\n<p>&nbsp;<\/p>\n<p>800,00<\/td>\n<td width=\"138\">PARTICIPA\u00c7\u00c3O DE PRESIDENTE NA POSSE DE PRESIDENTE E CONSELHEIROS DO COFECON E REUNI\u00c3O AMPLIADA DO COFECON, 25 E 26 DE JANEIRO DE 2023<\/td>\n<td width=\"115\">&nbsp;<\/p>\n<p>&nbsp;<\/p>\n<p>A\u00e9reo<\/td>\n<\/tr>\n<tr>\n<td width=\"112\">&nbsp;<\/p>\n<p>VALMIR MARTINS FALC\u00c3O SOBRINHO<\/td>\n<td width=\"124\">&nbsp;<\/p>\n<p>Presidente<\/td>\n<td width=\"111\">&nbsp;<\/p>\n<p>09\/05\/2023<\/td>\n<td width=\"133\">&nbsp;<\/p>\n<p>&nbsp;<\/p>\n<p>THE\/BSB\/THE<\/td>\n<td width=\"108\">&nbsp;<\/p>\n<p>&nbsp;<\/p>\n<p>02<\/td>\n<td width=\"106\">&nbsp;<\/p>\n<p>&nbsp;<\/p>\n<p>800,00<\/td>\n<td width=\"138\">&nbsp;<\/p>\n<p>PARTICIPA\u00c7\u00c3O\u00a0 PRESIDENTE ATO SOLENE CAMARA DEP.LANCAMENTO DA FRENTE PARLAMENTAR DE APOIO AOS CONSELHOS PROFISSIONIAS<\/td>\n<td width=\"115\">&nbsp;<\/p>\n<p>&nbsp;<\/p>\n<p>A\u00e9reo<\/td>\n<\/tr>\n<tr>\n<td width=\"112\">&nbsp;<\/p>\n<p>&nbsp;<\/p>\n<p>&nbsp;<\/p>\n<p>&nbsp;<\/p>\n<p>VALMIR MARTINS FALC\u00c3O SOBRINHO<\/td>\n<td width=\"124\">&nbsp;<\/p>\n<p>&nbsp;<\/p>\n<p>&nbsp;<\/p>\n<p>&nbsp;<\/p>\n<p>&nbsp;<\/p>\n<p>Presidente<\/td>\n<td width=\"111\">&nbsp;<\/p>\n<p>&nbsp;<\/p>\n<p>&nbsp;<\/p>\n<p>&nbsp;<\/p>\n<p>&nbsp;<\/p>\n<p>25\/08\/2023<\/td>\n<td width=\"133\">&nbsp;<\/p>\n<p>&nbsp;<\/p>\n<p>&nbsp;<\/p>\n<p>&nbsp;<\/p>\n<p>&nbsp;<\/p>\n<p>THE\/BOM JESUS\/THE<\/td>\n<td width=\"108\">&nbsp;<\/p>\n<p>&nbsp;<\/p>\n<p>&nbsp;<\/p>\n<p>&nbsp;<\/p>\n<p>&nbsp;<\/p>\n<p>03<\/td>\n<td width=\"106\">&nbsp;<\/p>\n<p>&nbsp;<\/p>\n<p>&nbsp;<\/p>\n<p>&nbsp;<\/p>\n<p>&nbsp;<\/p>\n<p>600,00<\/td>\n<td width=\"138\">PARTICIPA\u00c7\u00c3O DO PRESIDENTE CONTABILIZANDO CONHECIMENTO, EDI\u00c7\u00c3O ESPECIAL AGRONEG\u00d3CIO, NO DIA 25\/08\/2023 &#8211; 08H:30 \u00c0S 17 HORAS, NA UFPI &#8211; AUDIT\u00d3RIO II \u2013 P\u00d3S-GRADUA\u00c7\u00c3O \u2013 REPRESENTANDO O CONSELHO REGIONAL DE ECONOMIA<\/td>\n<td width=\"115\">&nbsp;<\/p>\n<p>&nbsp;<\/p>\n<p>&nbsp;<\/p>\n<p>&nbsp;<\/p>\n<p>&nbsp;<\/p>\n<p>Terrestre (carro particular)<\/td>\n<\/tr>\n<tr>\n<td width=\"112\">&nbsp;<\/p>\n<p>JOSE MANOEL MONTEIRO ROSA S.MOEDAS<\/td>\n<td width=\"124\">&nbsp;<\/p>\n<p>&nbsp;<\/p>\n<p>&nbsp;<\/p>\n<p>Conselheiro<\/td>\n<td width=\"111\">&nbsp;<\/p>\n<p>&nbsp;<\/p>\n<p>&nbsp;<\/p>\n<p>07 a 10\/11\/2023<\/td>\n<td width=\"133\">&nbsp;<\/p>\n<p>&nbsp;<\/p>\n<p>THE\/S\u00c3O LUIS\/THE<\/td>\n<td width=\"108\">&nbsp;<\/p>\n<p>&nbsp;<\/p>\n<p>&nbsp;<\/p>\n<p>03<\/td>\n<td width=\"106\">&nbsp;<\/p>\n<p>&nbsp;<\/p>\n<p>&nbsp;<\/p>\n<p>1.650,00<\/td>\n<td width=\"138\">PARTICIPA\u00c7\u00c3O DO XXV CONGRESSO BRASILEIRO DE ECONOMIA (CBE), NOS DIAS 7 A 10 DE NOVEMBRO NA CIDADE DE S\u00c3O LU\u00cdS<\/td>\n<td width=\"115\">&nbsp;<\/p>\n<p>&nbsp;<\/p>\n<p>Terrestre (Guanabara)<\/td>\n<\/tr>\n<tr>\n<td width=\"112\">&nbsp;<\/p>\n<p>&nbsp;<\/p>\n<p>AD\u00c3O FIRMINO LEAL<\/td>\n<td width=\"124\">&nbsp;<\/p>\n<p>&nbsp;<\/p>\n<p>Vice Presidente<\/td>\n<td width=\"111\">&nbsp;<\/p>\n<p>&nbsp;<\/p>\n<p>07 a 10\/11\/2023<\/td>\n<td width=\"133\">&nbsp;<\/p>\n<p>&nbsp;<\/p>\n<p>THE\/S\u00c3O LUIS\/THE<\/td>\n<td width=\"108\">&nbsp;<\/p>\n<p>&nbsp;<\/p>\n<p>03<\/td>\n<td width=\"106\">&nbsp;<\/p>\n<p>&nbsp;<\/p>\n<p>1.650,00<\/td>\n<td width=\"138\">PARTICIPA\u00c7\u00c3O DO XXV CONGRESSO BRASILEIRO DE ECONOMIA (CBE), NOS DIAS 7 A 10 DE NOVEMBRO NA CIDADE DE S\u00c3O LU\u00cdS<\/td>\n<td width=\"115\">&nbsp;<\/p>\n<p>&nbsp;<\/p>\n<p>Terrestre (Guanabara)<\/td>\n<\/tr>\n<tr>\n<td width=\"112\">&nbsp;<\/p>\n<p>&nbsp;<\/p>\n<p>&nbsp;<\/p>\n<p>VALMIR MARTINS FALC\u00c3O SOBRINHO<\/td>\n<td width=\"124\">&nbsp;<\/p>\n<p>&nbsp;<\/p>\n<p>&nbsp;<\/p>\n<p>&nbsp;<\/p>\n<p>Presidente<\/td>\n<td width=\"111\">&nbsp;<\/p>\n<p>&nbsp;<\/p>\n<p>&nbsp;<\/p>\n<p>07 a 10\/11\/2023<\/td>\n<td width=\"133\">&nbsp;<\/p>\n<p>&nbsp;<\/p>\n<p>THE\/S\u00c3O LUIS\/THE<\/td>\n<td width=\"108\">&nbsp;<\/p>\n<p>&nbsp;<\/p>\n<p>03<\/td>\n<td width=\"106\">&nbsp;<\/p>\n<p>&nbsp;<\/p>\n<p>&nbsp;<\/p>\n<p>1.650,00<\/td>\n<td width=\"138\">PARTICIPA\u00c7\u00c3O DO XXV CONGRESSO BRASILEIRO DE ECONOMIA (CBE), NOS DIAS 7 A 10 DE NOVEMBRO NA CIDADE DE S\u00c3O LU\u00cdS<\/td>\n<td width=\"115\">&nbsp;<\/p>\n<p>&nbsp;<\/p>\n<p>&nbsp;<\/p>\n<p>A\u00e9reo<\/td>\n<\/tr>\n<tr>\n<td width=\"112\">&nbsp;<\/p>\n<p>&nbsp;<\/p>\n<p>&nbsp;<\/p>\n<p>KESSIANE VIEIRA BELO ABREU<\/td>\n<td width=\"124\">&nbsp;<\/p>\n<p>&nbsp;<\/p>\n<p>&nbsp;<\/p>\n<p>&nbsp;<\/p>\n<p>Funcion\u00e1ria<\/td>\n<td width=\"111\">&nbsp;<\/p>\n<p>&nbsp;<\/p>\n<p>&nbsp;<\/p>\n<p>08\/11 a 11\/11\/2023<\/td>\n<td width=\"133\">&nbsp;<\/p>\n<p>&nbsp;<\/p>\n<p>&nbsp;<\/p>\n<p>THE\/S\u00c3O LUIS\/THE<\/td>\n<td width=\"108\">&nbsp;<\/p>\n<p>&nbsp;<\/p>\n<p>&nbsp;<\/p>\n<p>1 di\u00e1ria e meia<\/td>\n<td width=\"106\">&nbsp;<\/p>\n<p>&nbsp;<\/p>\n<p>&nbsp;<\/p>\n<p>&nbsp;<\/p>\n<p>825,00<\/td>\n<td width=\"138\">CAPACITA\u00c7\u00c3O DOS FUNCION\u00c1RIOS DO SISTEMA COFECON\/CORECONS NOS DIA 08 E 09\/11\/2023, E PARTICIPA\u00c7\u00c3O DO XXV CBE EM S\u00c3O LUIS-MA<\/td>\n<td width=\"115\">&nbsp;<\/p>\n<p>&nbsp;<\/p>\n<p>&nbsp;<\/p>\n<p>Terrestre (Guanabara)<\/td>\n<\/tr>\n<tr>\n<td width=\"112\">&nbsp;<\/p>\n<p>&nbsp;<\/p>\n<p>&nbsp;<\/p>\n<p>SAULO HENRIQUE DA ROCHA<\/p>\n<p>&nbsp;<\/p>\n<p>&nbsp;<\/td>\n<td width=\"124\">&nbsp;<\/p>\n<p>&nbsp;<\/p>\n<p>4\u00ba Colocado Gincana Nacional de Economia 2023<\/td>\n<td width=\"111\">&nbsp;<\/p>\n<p>&nbsp;<\/p>\n<p>&nbsp;<\/p>\n<p>06 a 09\/11\/23<\/td>\n<td width=\"133\">&nbsp;<\/p>\n<p>&nbsp;<\/p>\n<p>&nbsp;<\/p>\n<p>THE\/S\u00c3O LUIS\/THE<\/td>\n<td width=\"108\">&nbsp;<\/p>\n<p>&nbsp;<\/p>\n<p>&nbsp;<\/p>\n<p>Ressarcimento hospedagem hotel<\/td>\n<td width=\"106\">&nbsp;<\/p>\n<p>&nbsp;<\/p>\n<p>&nbsp;<\/p>\n<p>479,50<\/td>\n<td width=\"138\">RESSARCIMENTO DE TR\u00caS DIARIA NO VALOR 159,90,NA OCASI\u00c3O DO XXV CONGRESSO BRASILEIRO DE ECONOMIA (CBE), EVENTO DO SISTEMA COFECON\/CORECONS, DIAS 7 E 10 DE NOVEMBRO, EM SUIS LUIS- MA EGINCANA NACIONAL DE ECONOMIA, COMO GINCANEIRO<\/td>\n<td width=\"115\">&nbsp;<\/p>\n<p>&nbsp;<\/p>\n<p>&nbsp;<\/p>\n<p>&nbsp;<\/p>\n<p>Terrestre (Guanabara)<\/td>\n<\/tr>\n<\/tbody>\n<\/table>\n<p>&nbsp;<\/p>\n","protected":false},"excerpt":{"rendered":"<p>PROPOSTO CARGO\/FUN\u00c7\u00c3O PER\u00cdODO DA VIAGEM ORIGEM\/DESTINO N\u00b0. DE DI\u00c1RIAS VALOR TOTAL R$ MOTIVO MEIO DE TRANSPORTE &nbsp; &nbsp; VALMIR MARTINS FALC\u00c3O SOBRINHO &nbsp; &nbsp; Presidente &nbsp; &nbsp; 24 A 27\/01\/2023 &nbsp; &nbsp; THE\/BSB\/THE &nbsp; &nbsp; 02 &nbsp; &nbsp; &nbsp; 800,00 PARTICIPA\u00c7\u00c3O DE PRESIDENTE NA POSSE DE PRESIDENTE E CONSELHEIROS DO COFECON E REUNI\u00c3O AMPLIADA DO &hellip; <a href=\"https:\/\/corecon-pi.org.br\/transparencia\/passagens-e-diarias-2023\/\" class=\"more-link\">Continue reading <span class=\"screen-reader-text\">Passagens e Di\u00e1rias 2023<\/span><\/a><\/p>\n","protected":false},"author":2,"featured_media":0,"parent":0,"menu_order":0,"comment_status":"closed","ping_status":"closed","template":"","meta":{"footnotes":""},"class_list":["post-638","page","type-page","status-publish","hentry"],"_links":{"self":[{"href":"https:\/\/corecon-pi.org.br\/transparencia\/wp-json\/wp\/v2\/pages\/638","targetHints":{"allow":["GET"]}}],"collection":[{"href":"https:\/\/corecon-pi.org.br\/transparencia\/wp-json\/wp\/v2\/pages"}],"about":[{"href":"https:\/\/corecon-pi.org.br\/transparencia\/wp-json\/wp\/v2\/types\/page"}],"author":[{"embeddable":true,"href":"https:\/\/corecon-pi.org.br\/transparencia\/wp-json\/wp\/v2\/users\/2"}],"replies":[{"embeddable":true,"href":"https:\/\/corecon-pi.org.br\/transparencia\/wp-json\/wp\/v2\/comments?post=638"}],"version-history":[{"count":4,"href":"https:\/\/corecon-pi.org.br\/transparencia\/wp-json\/wp\/v2\/pages\/638\/revisions"}],"predecessor-version":[{"id":696,"href":"https:\/\/corecon-pi.org.br\/transparencia\/wp-json\/wp\/v2\/pages\/638\/revisions\/696"}],"wp:attachment":[{"href":"https:\/\/corecon-pi.org.br\/transparencia\/wp-json\/wp\/v2\/media?parent=638"}],"curies":[{"name":"wp","href":"https:\/\/api.w.org\/{rel}","templated":true}]}}