{"id":57,"date":"2017-09-27T14:21:26","date_gmt":"2017-09-27T17:21:26","guid":{"rendered":"http:\/\/corecon-pi.org.br\/transparencia\/?page_id=57"},"modified":"2023-12-05T23:23:31","modified_gmt":"2023-12-06T02:23:31","slug":"folhas-de-pagamento","status":"publish","type":"page","link":"https:\/\/corecon-pi.org.br\/transparencia\/folhas-de-pagamento\/","title":{"rendered":"Folhas de Pagamento"},"content":{"rendered":"<h3>2023<\/h3>\n<p><a href=\"..\/wp-content\/uploads\/docs\/folha\/2023\/01.pdf\" target=\"_blank\" rel=\"noopener noreferrer\">Janeiro<\/a><br \/>\n<a href=\"..\/wp-content\/uploads\/docs\/folha\/2023\/02.pdf\" target=\"_blank\" rel=\"noopener noreferrer\">Fevereiro<\/a><br \/>\n<a href=\"..\/wp-content\/uploads\/docs\/folha\/2023\/03.pdf\" target=\"_blank\" rel=\"noopener noreferrer\">Mar\u00e7o<\/a><br \/>\n<a href=\"..\/wp-content\/uploads\/docs\/folha\/2023\/04.pdf\" target=\"_blank\" rel=\"noopener noreferrer\">Abril<\/a><br \/>\n<a href=\"..\/wp-content\/uploads\/docs\/folha\/2023\/05.pdf\" target=\"_blank\" rel=\"noopener noreferrer\">Maio<\/a><br \/>\n<a href=\"..\/wp-content\/uploads\/docs\/folha\/2023\/06.pdf\" target=\"_blank\" rel=\"noopener noreferrer\">Junho<\/a><br \/>\n<a href=\"..\/wp-content\/uploads\/docs\/folha\/2023\/07.pdf\" target=\"_blank\" rel=\"noopener noreferrer\">Julho<\/a><br \/>\n<a href=\"..\/wp-content\/uploads\/docs\/folha\/2023\/08.pdf\" target=\"_blank\" rel=\"noopener noreferrer\">Agosto<\/a><br \/>\n<a href=\"..\/wp-content\/uploads\/docs\/folha\/2023\/09.pdf\" target=\"_blank\" rel=\"noopener noreferrer\">Setembro<\/a><br \/>\n<a href=\"..\/wp-content\/uploads\/docs\/folha\/2023\/10.pdf\" target=\"_blank\" rel=\"noopener noreferrer\">Outubro<\/a><br \/>\n<a href=\"..\/wp-content\/uploads\/docs\/folha\/2023\/11.pdf\" target=\"_blank\" rel=\"noopener noreferrer\">Novembro<\/a><\/p>\n<h3>2022<\/h3>\n<p><a href=\"..\/wp-content\/uploads\/docs\/folha\/2022\/01.pdf\" target=\"_blank\" rel=\"noopener noreferrer\">Janeiro<\/a><br \/>\n<a href=\"..\/wp-content\/uploads\/docs\/folha\/2022\/02.pdf\" target=\"_blank\" rel=\"noopener noreferrer\">Fevereiro<\/a><br \/>\n<a href=\"..\/wp-content\/uploads\/docs\/folha\/2022\/03.pdf\" target=\"_blank\" rel=\"noopener noreferrer\">Mar\u00e7o<\/a><br \/>\n<a href=\"..\/wp-content\/uploads\/docs\/folha\/2022\/04.pdf\" target=\"_blank\" rel=\"noopener noreferrer\">Abril<\/a><br \/>\n<a href=\"..\/wp-content\/uploads\/docs\/folha\/2022\/05.pdf\" target=\"_blank\" rel=\"noopener noreferrer\">Maio<\/a><br \/>\n<a href=\"..\/wp-content\/uploads\/docs\/folha\/2022\/06.pdf\" target=\"_blank\" rel=\"noopener noreferrer\">Junho<\/a><br \/>\n<a href=\"..\/wp-content\/uploads\/docs\/folha\/2022\/07.pdf\" target=\"_blank\" rel=\"noopener noreferrer\">Julho<\/a><br \/>\n<a href=\"..\/wp-content\/uploads\/docs\/folha\/2022\/08.pdf\" target=\"_blank\" rel=\"noopener noreferrer\">Agosto<\/a><br \/>\n<a href=\"..\/wp-content\/uploads\/docs\/folha\/2022\/09.pdf\" target=\"_blank\" rel=\"noopener noreferrer\">Setembro<\/a><br \/>\n<a href=\"..\/wp-content\/uploads\/docs\/folha\/2022\/10.pdf\" target=\"_blank\" rel=\"noopener noreferrer\">Outubro<\/a><br \/>\n<a href=\"..\/wp-content\/uploads\/docs\/folha\/2022\/11.pdf\" target=\"_blank\" rel=\"noopener noreferrer\">Novembro<\/a><br \/>\n<a href=\"..\/wp-content\/uploads\/docs\/folha\/2022\/12.pdf\" target=\"_blank\" rel=\"noopener noreferrer\">Dezembro<\/a><br \/>\n<a href=\"..\/wp-content\/uploads\/docs\/folha\/2022\/FolhaFeriasMaria.pdf\" target=\"_blank\" rel=\"noopener noreferrer\">Folha F\u00e9rias Maria<\/a><br \/>\n<a href=\"..\/wp-content\/uploads\/docs\/folha\/2022\/13_1.pdf\" target=\"_blank\" rel=\"noopener noreferrer\">13\u00b0 &#8211; 1\u00aa parcela<\/a><br \/>\n<a href=\"..\/wp-content\/uploads\/docs\/folha\/2022\/13_2.pdf\" target=\"_blank\" rel=\"noopener noreferrer\">13\u00b0 &#8211; 2\u00aa parcela<\/a><br \/>\n<a href=\"..\/wp-content\/uploads\/docs\/folha\/2022\/13_1_recibo.pdf\" target=\"_blank\" rel=\"noopener noreferrer\">13\u00b0 &#8211; 1\u00aa parcela &#8211; Recibo<\/a><br \/>\n<a href=\"..\/wp-content\/uploads\/docs\/folha\/2022\/FolhaFeriasKessiane.pdf\" target=\"_blank\" rel=\"noopener noreferrer\">Folha F\u00e9rias Kessiane<\/a><\/p>\n<h3>2021<\/h3>\n<p><a href=\"..\/wp-content\/uploads\/docs\/folha\/2021\/01.pdf\" target=\"_blank\" rel=\"noopener noreferrer\">Janeiro<\/a><br \/>\n<a href=\"..\/wp-content\/uploads\/docs\/folha\/2021\/02.pdf\" target=\"_blank\" rel=\"noopener noreferrer\">Fevereiro<\/a><br \/>\n<a href=\"..\/wp-content\/uploads\/docs\/folha\/2021\/03.pdf\" target=\"_blank\" rel=\"noopener noreferrer\">Mar\u00e7o<\/a><br \/>\n<a href=\"..\/wp-content\/uploads\/docs\/folha\/2021\/04.pdf\" target=\"_blank\" rel=\"noopener noreferrer\">Abril<\/a><br \/>\n<a href=\"..\/wp-content\/uploads\/docs\/folha\/2021\/05.pdf\" target=\"_blank\" rel=\"noopener noreferrer\">Maio<\/a><br \/>\n<a href=\"..\/wp-content\/uploads\/docs\/folha\/2021\/06.pdf\" target=\"_blank\" rel=\"noopener noreferrer\">Junho<\/a><br \/>\n<a href=\"..\/wp-content\/uploads\/docs\/folha\/2021\/07.pdf\" target=\"_blank\" rel=\"noopener noreferrer\">Julho<\/a><br \/>\n<a href=\"..\/wp-content\/uploads\/docs\/folha\/2021\/08.pdf\" target=\"_blank\" rel=\"noopener noreferrer\">Agosto<\/a><br \/>\n<a href=\"..\/wp-content\/uploads\/docs\/folha\/2021\/09.pdf\" target=\"_blank\" rel=\"noopener noreferrer\">Setembro<\/a><br \/>\n<a href=\"..\/wp-content\/uploads\/docs\/folha\/2021\/10.pdf\" target=\"_blank\" rel=\"noopener noreferrer\">Outubro<\/a><br \/>\n<a href=\"..\/wp-content\/uploads\/docs\/folha\/2021\/11.pdf\" target=\"_blank\" rel=\"noopener noreferrer\">Novembro<\/a><br \/>\n<a href=\"..\/wp-content\/uploads\/docs\/folha\/2021\/12.pdf\" target=\"_blank\" rel=\"noopener noreferrer\">Dezembro<\/a><br \/>\n<a href=\"..\/wp-content\/uploads\/docs\/folha\/2021\/13_1.pdf\" target=\"_blank\" rel=\"noopener noreferrer\">13\u00b0 &#8211; 1\u00aa parcela<\/a><br \/>\n<a href=\"..\/wp-content\/uploads\/docs\/folha\/2021\/13_2.pdf\" target=\"_blank\" rel=\"noopener noreferrer\">13\u00b0 &#8211; 2\u00aa parcela<\/a><br \/>\n<a href=\"..\/wp-content\/uploads\/docs\/folha\/2021\/FolhaFeriasKessiane.pdf\" target=\"_blank\" rel=\"noopener noreferrer\">Folha F\u00e9rias Kessiane<\/a><br \/>\n<a href=\"..\/wp-content\/uploads\/docs\/folha\/2021\/FolhaFeriasMaria.pdf\" target=\"_blank\" rel=\"noopener noreferrer\">Folha F\u00e9rias Maria<\/a><\/p>\n<h3>2020<\/h3>\n<p><a href=\"..\/wp-content\/uploads\/docs\/folha\/2020\/01.pdf\" target=\"_blank\" rel=\"noopener noreferrer\">Janeiro<\/a><br \/>\n<a href=\"..\/wp-content\/uploads\/docs\/folha\/2020\/02.pdf\" target=\"_blank\" rel=\"noopener noreferrer\">Fevereiro<\/a><br \/>\n<a href=\"..\/wp-content\/uploads\/docs\/folha\/2020\/03.pdf\" target=\"_blank\" rel=\"noopener noreferrer\">Mar\u00e7o<\/a><br \/>\n<a href=\"..\/wp-content\/uploads\/docs\/folha\/2020\/04.pdf\" target=\"_blank\" rel=\"noopener noreferrer\">Abril<\/a><br \/>\n<a href=\"..\/wp-content\/uploads\/docs\/folha\/2020\/05.pdf\" target=\"_blank\" rel=\"noopener noreferrer\">Maio<\/a><br \/>\n<a href=\"..\/wp-content\/uploads\/docs\/folha\/2020\/06.pdf\" target=\"_blank\" rel=\"noopener noreferrer\">Junho<\/a><br \/>\n<a href=\"..\/wp-content\/uploads\/docs\/folha\/2020\/07.pdf\" target=\"_blank\" rel=\"noopener noreferrer\">Julho<\/a><br \/>\n<a href=\"..\/wp-content\/uploads\/docs\/folha\/2020\/08.pdf\" target=\"_blank\" rel=\"noopener noreferrer\">Agosto<\/a><br \/>\n<a href=\"..\/wp-content\/uploads\/docs\/folha\/2020\/09.pdf\" target=\"_blank\" rel=\"noopener noreferrer\">Setembro<\/a><br \/>\n<a href=\"..\/wp-content\/uploads\/docs\/folha\/2020\/10.pdf\" target=\"_blank\" rel=\"noopener noreferrer\">Outubro<\/a><br \/>\n<a href=\"..\/wp-content\/uploads\/docs\/folha\/2020\/11.pdf\" target=\"_blank\" rel=\"noopener noreferrer\">Novembro<\/a><br \/>\n<a href=\"..\/wp-content\/uploads\/docs\/folha\/2020\/12.pdf\" target=\"_blank\" rel=\"noopener noreferrer\">Dezembro<\/a><br \/>\n<a href=\"..\/wp-content\/uploads\/docs\/folha\/2020\/13_1.pdf\" target=\"_blank\" rel=\"noopener noreferrer\">13\u00b0 &#8211; 1\u00aa parcela<\/a><br \/>\n<a href=\"..\/wp-content\/uploads\/docs\/folha\/2020\/13_2.pdf\" target=\"_blank\" rel=\"noopener noreferrer\">13\u00b0 &#8211; 2\u00aa parcela<\/a><br \/>\n<a href=\"..\/wp-content\/uploads\/docs\/folha\/2020\/FolhaFeriasKessiane.pdf\" target=\"_blank\" rel=\"noopener noreferrer\">Folha F\u00e9rias Kessiane<\/a><br \/>\n<a href=\"..\/wp-content\/uploads\/docs\/folha\/2020\/FolhaFeriasMaria.pdf\" target=\"_blank\" rel=\"noopener noreferrer\">Folha F\u00e9rias Maria<\/a><\/p>\n<h3>2019<\/h3>\n<p><a href=\"..\/wp-content\/uploads\/docs\/folha\/2019\/01.pdf\" target=\"_blank\" rel=\"noopener noreferrer\">Janeiro<\/a><br \/>\n<a href=\"..\/wp-content\/uploads\/docs\/folha\/2019\/02.pdf\" target=\"_blank\" rel=\"noopener noreferrer\">Fevereiro<\/a><br \/>\n<a href=\"..\/wp-content\/uploads\/docs\/folha\/2019\/03.pdf\" target=\"_blank\" rel=\"noopener noreferrer\">Mar\u00e7o<\/a><br \/>\n<a href=\"..\/wp-content\/uploads\/docs\/folha\/2019\/04.pdf\" target=\"_blank\" rel=\"noopener noreferrer\">Abril<\/a><br \/>\n<a href=\"..\/wp-content\/uploads\/docs\/folha\/2019\/05.pdf\" target=\"_blank\" rel=\"noopener noreferrer\">Maio<\/a><br \/>\n<a href=\"..\/wp-content\/uploads\/docs\/folha\/2019\/06.pdf\" target=\"_blank\" rel=\"noopener noreferrer\">Junho<\/a><br \/>\n<a href=\"..\/wp-content\/uploads\/docs\/folha\/2019\/07.pdf\" target=\"_blank\" rel=\"noopener noreferrer\">Julho<\/a><br \/>\n<a href=\"..\/wp-content\/uploads\/docs\/folha\/2019\/08.pdf\" target=\"_blank\" rel=\"noopener noreferrer\">Agosto<\/a><br \/>\n<a href=\"..\/wp-content\/uploads\/docs\/folha\/2019\/09.pdf\" target=\"_blank\" rel=\"noopener noreferrer\">Setembro<\/a><br \/>\n<a href=\"..\/wp-content\/uploads\/docs\/folha\/2019\/10.pdf\" target=\"_blank\" rel=\"noopener noreferrer\">Outubro<\/a><br \/>\n<a href=\"..\/wp-content\/uploads\/docs\/folha\/2019\/11.pdf\" target=\"_blank\" rel=\"noopener noreferrer\">Novembro<\/a><br \/>\n<a href=\"..\/wp-content\/uploads\/docs\/folha\/2019\/12.pdf\" target=\"_blank\" rel=\"noopener noreferrer\">Dezembro<\/a><br \/>\n<a href=\"..\/wp-content\/uploads\/docs\/folha\/2019\/13_1.pdf\" target=\"_blank\" rel=\"noopener noreferrer\">13\u00b0 &#8211; 1\u00aa parcela<\/a><br \/>\n<a href=\"..\/wp-content\/uploads\/docs\/folha\/2019\/13_2.pdf\" target=\"_blank\" rel=\"noopener noreferrer\">13\u00b0 &#8211; 2\u00aa parcela<\/a><br \/>\n<a href=\"..\/wp-content\/uploads\/docs\/folha\/2019\/FolhaFeriasKessiane.pdf\" target=\"_blank\" rel=\"noopener noreferrer\">Folha F\u00e9rias Kessiane<\/a><br \/>\n<a href=\"..\/wp-content\/uploads\/docs\/folha\/2019\/FolhaFeriasMaria.pdf\" target=\"_blank\" rel=\"noopener noreferrer\">Folha F\u00e9rias Maria<\/a><\/p>\n<h3>2018<\/h3>\n<p><a href=\"..\/wp-content\/uploads\/docs\/folha\/2018\/01.pdf\" target=\"_blank\" rel=\"noopener noreferrer\">Janeiro<\/a><br \/>\n<a href=\"..\/wp-content\/uploads\/docs\/folha\/2018\/02.pdf\" target=\"_blank\" rel=\"noopener noreferrer\">Fevereiro<\/a><br \/>\n<a href=\"..\/wp-content\/uploads\/docs\/folha\/2018\/03.pdf\" target=\"_blank\" rel=\"noopener noreferrer\">Mar\u00e7o<\/a><br \/>\n<a href=\"..\/wp-content\/uploads\/docs\/folha\/2018\/04.pdf\" target=\"_blank\" rel=\"noopener noreferrer\">Abril<\/a><br \/>\n<a href=\"..\/wp-content\/uploads\/docs\/folha\/2018\/05.pdf\" target=\"_blank\" rel=\"noopener noreferrer\">Maio<\/a><br \/>\n<a href=\"..\/wp-content\/uploads\/docs\/folha\/2018\/06.pdf\" target=\"_blank\" rel=\"noopener noreferrer\">Junho<\/a><br \/>\n<a href=\"..\/wp-content\/uploads\/docs\/folha\/2018\/07.pdf\" target=\"_blank\" rel=\"noopener noreferrer\">Julho<\/a><br \/>\n<a href=\"..\/wp-content\/uploads\/docs\/folha\/2018\/08.pdf\" target=\"_blank\" rel=\"noopener noreferrer\">Agosto<\/a><br \/>\n<a href=\"..\/wp-content\/uploads\/docs\/folha\/2018\/09.pdf\" target=\"_blank\" rel=\"noopener noreferrer\">Setembro<\/a><br \/>\n<a href=\"..\/wp-content\/uploads\/docs\/folha\/2018\/10.pdf\" target=\"_blank\" rel=\"noopener noreferrer\">Outubro<\/a><br \/>\n<a href=\"..\/wp-content\/uploads\/docs\/folha\/2018\/11.pdf\" target=\"_blank\" rel=\"noopener noreferrer\">Novembro<\/a><br \/>\n<a href=\"..\/wp-content\/uploads\/docs\/folha\/2018\/12.pdf\" target=\"_blank\" rel=\"noopener noreferrer\">Dezembro<\/a><br \/>\n<a href=\"..\/wp-content\/uploads\/docs\/folha\/2018\/13_1.pdf\" target=\"_blank\" rel=\"noopener noreferrer\">13\u00b0 &#8211; 1\u00aa parcela<\/a><br \/>\n<a href=\"..\/wp-content\/uploads\/docs\/folha\/2018\/13_2.pdf\" target=\"_blank\" rel=\"noopener noreferrer\">13\u00b0 &#8211; 2\u00aa parcela<\/a><br \/>\n<a href=\"..\/wp-content\/uploads\/docs\/folha\/2018\/FolhaFeriasKessiane.pdf\" target=\"_blank\" rel=\"noopener noreferrer\">Folha F\u00e9rias Kessiane<\/a><br \/>\n<a href=\"..\/wp-content\/uploads\/docs\/folha\/2018\/FolhaFeriasMaria.pdf\" target=\"_blank\" rel=\"noopener noreferrer\">Folha F\u00e9rias Maria<\/a><\/p>\n<h3>2017<\/h3>\n<p><a href=\"..\/wp-content\/uploads\/docs\/folha\/2017\/01.pdf\" target=\"_blank\" rel=\"noopener noreferrer\">Janeiro<\/a><br \/>\n<a href=\"..\/wp-content\/uploads\/docs\/folha\/2017\/02.pdf\" target=\"_blank\" rel=\"noopener noreferrer\">Fevereiro<\/a><br \/>\n<a href=\"..\/wp-content\/uploads\/docs\/folha\/2017\/03.pdf\" target=\"_blank\" rel=\"noopener noreferrer\">Mar\u00e7o<\/a><br \/>\n<a href=\"..\/wp-content\/uploads\/docs\/folha\/2017\/04.pdf\" target=\"_blank\" rel=\"noopener noreferrer\">Abril<\/a><br \/>\n<a href=\"..\/wp-content\/uploads\/docs\/folha\/2017\/05.pdf\" target=\"_blank\" rel=\"noopener noreferrer\">Maio<\/a><br \/>\n<a href=\"..\/wp-content\/uploads\/docs\/folha\/2017\/06.pdf\" target=\"_blank\" rel=\"noopener noreferrer\">Junho<\/a><br \/>\n<a href=\"..\/wp-content\/uploads\/docs\/folha\/2017\/07.pdf\" target=\"_blank\" rel=\"noopener noreferrer\">Julho<\/a><br \/>\n<a href=\"..\/wp-content\/uploads\/docs\/folha\/2017\/10.pdf\" target=\"_blank\" rel=\"noopener noreferrer\">Outubro<\/a><br \/>\n<a href=\"..\/wp-content\/uploads\/docs\/folha\/2017\/11.pdf\" target=\"_blank\" rel=\"noopener noreferrer\">Novembro<\/a><br \/>\n<a href=\"..\/wp-content\/uploads\/docs\/folha\/2017\/12.pdf\" target=\"_blank\" rel=\"noopener noreferrer\">Dezembro<\/a><br \/>\n<a href=\"..\/wp-content\/uploads\/docs\/folha\/2017\/13_1.pdf\" target=\"_blank\" rel=\"noopener noreferrer\">13\u00b0 &#8211; 1\u00aa parcela<\/a><br \/>\n<a href=\"..\/wp-content\/uploads\/docs\/folha\/2017\/13_2.pdf\" target=\"_blank\" rel=\"noopener noreferrer\">13\u00b0 &#8211; 2\u00aa parcela<\/a><br \/>\n<a href=\"..\/wp-content\/uploads\/docs\/folha\/2017\/FolhaFeriasKessiane.pdf\" target=\"_blank\" rel=\"noopener noreferrer\">Folha F\u00e9rias Kessiane<\/a><\/p>\n<h3>2016<\/h3>\n<p><a href=\"..\/wp-content\/uploads\/docs\/folha\/2016\/1t.pdf\" target=\"_blank\" rel=\"noopener noreferrer\">Folha 1\u00b0 Trimestre<\/a><br \/>\n<a href=\"..\/wp-content\/uploads\/docs\/folha\/2016\/2t.pdf\" target=\"_blank\" rel=\"noopener noreferrer\">Folha 2\u00b0 Trimestre<\/a><br \/>\n<a href=\"..\/wp-content\/uploads\/docs\/folha\/2016\/3t.pdf\" target=\"_blank\" rel=\"noopener noreferrer\">Folha 3\u00b0 Trimestre<\/a><br \/>\n<a href=\"..\/wp-content\/uploads\/docs\/folha\/2016\/4t.pdf\" target=\"_blank\" rel=\"noopener noreferrer\">Folha 4\u00b0 Trimestre<\/a><br \/>\n<a href=\"http:\/\/corecon-pi.org.br\/wp-content\/uploads\/arquivos\/pdf-24.pdf\" target=\"_blank\" rel=\"noopener noreferrer\">Quadro de Pessoal e Remunera\u00e7\u00f5es<\/a><\/p>\n<h3>2015<\/h3>\n<p><a href=\"..\/wp-content\/uploads\/docs\/folha\/2015\/1t.pdf\" target=\"_blank\" rel=\"noopener noreferrer\">Folha 1\u00b0 Trimestre<\/a><br \/>\n<a href=\"..\/wp-content\/uploads\/docs\/folha\/2015\/2t.pdf\" target=\"_blank\" rel=\"noopener noreferrer\">Folha 2\u00b0 Trimestre<\/a><br \/>\n<a href=\"..\/wp-content\/uploads\/docs\/folha\/2015\/3t.pdf\" target=\"_blank\" rel=\"noopener noreferrer\">Folha 3\u00b0 Trimestre<\/a><br \/>\n<a href=\"..\/wp-content\/uploads\/docs\/folha\/2015\/4t.pdf\" target=\"_blank\" rel=\"noopener noreferrer\">Folha 4\u00b0 Trimestre<\/a><br \/>\n<a href=\"http:\/\/corecon-pi.org.br\/wp-content\/uploads\/arquivos\/pdf-31.pdf\" target=\"_blank\" rel=\"noopener noreferrer\">Quadro de Pessoal e Remunera\u00e7\u00f5es<\/a><\/p>\n<h3>2014<\/h3>\n<p><a href=\"http:\/\/corecon-pi.org.br\/wp-content\/uploads\/arquivos\/pdf-30.pdf\" target=\"_blank\" rel=\"noopener noreferrer\">Quadro de Pessoal e Remunera\u00e7\u00f5es<\/a><\/p>\n","protected":false},"excerpt":{"rendered":"<p>2023 Janeiro Fevereiro Mar\u00e7o Abril Maio Junho Julho Agosto Setembro Outubro Novembro 2022 Janeiro Fevereiro Mar\u00e7o Abril Maio Junho Julho Agosto Setembro Outubro Novembro Dezembro Folha F\u00e9rias Maria 13\u00b0 &#8211; 1\u00aa parcela 13\u00b0 &#8211; 2\u00aa parcela 13\u00b0 &#8211; 1\u00aa parcela &#8211; Recibo Folha F\u00e9rias Kessiane 2021 Janeiro Fevereiro Mar\u00e7o Abril Maio Junho Julho Agosto Setembro &hellip; <a href=\"https:\/\/corecon-pi.org.br\/transparencia\/folhas-de-pagamento\/\" class=\"more-link\">Continue reading <span class=\"screen-reader-text\">Folhas de Pagamento<\/span><\/a><\/p>\n","protected":false},"author":2,"featured_media":0,"parent":0,"menu_order":0,"comment_status":"closed","ping_status":"closed","template":"","meta":{"footnotes":""},"class_list":["post-57","page","type-page","status-publish","hentry"],"_links":{"self":[{"href":"https:\/\/corecon-pi.org.br\/transparencia\/wp-json\/wp\/v2\/pages\/57","targetHints":{"allow":["GET"]}}],"collection":[{"href":"https:\/\/corecon-pi.org.br\/transparencia\/wp-json\/wp\/v2\/pages"}],"about":[{"href":"https:\/\/corecon-pi.org.br\/transparencia\/wp-json\/wp\/v2\/types\/page"}],"author":[{"embeddable":true,"href":"https:\/\/corecon-pi.org.br\/transparencia\/wp-json\/wp\/v2\/users\/2"}],"replies":[{"embeddable":true,"href":"https:\/\/corecon-pi.org.br\/transparencia\/wp-json\/wp\/v2\/comments?post=57"}],"version-history":[{"count":16,"href":"https:\/\/corecon-pi.org.br\/transparencia\/wp-json\/wp\/v2\/pages\/57\/revisions"}],"predecessor-version":[{"id":694,"href":"https:\/\/corecon-pi.org.br\/transparencia\/wp-json\/wp\/v2\/pages\/57\/revisions\/694"}],"wp:attachment":[{"href":"https:\/\/corecon-pi.org.br\/transparencia\/wp-json\/wp\/v2\/media?parent=57"}],"curies":[{"name":"wp","href":"https:\/\/api.w.org\/{rel}","templated":true}]}}