{"id":549,"date":"2023-02-11T11:57:46","date_gmt":"2023-02-11T14:57:46","guid":{"rendered":"https:\/\/corecon-pi.org.br\/transparencia\/?page_id=549"},"modified":"2023-12-06T18:04:26","modified_gmt":"2023-12-06T21:04:26","slug":"portarias-2023","status":"publish","type":"page","link":"https:\/\/corecon-pi.org.br\/transparencia\/atos-normativos\/portarias-2023\/","title":{"rendered":"Portarias 2023"},"content":{"rendered":"<div align=\"right\"><a class=\"btn btn-primary btn-lg\" href=\"atos-normativos\" type=\"button\">Voltar<\/a><\/div>\n<p>&nbsp;<\/p>\n<div class=\"table-responsive-sm\">\n<table style=\"width: 100%;\" border=\"0\" align=\"center\">\n<tbody>\n<tr style=\"height: 70px;\">\n<th style=\"background-color: #333399; color: #ffffff; height: 70px; text-align: center;\">\n<p align=\"center\"><strong>PORTARIAS<\/strong><\/p>\n<\/th>\n<\/tr>\n<tr style=\"height: 486px;\">\n<td style=\"height: 486px; background-color: #f5f5f5; vertical-align: text-top;\">\n<p align=\"center\"><span style=\"color: #008080;\"><strong>2023<\/strong><\/span><\/p>\n<table>\n<tbody>\n<tr>\n<td style=\"width: 70px;\"><strong><span style=\"color: #666699;\">N\u00b0<\/span><\/strong><\/td>\n<td><span style=\"color: #666699;\"><strong>Descri\u00e7\u00e3o<\/strong><\/span><\/td>\n<\/tr>\n<tr>\n<td>001<\/td>\n<td><a href=\"..\/..\/wp-content\/uploads\/docs\/portarias\/2023\/1.pdf\" target=\"_blank\" rel=\"noopener noreferrer\">Nomear, em Fun\u00e7\u00e3o, Gerencia Executiva.<\/a><\/td>\n<\/tr>\n<tr>\n<td>002<\/td>\n<td><a href=\"..\/..\/wp-content\/uploads\/docs\/portarias\/2023\/2.pdf\" target=\"_blank\" rel=\"noopener noreferrer\">Designa a funcion\u00e1ria Maria do Esp\u00edrito Santo Gon\u00e7alves de Oliveira Silva para responder, no per\u00edodo de 02\/01\/2023 a 31\/12\/2023, pela Tesouraria.<\/a><\/td>\n<\/tr>\n<tr>\n<td>003<\/td>\n<td><a href=\"..\/..\/wp-content\/uploads\/docs\/portarias\/2023\/3.pdf\" target=\"_blank\" rel=\"noopener noreferrer\">Nomeia Comiss\u00e3o de Tomada de Contas.<\/a><\/td>\n<\/tr>\n<tr>\n<td>004<\/td>\n<td><a href=\"..\/..\/wp-content\/uploads\/docs\/portarias\/2023\/4.pdf\" target=\"_blank\" rel=\"noopener noreferrer\">Nomeia a Comiss\u00e3o de Licita\u00e7\u00e3o.<\/a><\/td>\n<\/tr>\n<tr>\n<td>005<\/td>\n<td><a href=\"..\/..\/wp-content\/uploads\/docs\/portarias\/2023\/5.pdf\" target=\"_blank\" rel=\"noopener noreferrer\">Designa composi\u00e7\u00e3o da Comiss\u00e3o de Fiscaliza\u00e7\u00e3o.<\/a><\/td>\n<\/tr>\n<tr>\n<td>006<\/td>\n<td><a href=\"..\/..\/wp-content\/uploads\/docs\/portarias\/2023\/6.pdf\" target=\"_blank\" rel=\"noopener noreferrer\">Nomeia a Comiss\u00e3o de Rela\u00e7\u00e3o Institucional.<\/a><\/td>\n<\/tr>\n<tr>\n<td>007<\/td>\n<td><a href=\"..\/..\/wp-content\/uploads\/docs\/portarias\/2023\/7.pdf\" target=\"_blank\" rel=\"noopener noreferrer\">Reajusta o valor das di\u00e1rias.<\/a><\/td>\n<\/tr>\n<tr>\n<td>008<\/td>\n<td><a href=\"..\/..\/wp-content\/uploads\/docs\/portarias\/2023\/8.pdf\" target=\"_blank\" rel=\"noopener noreferrer\">Designa Agentes de Contrata\u00e7\u00e3o, Equipe de apoio, Pregoeiros Oficiais e respons\u00e1veis pela condu\u00e7\u00e3o de procedimentos de Dispensa Eletr\u00f4nica por meio do Portal de Compras do Governo Federal.<\/a><\/td>\n<\/tr>\n<\/tbody>\n<\/table>\n<\/td>\n<\/tr>\n<\/tbody>\n<\/table>\n<\/div>\n","protected":false},"excerpt":{"rendered":"<p>Voltar &nbsp; PORTARIAS 2023 N\u00b0 Descri\u00e7\u00e3o 001 Nomear, em Fun\u00e7\u00e3o, Gerencia Executiva. 002 Designa a funcion\u00e1ria Maria do Esp\u00edrito Santo Gon\u00e7alves de Oliveira Silva para responder, no per\u00edodo de 02\/01\/2023 a 31\/12\/2023, pela Tesouraria. 003 Nomeia Comiss\u00e3o de Tomada de Contas. 004 Nomeia a Comiss\u00e3o de Licita\u00e7\u00e3o. 005 Designa composi\u00e7\u00e3o da Comiss\u00e3o de Fiscaliza\u00e7\u00e3o. 006 &hellip; <a href=\"https:\/\/corecon-pi.org.br\/transparencia\/atos-normativos\/portarias-2023\/\" class=\"more-link\">Continue reading <span class=\"screen-reader-text\">Portarias 2023<\/span><\/a><\/p>\n","protected":false},"author":2,"featured_media":0,"parent":47,"menu_order":0,"comment_status":"closed","ping_status":"closed","template":"","meta":{"footnotes":""},"class_list":["post-549","page","type-page","status-publish","hentry"],"_links":{"self":[{"href":"https:\/\/corecon-pi.org.br\/transparencia\/wp-json\/wp\/v2\/pages\/549","targetHints":{"allow":["GET"]}}],"collection":[{"href":"https:\/\/corecon-pi.org.br\/transparencia\/wp-json\/wp\/v2\/pages"}],"about":[{"href":"https:\/\/corecon-pi.org.br\/transparencia\/wp-json\/wp\/v2\/types\/page"}],"author":[{"embeddable":true,"href":"https:\/\/corecon-pi.org.br\/transparencia\/wp-json\/wp\/v2\/users\/2"}],"replies":[{"embeddable":true,"href":"https:\/\/corecon-pi.org.br\/transparencia\/wp-json\/wp\/v2\/comments?post=549"}],"version-history":[{"count":3,"href":"https:\/\/corecon-pi.org.br\/transparencia\/wp-json\/wp\/v2\/pages\/549\/revisions"}],"predecessor-version":[{"id":699,"href":"https:\/\/corecon-pi.org.br\/transparencia\/wp-json\/wp\/v2\/pages\/549\/revisions\/699"}],"up":[{"embeddable":true,"href":"https:\/\/corecon-pi.org.br\/transparencia\/wp-json\/wp\/v2\/pages\/47"}],"wp:attachment":[{"href":"https:\/\/corecon-pi.org.br\/transparencia\/wp-json\/wp\/v2\/media?parent=549"}],"curies":[{"name":"wp","href":"https:\/\/api.w.org\/{rel}","templated":true}]}}