{"id":547,"date":"2023-02-11T11:52:04","date_gmt":"2023-02-11T14:52:04","guid":{"rendered":"https:\/\/corecon-pi.org.br\/transparencia\/?page_id=547"},"modified":"2023-12-06T18:08:49","modified_gmt":"2023-12-06T21:08:49","slug":"resolucoes-2023","status":"publish","type":"page","link":"https:\/\/corecon-pi.org.br\/transparencia\/atos-normativos\/resolucoes-2023\/","title":{"rendered":"Resolu\u00e7\u00f5es 2023"},"content":{"rendered":"<div align=\"right\"><a class=\"btn btn-primary btn-lg\" href=\"atos-normativos\" type=\"button\">Voltar<\/a><\/div>\n<p>&nbsp;<\/p>\n<div class=\"table-responsive-sm\">\n<table style=\"width: 100%;\" border=\"0\" align=\"center\">\n<tbody>\n<tr style=\"height: 70px;\">\n<th style=\"background-color: #333399; color: #ffffff; height: 70px; text-align: center;\">\n<p align=\"center\"><strong>RESOLU\u00c7\u00d5ES<\/strong><\/p>\n<\/th>\n<\/tr>\n<tr style=\"height: 486px;\">\n<td style=\"height: 486px; background-color: #f5f5f5; vertical-align: text-top;\">\n<p align=\"center\"><span style=\"color: #008080;\"><strong>2023<\/strong><\/span><\/p>\n<table><!-- style=\"height: 626px;\" --><\/p>\n<tbody>\n<tr>\n<td style=\"width: 70px;\"><strong><span style=\"color: #666699;\">N\u00b0<\/span><\/strong><\/td>\n<td><span style=\"color: #666699;\"><strong>Descri\u00e7\u00e3o<\/strong><\/span><\/td>\n<\/tr>\n<tr>\n<td>1<\/td>\n<td><a href=\"..\/..\/wp-content\/uploads\/docs\/resolucoes\/2023\/1.pdf\" target=\"_blank\" rel=\"noopener noreferrer\">Deferimento de registro ativo com desconto<\/a><\/td>\n<\/tr>\n<tr>\n<td>2<\/td>\n<td><a href=\"..\/..\/wp-content\/uploads\/docs\/resolucoes\/2023\/2.pdf\" target=\"_blank\" rel=\"noopener noreferrer\">Deferimento de processos de registro<\/a><\/td>\n<\/tr>\n<tr>\n<td>3<\/td>\n<td><a href=\"..\/..\/wp-content\/uploads\/docs\/resolucoes\/2023\/3.pdf\" target=\"_blank\" rel=\"noopener noreferrer\">Aprova Presta\u00e7\u00e3o de Contas do exerc\u00edcio de 2022<\/a><\/td>\n<\/tr>\n<tr>\n<td>4<\/td>\n<td><a href=\"..\/..\/wp-content\/uploads\/docs\/resolucoes\/2023\/4.pdf\" target=\"_blank\" rel=\"noopener noreferrer\">Disp\u00f5e sobre o IX Programa Nacional de Recupera\u00e7\u00e3o de Cr\u00e9ditos<\/a><\/td>\n<\/tr>\n<tr>\n<td>5<\/td>\n<td><a href=\"..\/..\/wp-content\/uploads\/docs\/resolucoes\/2023\/5.pdf\" target=\"_blank\" rel=\"noopener noreferrer\">Deferimento de processos de registro<\/a><\/td>\n<\/tr>\n<tr>\n<td>6<\/td>\n<td><a href=\"..\/..\/wp-content\/uploads\/docs\/resolucoes\/2023\/6.pdf\" target=\"_blank\" rel=\"noopener noreferrer\">Deferimento de processos de registro<\/a><\/td>\n<\/tr>\n<tr>\n<td>7<\/td>\n<td><a href=\"..\/..\/wp-content\/uploads\/docs\/resolucoes\/2023\/7.pdf\" target=\"_blank\" rel=\"noopener noreferrer\">Aprovar o Balancete do 1\u00b0 Trimestre de 2023<\/a><\/td>\n<\/tr>\n<tr>\n<td>8<\/td>\n<td><a href=\"..\/..\/wp-content\/uploads\/docs\/resolucoes\/2023\/8.pdf\" target=\"_blank\" rel=\"noopener noreferrer\">Deferimento de processos de registro<\/a><\/td>\n<\/tr>\n<tr>\n<td>9<\/td>\n<td><a href=\"..\/..\/wp-content\/uploads\/docs\/resolucoes\/2023\/9.pdf\" target=\"_blank\" rel=\"noopener noreferrer\">Processos de registro<\/a><\/td>\n<\/tr>\n<tr>\n<td>10<\/td>\n<td><a href=\"..\/..\/wp-content\/uploads\/docs\/resolucoes\/2023\/10.pdf\" target=\"_blank\" rel=\"noopener noreferrer\">Disp\u00f5e sobre a modalidade de vota\u00e7\u00e3o exclusivamente Eletr\u00f4nica, e a composi\u00e7\u00e3o da Comiss\u00e3o Eleitoral<\/a><\/td>\n<\/tr>\n<tr>\n<td>11<\/td>\n<td><a href=\"..\/..\/wp-content\/uploads\/docs\/resolucoes\/2023\/11.pdf\" target=\"_blank\" rel=\"noopener noreferrer\">Processos de registro<\/a><\/td>\n<\/tr>\n<tr>\n<td>12<\/td>\n<td><a href=\"..\/..\/wp-content\/uploads\/docs\/resolucoes\/2023\/12.pdf\" target=\"_blank\" rel=\"noopener noreferrer\">Balancete do 2\u00b0 Trimestre de 2023<\/a><\/td>\n<\/tr>\n<tr>\n<td>13<\/td>\n<td><a href=\"..\/..\/wp-content\/uploads\/docs\/resolucoes\/2023\/13.pdf\" target=\"_blank\" rel=\"noopener noreferrer\">Processos de registro<\/a><\/td>\n<\/tr>\n<tr>\n<td>14<\/td>\n<td><a href=\"..\/..\/wp-content\/uploads\/docs\/resolucoes\/2023\/14.pdf\" target=\"_blank\" rel=\"noopener noreferrer\">Processos de registro<\/a><\/td>\n<\/tr>\n<tr>\n<td>15<\/td>\n<td><a href=\"..\/..\/wp-content\/uploads\/docs\/resolucoes\/2023\/15.pdf\" target=\"_blank\" rel=\"noopener noreferrer\">Processos de registro<\/a><\/td>\n<\/tr>\n<tr>\n<td>16<\/td>\n<td><a href=\"..\/..\/wp-content\/uploads\/docs\/resolucoes\/2023\/16.pdf\" target=\"_blank\" rel=\"noopener noreferrer\">Anuidades e Emolumentos para o exerc\u00edcio de 2024<\/a><\/td>\n<\/tr>\n<tr>\n<td>17<\/td>\n<td><a href=\"..\/..\/wp-content\/uploads\/docs\/resolucoes\/2023\/17.pdf\" target=\"_blank\" rel=\"noopener noreferrer\">Balancete do 3\u00b0 Trimestre de 2023<\/a><\/td>\n<\/tr>\n<\/tbody>\n<\/table>\n<\/td>\n<\/tr>\n<\/tbody>\n<\/table>\n<\/div>\n","protected":false},"excerpt":{"rendered":"<p>Voltar &nbsp; RESOLU\u00c7\u00d5ES 2023 N\u00b0 Descri\u00e7\u00e3o 1 Deferimento de registro ativo com desconto 2 Deferimento de processos de registro 3 Aprova Presta\u00e7\u00e3o de Contas do exerc\u00edcio de 2022 4 Disp\u00f5e sobre o IX Programa Nacional de Recupera\u00e7\u00e3o de Cr\u00e9ditos 5 Deferimento de processos de registro 6 Deferimento de processos de registro 7 Aprovar o Balancete &hellip; <a href=\"https:\/\/corecon-pi.org.br\/transparencia\/atos-normativos\/resolucoes-2023\/\" class=\"more-link\">Continue reading <span class=\"screen-reader-text\">Resolu\u00e7\u00f5es 2023<\/span><\/a><\/p>\n","protected":false},"author":2,"featured_media":0,"parent":47,"menu_order":0,"comment_status":"closed","ping_status":"closed","template":"","meta":{"footnotes":""},"class_list":["post-547","page","type-page","status-publish","hentry"],"_links":{"self":[{"href":"https:\/\/corecon-pi.org.br\/transparencia\/wp-json\/wp\/v2\/pages\/547","targetHints":{"allow":["GET"]}}],"collection":[{"href":"https:\/\/corecon-pi.org.br\/transparencia\/wp-json\/wp\/v2\/pages"}],"about":[{"href":"https:\/\/corecon-pi.org.br\/transparencia\/wp-json\/wp\/v2\/types\/page"}],"author":[{"embeddable":true,"href":"https:\/\/corecon-pi.org.br\/transparencia\/wp-json\/wp\/v2\/users\/2"}],"replies":[{"embeddable":true,"href":"https:\/\/corecon-pi.org.br\/transparencia\/wp-json\/wp\/v2\/comments?post=547"}],"version-history":[{"count":9,"href":"https:\/\/corecon-pi.org.br\/transparencia\/wp-json\/wp\/v2\/pages\/547\/revisions"}],"predecessor-version":[{"id":700,"href":"https:\/\/corecon-pi.org.br\/transparencia\/wp-json\/wp\/v2\/pages\/547\/revisions\/700"}],"up":[{"embeddable":true,"href":"https:\/\/corecon-pi.org.br\/transparencia\/wp-json\/wp\/v2\/pages\/47"}],"wp:attachment":[{"href":"https:\/\/corecon-pi.org.br\/transparencia\/wp-json\/wp\/v2\/media?parent=547"}],"curies":[{"name":"wp","href":"https:\/\/api.w.org\/{rel}","templated":true}]}}