{"id":522,"date":"2022-12-03T12:14:29","date_gmt":"2022-12-03T15:14:29","guid":{"rendered":"https:\/\/corecon-pi.org.br\/transparencia\/?page_id=522"},"modified":"2023-06-17T15:35:18","modified_gmt":"2023-06-17T18:35:18","slug":"editais-e-resultados-2022","status":"publish","type":"page","link":"https:\/\/corecon-pi.org.br\/transparencia\/editais-e-resultados\/editais-e-resultados-2022\/","title":{"rendered":"Editais e Resultados 2022"},"content":{"rendered":"\t\t<div data-elementor-type=\"wp-page\" data-elementor-id=\"522\" class=\"elementor elementor-522\">\n\t\t\t\t\t\t<section class=\"elementor-section elementor-top-section elementor-element elementor-element-eb1bfc7 elementor-section-boxed elementor-section-height-default elementor-section-height-default\" data-id=\"eb1bfc7\" data-element_type=\"section\">\n\t\t\t\t\t\t<div class=\"elementor-container elementor-column-gap-default\">\n\t\t\t\t\t<div class=\"elementor-column elementor-col-100 elementor-top-column elementor-element elementor-element-ebb39d2\" data-id=\"ebb39d2\" data-element_type=\"column\">\n\t\t\t<div class=\"elementor-widget-wrap elementor-element-populated\">\n\t\t\t\t\t\t<div class=\"elementor-element elementor-element-2eb7a9b elementor-widget elementor-widget-text-editor\" data-id=\"2eb7a9b\" data-element_type=\"widget\" data-widget_type=\"text-editor.default\">\n\t\t\t\t<div class=\"elementor-widget-container\">\n\t\t\t\t\t\t\t\t\t<p><span style=\"color: #000000;\"><strong>OBJETO:<\/strong>&nbsp;COMPRA DE UMA SMART TV 50\u201d CRYSTAL 4K SAMSUNG 50AU7700 50&#8243; (Placa n\u00ba. 187)<\/span><br><span style=\"color: #000000;\"><strong>MODALIDADE<\/strong>: CONVITE (ART. 23, II, A, DA LEI N\u00ba. 8.666\/63, ATUALIZADA PELO DECRETO N\u00b0. 9.412\/2018)<\/span><br><span style=\"color: #000000;\"><strong>AVISO<\/strong>: O CORECON- PI \u00e9 uma entidade qualificada como autarquia federal, e como tal, est\u00e1 sujeita \u00e0 obrigatoriedade de realizar o devido procedimento licitat\u00f3rio para a aquisi\u00e7\u00e3o de bens e servi\u00e7os dos quais necessitar, consoante estabelece o art. 37, XXI da CRFB e a Lei n\u00ba 8.666\/93.<\/span><br><span style=\"color: #000000;\">Os servi\u00e7os ora requeridos dever\u00e3o ser contratados e executados de acordo com resumo da&nbsp;<a style=\"color: #000000;\" href=\"https:\/\/corecon-pi.org.br\/transparencia\/wp-content\/uploads\/docs\/licitacoes\/editais-resultados\/2021\/COTACAOPRECOS-INSTALACAO.pdf\">COLETA DE COTA\u00c7\u00c3O DE PRE\u00c7OS<\/a>, elaborado pela Comiss\u00e3o de Licita\u00e7\u00e3o do CORECON\/PI.<\/span><br><span style=\"color: #000000;\"><strong>RESULTADO&nbsp;<\/strong>em 09\/09\/2022, empresa vencedora&nbsp;<strong>MAGALU LTDA<\/strong><\/span><\/p>\n<hr>\n<p><span style=\"color: #000000;\"><strong>OBJETO:<\/strong>&nbsp;CONTRATA\u00c7\u00c3O DA PRESTA\u00c7\u00c3O DE SERVI\u00c7OS PARA FORNECIMENTO E CONFEC\u00c7\u00c3O DE M\u00d3VEIS EMBUTIDOS E MODULADOS, SOB MEDIDA, BEM COMO MONTAGEM E ASSIST\u00caNCIA T\u00c9CNICA DURANTE O PER\u00cdODO DE GARANTIA<\/span><br><span style=\"color: #000000;\"><strong>MODALIDADE<\/strong>: TOMADA DE PRE\u00c7O, CONFORME O INCISO II DO ARTIGO 23, DA LEI 8.666\/93, ATUALIZADA PELO DECRETO N\u00b0. 9.412\/2018<\/span><br><span style=\"color: #000000;\"><strong>AVISO<\/strong>: O CORECON- PI \u00e9 uma entidade qualificada como autarquia federal, e como tal, est\u00e1 sujeita \u00e0 obrigatoriedade de realizar o devido procedimento licitat\u00f3rio para a aquisi\u00e7\u00e3o de bens e servi\u00e7os dos quais necessitar, consoante estabelece o art. 37, XXI da CRFB e a Lei n\u00ba 8.666\/93.<\/span><br><span style=\"color: #000000;\"><strong>RESULTADO&nbsp;<\/strong>em 24\/10\/2022, empresa contratada, por 60 (sessenta) dias para entrega e montagem dos m\u00f3veis, e 05 (cinco) anos para fabrica\u00e7\u00e3o, e reposi\u00e7\u00e3o de vendas foi <strong>FRANCISCO OLIVEIRA SOUSA SOBRINHO<\/strong><\/span><br><span style=\"color: #000000;\"><strong> (<\/strong><strong>CNPJ:<\/strong><strong>14.806.494\/0001-00)<\/strong><\/span><\/p>\n<hr>\n<p><span style=\"color: #000000;\"><strong>OBJETO:<\/strong>&nbsp;COMPRA DE UM COMPUTADOR ALL IN ONE (Placa n\u00ba. 188)<\/span><br><span style=\"color: #000000;\"><strong>MODALIDADE<\/strong>: PROJETO DE MODERNIZA\u00c7\u00c3O TECNOL\u00d3GICA amparado pela Resolu\u00e7\u00e3o 2.112\/2022 do COFECON<\/span><br><span style=\"color: #000000;\"><strong>AVISO<\/strong>: O CORECON- PI \u00e9 uma entidade qualificada como autarquia federal, e como tal, est\u00e1 sujeita \u00e0 obrigatoriedade de realizar o devido procedimento licitat\u00f3rio para a aquisi\u00e7\u00e3o de bens e servi\u00e7os dos quais necessitar, consoante estabelece o art. 37, XXI da CRFB e a Lei n\u00ba 8.666\/93.<\/span><br><span style=\"color: #000000;\">Os servi\u00e7os ora requeridos foram contratados e executados de acordo com Projeto de Moderniza\u00e7\u00e3o Tecnol\u00f3gica n\u00ba. 168a\/2022AD<\/span><br><span style=\"color: #000000;\"><strong>RESULTADO&nbsp;<\/strong>em 26\/10\/2022, empresa vencedora&nbsp;<strong>AMERICANAS S\/A<\/strong><\/span><\/p>\n<hr>\n<p><span style=\"color: #000000;\"><strong>OBJETO:<\/strong>&nbsp;COMPRA DE DOIS COMPUTADORES DESKTOP DELL VOSTRO (Placas n\u00ba. 189 e 190)<\/span><br><span style=\"color: #000000;\"><strong>MODALIDADE<\/strong>: PROJETO DE MODERNIZA\u00c7\u00c3O TECNOL\u00d3GICA amparado pela Resolu\u00e7\u00e3o 2.112\/2022 do COFECON<\/span><br><span style=\"color: #000000;\"><strong>AVISO<\/strong>: O CORECON- PI \u00e9 uma entidade qualificada como autarquia federal, e como tal, est\u00e1 sujeita \u00e0 obrigatoriedade de realizar o devido procedimento licitat\u00f3rio para a aquisi\u00e7\u00e3o de bens e servi\u00e7os dos quais necessitar, consoante estabelece o art. 37, XXI da CRFB e a Lei n\u00ba 8.666\/93.<\/span><br><span style=\"color: #000000;\">Os servi\u00e7os ora requeridos foram contratados e executados de acordo com Projeto de Moderniza\u00e7\u00e3o Tecnol\u00f3gica n\u00ba. 168a\/2022AD<\/span><br><span style=\"color: #000000;\"><strong>RESULTADO&nbsp;<\/strong>em 22\/11\/2022, empresa vencedora&nbsp;<strong>AMERICANAS S\/A<\/strong><\/span><\/p>\n<div>\n<p style=\"background-image: initial; background-position: initial; background-size: initial; background-repeat: initial; background-attachment: initial; background-origin: initial; background-clip: initial;\"><span style=\"color: #000000;\"><strong><span style=\"font-family: Arial, sans-serif; padding: 0cm; border: 1pt none windowtext;\">OBJETO:<\/span><\/strong><span style=\"font-family: Arial, sans-serif;\">&nbsp;COMPRA DE HD EXTERNO 500Gb SOMNAMBUTILIST (Placas n\u00ba. 191)<br><strong><span style=\"font-family: Arial, sans-serif; padding: 0cm; border: 1pt none windowtext;\">MODALIDADE<\/span><\/strong>: PROJETO DE MODERNIZA\u00c7\u00c3O TECNOL\u00d3GICA amparado pela Resolu\u00e7\u00e3o 2.112\/2022 do COFECON<br><strong><span style=\"font-family: Arial, sans-serif; padding: 0cm; border: 1pt none windowtext;\">AVISO<\/span><\/strong>: O CORECON- PI \u00e9 uma entidade qualificada como autarquia federal, e como tal, est\u00e1 sujeita \u00e0 obrigatoriedade de realizar o devido procedimento licitat\u00f3rio para a aquisi\u00e7\u00e3o de bens e servi\u00e7os dos quais necessitar, consoante estabelece o art. 37, XXI da CRFB e a Lei n\u00ba 8.666\/93.<br>Os servi\u00e7os ora requeridos foram contratados e executados de acordo com Projeto de Moderniza\u00e7\u00e3o Tecnol\u00f3gica n\u00ba. 168a\/2022AD<br><strong><span style=\"font-family: Arial, sans-serif; padding: 0cm; border: 1pt none windowtext;\">RESULTADO&nbsp;<\/span><\/strong>em 23\/11\/2022, empresa vencedora&nbsp;<strong><span style=\"font-family: Arial, sans-serif; padding: 0cm; border: 1pt none windowtext;\">AMERICANAS S\/A<\/span><\/strong><\/span><\/span><\/p>\n<p style=\"background-image: initial; background-position: initial; background-size: initial; background-repeat: initial; background-attachment: initial; background-origin: initial; background-clip: initial;\"><span style=\"color: #000000;\"><strong style=\"font-size: 19px;\"><span style=\"font-family: Arial, sans-serif; padding: 0cm; border: 1pt none windowtext;\">OBJETO:<\/span><\/strong><span style=\"font-family: Arial, sans-serif; font-size: 19px;\">&nbsp;COMPRA DE DUAS WEBCAMS C3TECH (Placas n\u00ba. 192 e 193)<br><\/span><strong style=\"font-family: Arial, sans-serif; font-size: 19px;\"><span style=\"font-family: Arial, sans-serif; padding: 0cm; border: 1pt none windowtext;\">MODALIDADE<\/span><\/strong><span style=\"font-family: Arial, sans-serif; font-size: 19px;\">: PROJETO DE MODERNIZA\u00c7\u00c3O TECNOL\u00d3GICA amparado pela Resolu\u00e7\u00e3o 2.112\/2022 do COFECON<br><\/span><strong style=\"font-family: Arial, sans-serif; font-size: 19px;\"><span style=\"font-family: Arial, sans-serif; padding: 0cm; border: 1pt none windowtext;\">AVISO<\/span><\/strong><span style=\"font-family: Arial, sans-serif; font-size: 19px;\">: O CORECON- PI \u00e9 uma entidade qualificada como autarquia federal, e como tal, est\u00e1 sujeita \u00e0 obrigatoriedade de realizar o devido procedimento licitat\u00f3rio para a aquisi\u00e7\u00e3o de bens e servi\u00e7os dos quais necessitar, consoante estabelece o art. 37, XXI da CRFB e a Lei n\u00ba 8.666\/93.<br><\/span><span style=\"font-family: Arial, sans-serif; font-size: 19px;\">Os servi\u00e7os ora requeridos foram contratados e executados de acordo com Projeto de Moderniza\u00e7\u00e3o Tecnol\u00f3gica n\u00ba. 168a\/2022AD<br><\/span><strong style=\"font-family: Arial, sans-serif; font-size: 19px;\"><span style=\"font-family: Arial, sans-serif; padding: 0cm; border: 1pt none windowtext;\">RESULTADO&nbsp;<\/span><\/strong><span style=\"font-family: Arial, sans-serif; font-size: 19px;\">em 23\/11\/2022, empresa vencedora&nbsp;<\/span><strong style=\"font-family: Arial, sans-serif; font-size: 19px;\"><span style=\"font-family: Arial, sans-serif; padding: 0cm; border: 1pt none windowtext;\">AMERICANAS S\/A<\/span><\/strong><\/span><\/p><p class=\"MsoNormal\" style=\"background-image: initial; background-position: initial; background-size: initial; background-repeat: initial; background-attachment: initial; background-origin: initial; background-clip: initial;\"><strong><span style=\"font-family: Arial, sans-serif; color: rgb(51, 51, 51); border-width: 1pt; border-style: none; border-color: windowtext; padding: 0cm;\">OBJETO:<\/span><\/strong><span style=\"font-family:&quot;Arial&quot;,sans-serif;color:#333333\">&nbsp;COMPRA DE UM MONITOR\nSAMSUNG 24 IPS HZ FULL HD (Placas n\u00ba. 194)<br>\n<strong><span style=\"font-family: Arial, sans-serif; border-width: 1pt; border-style: none; border-color: windowtext; padding: 0cm;\">MODALILDADE<\/span><\/strong>:\nPROJETO DE MODERNIZA\u00c7\u00c3O TECNOL\u00d3GICA amparado pela Resolu\u00e7\u00e3o 2.112\/2022 do\nCOFECON<br>\n<strong><span style=\"font-family: Arial, sans-serif; border-width: 1pt; border-style: none; border-color: windowtext; padding: 0cm;\">AVISO<\/span><\/strong>: O\nCORECON- PI \u00e9 uma entidade qualificada como autarquia federal, e como tal, est\u00e1\nsujeita \u00e0 obrigatoriedade de realizar o devido procedimento licitat\u00f3rio para a\naquisi\u00e7\u00e3o de bens e servi\u00e7os dos quais necessitar, consoante estabelece o art.\n37, XXI da CRFB e a Lei n\u00ba 8.666\/93.<br>\nOs servi\u00e7os ora requeridos foram contratados e executados de acordo com Projeto\nde Moderniza\u00e7\u00e3o Tecnol\u00f3gica n\u00ba. 168a\/2022AD<br>\n<strong><span style=\"font-family: Arial, sans-serif; border-width: 1pt; border-style: none; border-color: windowtext; padding: 0cm;\">RESULTADO&nbsp;<\/span><\/strong>em\n05\/12\/2022, empresa vencedora&nbsp;<strong><span style=\"font-family: Arial, sans-serif; border-width: 1pt; border-style: none; border-color: windowtext; padding: 0cm;\">AMERICANAS\nS\/A<o:p><\/o:p><\/span><\/strong><\/span><\/p>\n<\/div>\t\t\t\t\t\t\t\t<\/div>\n\t\t\t\t<\/div>\n\t\t\t\t\t<\/div>\n\t\t<\/div>\n\t\t\t\t\t<\/div>\n\t\t<\/section>\n\t\t\t\t<\/div>\n\t\t","protected":false},"excerpt":{"rendered":"<p>OBJETO:&nbsp;COMPRA DE UMA SMART TV 50\u201d CRYSTAL 4K SAMSUNG 50AU7700 50&#8243; (Placa n\u00ba. 187)MODALIDADE: CONVITE (ART. 23, II, A, DA LEI N\u00ba. 8.666\/63, ATUALIZADA PELO DECRETO N\u00b0. 9.412\/2018)AVISO: O CORECON- PI \u00e9 uma entidade qualificada como autarquia federal, e como tal, est\u00e1 sujeita \u00e0 obrigatoriedade de realizar o devido procedimento licitat\u00f3rio para a aquisi\u00e7\u00e3o de &hellip; <a href=\"https:\/\/corecon-pi.org.br\/transparencia\/editais-e-resultados\/editais-e-resultados-2022\/\" class=\"more-link\">Continue reading <span class=\"screen-reader-text\">Editais e Resultados 2022<\/span><\/a><\/p>\n","protected":false},"author":2,"featured_media":0,"parent":297,"menu_order":0,"comment_status":"closed","ping_status":"closed","template":"","meta":{"footnotes":""},"class_list":["post-522","page","type-page","status-publish","hentry"],"_links":{"self":[{"href":"https:\/\/corecon-pi.org.br\/transparencia\/wp-json\/wp\/v2\/pages\/522","targetHints":{"allow":["GET"]}}],"collection":[{"href":"https:\/\/corecon-pi.org.br\/transparencia\/wp-json\/wp\/v2\/pages"}],"about":[{"href":"https:\/\/corecon-pi.org.br\/transparencia\/wp-json\/wp\/v2\/types\/page"}],"author":[{"embeddable":true,"href":"https:\/\/corecon-pi.org.br\/transparencia\/wp-json\/wp\/v2\/users\/2"}],"replies":[{"embeddable":true,"href":"https:\/\/corecon-pi.org.br\/transparencia\/wp-json\/wp\/v2\/comments?post=522"}],"version-history":[{"count":19,"href":"https:\/\/corecon-pi.org.br\/transparencia\/wp-json\/wp\/v2\/pages\/522\/revisions"}],"predecessor-version":[{"id":651,"href":"https:\/\/corecon-pi.org.br\/transparencia\/wp-json\/wp\/v2\/pages\/522\/revisions\/651"}],"up":[{"embeddable":true,"href":"https:\/\/corecon-pi.org.br\/transparencia\/wp-json\/wp\/v2\/pages\/297"}],"wp:attachment":[{"href":"https:\/\/corecon-pi.org.br\/transparencia\/wp-json\/wp\/v2\/media?parent=522"}],"curies":[{"name":"wp","href":"https:\/\/api.w.org\/{rel}","templated":true}]}}