{"id":414,"date":"2022-05-20T19:04:03","date_gmt":"2022-05-20T22:04:03","guid":{"rendered":"https:\/\/corecon-pi.org.br\/transparencia\/?page_id=414"},"modified":"2023-04-21T11:11:10","modified_gmt":"2023-04-21T14:11:10","slug":"resolucoes-2022","status":"publish","type":"page","link":"https:\/\/corecon-pi.org.br\/transparencia\/atos-normativos\/resolucoes-2022\/","title":{"rendered":"Resolu\u00e7\u00f5es 2022"},"content":{"rendered":"<div align=\"right\"><a class=\"btn btn-primary btn-lg\" href=\"atos-normativos\" type=\"button\">Voltar<\/a><\/div>\n<p>&nbsp;<\/p>\n<div class=\"table-responsive-sm\">\n<table style=\"width: 100%;\" border=\"0\" align=\"center\">\n<tbody>\n<tr style=\"height: 70px;\">\n<th style=\"background-color: #333399; color: #ffffff; height: 70px; text-align: center;\">\n<p align=\"center\"><strong>RESOLU\u00c7\u00d5ES<\/strong><\/p>\n<\/th>\n<\/tr>\n<tr style=\"height: 486px;\">\n<td style=\"height: 486px; background-color: #f5f5f5; vertical-align: text-top;\">\n<p align=\"center\"><span style=\"color: #008080;\"><strong>2022<\/strong><\/span><\/p>\n<table><!-- style=\"height: 626px;\" --><\/p>\n<tbody>\n<tr>\n<td style=\"width: 70px;\"><strong><span style=\"color: #666699;\">N\u00b0<\/span><\/strong><\/td>\n<td><span style=\"color: #666699;\"><strong>Descri\u00e7\u00e3o<\/strong><\/span><\/td>\n<\/tr>\n<tr>\n<td>1<\/td>\n<td><a href=\"..\/..\/wp-content\/uploads\/docs\/resolucoes\/2022\/1.pdf\" target=\"_blank\" rel=\"noopener noreferrer\">Homologa Processos de Registros<\/a><\/td>\n<\/tr>\n<tr>\n<td>2<\/td>\n<td><a href=\"..\/..\/wp-content\/uploads\/docs\/resolucoes\/2022\/2.pdf\" target=\"_blank\" rel=\"noopener noreferrer\">Comiss\u00e3o CTC<\/a><\/td>\n<\/tr>\n<tr>\n<td>3<\/td>\n<td><a href=\"..\/..\/wp-content\/uploads\/docs\/resolucoes\/2022\/3.pdf\" target=\"_blank\" rel=\"noopener noreferrer\">Comiss\u00e3o Licita\u00e7\u00e3o<\/a><\/td>\n<\/tr>\n<tr>\n<td>4<\/td>\n<td><a href=\"..\/..\/wp-content\/uploads\/docs\/resolucoes\/2022\/4.pdf\" target=\"_blank\" rel=\"noopener noreferrer\">Homologa Processos de Registros.<\/a><\/td>\n<\/tr>\n<tr>\n<td>5<\/td>\n<td><a href=\"..\/..\/wp-content\/uploads\/docs\/resolucoes\/2022\/5.pdf\" target=\"_blank\" rel=\"noopener noreferrer\">Presta\u00e7\u00e3o de Contas &#8211; Exerc\u00edcio 2021.<\/a><\/td>\n<\/tr>\n<tr>\n<td>6<\/td>\n<td><a href=\"..\/..\/wp-content\/uploads\/docs\/resolucoes\/2022\/6.pdf\" target=\"_blank\" rel=\"noopener noreferrer\">Homologa Processos de Registros.<\/a><\/td>\n<\/tr>\n<tr>\n<td>7<\/td>\n<td><a href=\"..\/..\/wp-content\/uploads\/docs\/resolucoes\/2022\/7.pdf\" target=\"_blank\" rel=\"noopener noreferrer\">Balancete do 1\u00b0 Trimestre &#8211; 2022.<\/a><\/td>\n<\/tr>\n<tr>\n<td>8<\/td>\n<td><a href=\"..\/..\/wp-content\/uploads\/docs\/resolucoes\/2022\/8.pdf\" target=\"_blank\" rel=\"noopener noreferrer\">Programa VIII RECRED.<\/a><\/td>\n<\/tr>\n<tr>\n<td>9<\/td>\n<td><a href=\"..\/..\/wp-content\/uploads\/docs\/resolucoes\/2022\/9.pdf\" target=\"_blank\" rel=\"noopener noreferrer\">Homologa Processos de Registros.<\/a><\/td>\n<\/tr>\n<tr>\n<td>10<\/td>\n<td><a href=\"..\/..\/wp-content\/uploads\/docs\/resolucoes\/2022\/10.pdf\" target=\"_blank\" rel=\"noopener noreferrer\">Deferimento e Indeferimento de Processos de Registro.<\/a><\/td>\n<\/tr>\n<tr>\n<td>11<\/td>\n<td><a href=\"..\/..\/wp-content\/uploads\/docs\/resolucoes\/2022\/11.pdf\" target=\"_blank\" rel=\"noopener noreferrer\">Deferimento de Processos de Registro.<\/a><\/td>\n<\/tr>\n<tr>\n<td>12<\/td>\n<td><a href=\"..\/..\/wp-content\/uploads\/docs\/resolucoes\/2022\/12.pdf\" target=\"_blank\" rel=\"noopener noreferrer\">Comiss\u00e3o Eleitoral.<\/a><\/td>\n<\/tr>\n<tr>\n<td>13<\/td>\n<td><a href=\"..\/..\/wp-content\/uploads\/docs\/resolucoes\/2022\/13.pdf\" target=\"_blank\" rel=\"noopener noreferrer\">Balancete do 2\u00b0 Trimestre de 2022.<\/a><\/td>\n<\/tr>\n<tr>\n<td>14<\/td>\n<td><a href=\"..\/..\/wp-content\/uploads\/docs\/resolucoes\/2022\/14.pdf\" target=\"_blank\" rel=\"noopener noreferrer\">Deferimento de Processos de Registro.<\/a><\/td>\n<\/tr>\n<tr>\n<td>15<\/td>\n<td><a href=\"..\/..\/wp-content\/uploads\/docs\/resolucoes\/2022\/15.pdf\" target=\"_blank\" rel=\"noopener noreferrer\">Deferimento de Processos de Registro.<\/a><\/td>\n<\/tr>\n<tr>\n<td>16<\/td>\n<td><a href=\"..\/..\/wp-content\/uploads\/docs\/resolucoes\/2022\/16.pdf\" target=\"_blank\" rel=\"noopener noreferrer\">Destitui membro de comiss\u00e3o eleitoral.<\/a><\/td>\n<\/tr>\n<tr>\n<td>17<\/td>\n<td><a href=\"..\/..\/wp-content\/uploads\/docs\/resolucoes\/2022\/17.pdf\" target=\"_blank\" rel=\"noopener noreferrer\">Reabre e prorroga prazos do VIII RECRED<\/a><\/td>\n<\/tr>\n<tr>\n<td>18<\/td>\n<td><a href=\"..\/..\/wp-content\/uploads\/docs\/resolucoes\/2022\/18.pdf\" target=\"_blank\" rel=\"noopener noreferrer\">Deferimento de Processos de Registro.<\/a><\/td>\n<\/tr>\n<tr>\n<td>19<\/td>\n<td><a href=\"..\/..\/wp-content\/uploads\/docs\/resolucoes\/2022\/19.pdf\" target=\"_blank\" rel=\"noopener noreferrer\">Anuidades 2023<\/a><\/td>\n<\/tr>\n<tr>\n<td>20<\/td>\n<td><a href=\"..\/..\/wp-content\/uploads\/docs\/resolucoes\/2022\/20.pdf\" target=\"_blank\" rel=\"noopener noreferrer\">Adotar pol\u00edtica de anuidade diferenciada e desconto.<\/a><\/td>\n<\/tr>\n<tr>\n<td>21<\/td>\n<td><a href=\"..\/..\/wp-content\/uploads\/docs\/resolucoes\/2022\/21.pdf\" target=\"_blank\" rel=\"noopener noreferrer\">Balancete do 3\u00ba Trimestre 2022 &#8211; Dossi\u00ea eleitoral.<\/a><\/td>\n<\/tr>\n<tr>\n<td>22<\/td>\n<td><a href=\"..\/..\/wp-content\/uploads\/docs\/resolucoes\/2022\/22.pdf\" target=\"_blank\" rel=\"noopener noreferrer\">Deferimento de Processos de Registro.<\/a><\/td>\n<\/tr>\n<tr>\n<td>23<\/td>\n<td><a href=\"..\/..\/wp-content\/uploads\/docs\/resolucoes\/2022\/23.pdf\" target=\"_blank\" rel=\"noopener noreferrer\">Deferimento de Cancelamento de Registro.<\/a><\/td>\n<\/tr>\n<tr>\n<td>24<\/td>\n<td><a href=\"..\/..\/wp-content\/uploads\/docs\/resolucoes\/2022\/24.pdf\" target=\"_blank\" rel=\"noopener noreferrer\">Aprova a Proposta Or\u00e7ament\u00e1ria do exerc\u00edcio de 2023.<\/a><\/td>\n<\/tr>\n<tr>\n<td>25<\/td>\n<td><a href=\"..\/..\/wp-content\/uploads\/docs\/resolucoes\/2022\/25.pdf\" target=\"_blank\" rel=\"noopener noreferrer\">Deferimento de Processos de Registro.<\/a><\/td>\n<\/tr>\n<\/tbody>\n<\/table>\n<\/td>\n<\/tr>\n<\/tbody>\n<\/table>\n<\/div>\n","protected":false},"excerpt":{"rendered":"<p>Voltar &nbsp; RESOLU\u00c7\u00d5ES 2022 N\u00b0 Descri\u00e7\u00e3o 1 Homologa Processos de Registros 2 Comiss\u00e3o CTC 3 Comiss\u00e3o Licita\u00e7\u00e3o 4 Homologa Processos de Registros. 5 Presta\u00e7\u00e3o de Contas &#8211; Exerc\u00edcio 2021. 6 Homologa Processos de Registros. 7 Balancete do 1\u00b0 Trimestre &#8211; 2022. 8 Programa VIII RECRED. 9 Homologa Processos de Registros. 10 Deferimento e Indeferimento de &hellip; <a href=\"https:\/\/corecon-pi.org.br\/transparencia\/atos-normativos\/resolucoes-2022\/\" class=\"more-link\">Continue reading <span class=\"screen-reader-text\">Resolu\u00e7\u00f5es 2022<\/span><\/a><\/p>\n","protected":false},"author":2,"featured_media":0,"parent":47,"menu_order":0,"comment_status":"closed","ping_status":"closed","template":"","meta":{"footnotes":""},"class_list":["post-414","page","type-page","status-publish","hentry"],"_links":{"self":[{"href":"https:\/\/corecon-pi.org.br\/transparencia\/wp-json\/wp\/v2\/pages\/414","targetHints":{"allow":["GET"]}}],"collection":[{"href":"https:\/\/corecon-pi.org.br\/transparencia\/wp-json\/wp\/v2\/pages"}],"about":[{"href":"https:\/\/corecon-pi.org.br\/transparencia\/wp-json\/wp\/v2\/types\/page"}],"author":[{"embeddable":true,"href":"https:\/\/corecon-pi.org.br\/transparencia\/wp-json\/wp\/v2\/users\/2"}],"replies":[{"embeddable":true,"href":"https:\/\/corecon-pi.org.br\/transparencia\/wp-json\/wp\/v2\/comments?post=414"}],"version-history":[{"count":7,"href":"https:\/\/corecon-pi.org.br\/transparencia\/wp-json\/wp\/v2\/pages\/414\/revisions"}],"predecessor-version":[{"id":579,"href":"https:\/\/corecon-pi.org.br\/transparencia\/wp-json\/wp\/v2\/pages\/414\/revisions\/579"}],"up":[{"embeddable":true,"href":"https:\/\/corecon-pi.org.br\/transparencia\/wp-json\/wp\/v2\/pages\/47"}],"wp:attachment":[{"href":"https:\/\/corecon-pi.org.br\/transparencia\/wp-json\/wp\/v2\/media?parent=414"}],"curies":[{"name":"wp","href":"https:\/\/api.w.org\/{rel}","templated":true}]}}