{"id":40,"date":"2017-09-27T11:48:42","date_gmt":"2017-09-27T14:48:42","guid":{"rendered":"http:\/\/corecon-pi.org.br\/transparencia\/?page_id=40"},"modified":"2024-03-07T20:10:36","modified_gmt":"2024-03-07T23:10:36","slug":"contratos","status":"publish","type":"page","link":"https:\/\/corecon-pi.org.br\/transparencia\/contratos\/","title":{"rendered":"Contratos"},"content":{"rendered":"\t\t<div data-elementor-type=\"wp-page\" data-elementor-id=\"40\" class=\"elementor elementor-40\">\n\t\t\t\t\t\t<section class=\"elementor-section elementor-top-section elementor-element elementor-element-7fcd105e elementor-section-boxed elementor-section-height-default elementor-section-height-default\" data-id=\"7fcd105e\" data-element_type=\"section\">\n\t\t\t\t\t\t<div class=\"elementor-container elementor-column-gap-default\">\n\t\t\t\t\t<div class=\"elementor-column elementor-col-100 elementor-top-column elementor-element elementor-element-6892e392\" data-id=\"6892e392\" data-element_type=\"column\">\n\t\t\t<div class=\"elementor-widget-wrap elementor-element-populated\">\n\t\t\t\t\t\t<div class=\"elementor-element elementor-element-5cccf0bf elementor-widget elementor-widget-accordion\" data-id=\"5cccf0bf\" data-element_type=\"widget\" data-widget_type=\"accordion.default\">\n\t\t\t\t<div class=\"elementor-widget-container\">\n\t\t\t\t\t\t\t<div class=\"elementor-accordion\">\n\t\t\t\t\t\t\t<div class=\"elementor-accordion-item\">\n\t\t\t\t\t<div id=\"elementor-tab-title-1551\" class=\"elementor-tab-title\" data-tab=\"1\" role=\"button\" aria-controls=\"elementor-tab-content-1551\" aria-expanded=\"false\">\n\t\t\t\t\t\t\t\t\t\t\t\t<a class=\"elementor-accordion-title\" tabindex=\"0\">2023<\/a>\n\t\t\t\t\t<\/div>\n\t\t\t\t\t<div id=\"elementor-tab-content-1551\" class=\"elementor-tab-content elementor-clearfix\" data-tab=\"1\" role=\"region\" aria-labelledby=\"elementor-tab-title-1551\"><p><a href=\"..\/wp-content\/uploads\/docs\/contratos\/2023\/teresa.pdf\" target=\"_blank\" rel=\"noopener noreferrer\">Contrato Teresa Christina Ara\u00fajo da Silva<\/a><br \/><a href=\"..\/wp-content\/uploads\/docs\/contratos\/2023\/impressora.pdf\" target=\"_blank\" rel=\"noopener noreferrer\">Contrato loca\u00e7\u00e3o de impressora<\/a><br \/><a href=\"..\/wp-content\/uploads\/docs\/contratos\/2023\/ciee.pdf\" target=\"_blank\" rel=\"noopener noreferrer\">Contrato CIEE<\/a><br \/><a href=\"..\/wp-content\/uploads\/docs\/contratos\/2023\/rqh.pdf\" target=\"_blank\" rel=\"noopener noreferrer\">Termo Aditivo n\u00b0 4 &#8211; RQH Solu\u00e7\u00f5es<\/a><br \/><a href=\"..\/wp-content\/uploads\/docs\/contratos\/2023\/aluguel.pdf\" target=\"_blank\" rel=\"noopener noreferrer\">Contrato aluguel sala<\/a><br \/><a href=\"..\/wp-content\/uploads\/docs\/contratos\/2023\/caio.pdf\" target=\"_blank\" rel=\"noopener noreferrer\">Termo Aditivo n\u00b0 2 &#8211; Caio Benvindo Martins Paulo<\/a><br \/><a href=\"..\/wp-content\/uploads\/docs\/contratos\/2023\/assescon.pdf\" target=\"_blank\" rel=\"noopener noreferrer\">Termo Aditivo n\u00b0 1 &#8211; Assescon<\/a><br \/><a href=\"..\/wp-content\/uploads\/docs\/contratos\/2023\/contratos.pdf\" target=\"_blank\" rel=\"noopener noreferrer\">Extrato de contratos<\/a><\/p><\/div>\n\t\t\t\t<\/div>\n\t\t\t\t\t\t\t<div class=\"elementor-accordion-item\">\n\t\t\t\t\t<div id=\"elementor-tab-title-1552\" class=\"elementor-tab-title\" data-tab=\"2\" role=\"button\" aria-controls=\"elementor-tab-content-1552\" aria-expanded=\"false\">\n\t\t\t\t\t\t\t\t\t\t\t\t<a class=\"elementor-accordion-title\" tabindex=\"0\">2022<\/a>\n\t\t\t\t\t<\/div>\n\t\t\t\t\t<div id=\"elementor-tab-content-1552\" class=\"elementor-tab-content elementor-clearfix\" data-tab=\"2\" role=\"region\" aria-labelledby=\"elementor-tab-title-1552\"><p><a href=\"..\/wp-content\/uploads\/docs\/contratos\/2022\/rqh02.pdf\" target=\"_blank\" rel=\"noopener noreferrer\">2\u00b0 Termo Aditivo &#8211; RQH Solu\u00e7\u00f5es<\/a><br \/><a href=\"..\/wp-content\/uploads\/docs\/contratos\/2022\/rqh03.pdf\" target=\"_blank\" rel=\"noopener noreferrer\">3\u00b0 Termo Aditivo &#8211; RQH Solu\u00e7\u00f5es<\/a><br \/><a href=\"..\/wp-content\/uploads\/docs\/contratos\/2022\/francisco.pdf\" target=\"_blank\" rel=\"noopener noreferrer\">Contrato Francisco Oliveira Sousa Sobrinho,<\/a><br \/><a href=\"..\/wp-content\/uploads\/docs\/contratos\/2022\/contratos.docx\" target=\"_blank\" rel=\"noopener noreferrer\">Extrato de contratos<\/a><\/p><\/div>\n\t\t\t\t<\/div>\n\t\t\t\t\t\t\t<div class=\"elementor-accordion-item\">\n\t\t\t\t\t<div id=\"elementor-tab-title-1553\" class=\"elementor-tab-title\" data-tab=\"3\" role=\"button\" aria-controls=\"elementor-tab-content-1553\" aria-expanded=\"false\">\n\t\t\t\t\t\t\t\t\t\t\t\t<a class=\"elementor-accordion-title\" tabindex=\"0\">2021<\/a>\n\t\t\t\t\t<\/div>\n\t\t\t\t\t<div id=\"elementor-tab-content-1553\" class=\"elementor-tab-content elementor-clearfix\" data-tab=\"3\" role=\"region\" aria-labelledby=\"elementor-tab-title-1553\"><a href=\"..\/wp-content\/uploads\/docs\/contratos\/2021\/CONTRATOSL.603.pdf\" target=\"_blank\" rel=\"noopener noreferrer\">Contrato de Sala<\/a><br>\n<a href=\"..\/wp-content\/uploads\/docs\/contratos\/2021\/CORREIOS.pdf\" target=\"_blank\" rel=\"noopener noreferrer\">Contrato Correios<\/a><br>\n<a href=\"..\/wp-content\/uploads\/docs\/contratos\/2021\/DISTRATOIEPTB.pdf\" target=\"_blank\" rel=\"noopener noreferrer\">Distrato contrato cart\u00f3rio<\/a><br>\n<a href=\"..\/wp-content\/uploads\/docs\/contratos\/2021\/RQHSOLUCOES.pdf\" target=\"_blank\" rel=\"noopener noreferrer\">Contrato Manuten\u00e7\u00e3o Site<\/a><br>\n<a href=\"..\/wp-content\/uploads\/docs\/contratos\/2021\/ADITIVOALUGUEL_06.pdf\" target=\"_blank\" rel=\"noopener noreferrer\">Aditivo aluguel<\/a><br>\n<a href=\"..\/wp-content\/uploads\/docs\/contratos\/2021\/EXTRATOCONTRATO.pdf\" target=\"_blank\" rel=\"noopener noreferrer\">Extrato de contratos<\/a><br>\n<\/div>\n\t\t\t\t<\/div>\n\t\t\t\t\t\t\t<div class=\"elementor-accordion-item\">\n\t\t\t\t\t<div id=\"elementor-tab-title-1554\" class=\"elementor-tab-title\" data-tab=\"4\" role=\"button\" aria-controls=\"elementor-tab-content-1554\" aria-expanded=\"false\">\n\t\t\t\t\t\t\t\t\t\t\t\t<a class=\"elementor-accordion-title\" tabindex=\"0\">2020<\/a>\n\t\t\t\t\t<\/div>\n\t\t\t\t\t<div id=\"elementor-tab-content-1554\" class=\"elementor-tab-content elementor-clearfix\" data-tab=\"4\" role=\"region\" aria-labelledby=\"elementor-tab-title-1554\"><a href=\"..\/wp-content\/uploads\/docs\/contratos\/2020\/ManutencaoSite.pdf.pdf\" target=\"_blank\" rel=\"noopener noreferrer\">Contrato Manuten\u00e7\u00e3o Site<\/a><br>\n<a href=\"..\/wp-content\/uploads\/docs\/contratos\/2020\/ASSESCON.pdf\" target=\"_blank\" rel=\"noopener noreferrer\">Contrato de Assessoria Cont\u00e1bil<\/a><br>\n<a href=\"..\/wp-content\/uploads\/docs\/contratos\/2020\/JURIDICO.pdf\" target=\"_blank\" rel=\"noopener noreferrer\">Contrato de Assessoria Jur\u00eddica<\/a><br>\n<a href=\"..\/wp-content\/uploads\/docs\/contratos\/2020\/ADITIVOJURIDICOEXCEPCIONAL.pdf\" target=\"_blank\" rel=\"noopener noreferrer\">Aditivo Jur\u00eddico Excepcional<\/a><br>\n<a href=\"..\/wp-content\/uploads\/docs\/contratos\/2020\/ALUGUEL.pdf\" target=\"_blank\" rel=\"noopener noreferrer\">Contrato de Loca\u00e7\u00e3o de Im\u00f3vel<\/a><br>\n<a href=\"..\/wp-content\/uploads\/docs\/contratos\/2020\/EXTRATOCONTRATO.pdf\" target=\"_blank\" rel=\"noopener noreferrer\">Extrato de contratos<\/a><br><\/div>\n\t\t\t\t<\/div>\n\t\t\t\t\t\t\t<div class=\"elementor-accordion-item\">\n\t\t\t\t\t<div id=\"elementor-tab-title-1555\" class=\"elementor-tab-title\" data-tab=\"5\" role=\"button\" aria-controls=\"elementor-tab-content-1555\" aria-expanded=\"false\">\n\t\t\t\t\t\t\t\t\t\t\t\t<a class=\"elementor-accordion-title\" tabindex=\"0\">2019<\/a>\n\t\t\t\t\t<\/div>\n\t\t\t\t\t<div id=\"elementor-tab-content-1555\" class=\"elementor-tab-content elementor-clearfix\" data-tab=\"5\" role=\"region\" aria-labelledby=\"elementor-tab-title-1555\"><a href=\"..\/wp-content\/uploads\/docs\/contratos\/2019\/COFECON.pdf\" target=\"_blank\" rel=\"noopener noreferrer\">Contrato Concess\u00e3o Software Sistema Cont\u00e1bil<\/a><br>\n<a href=\"..\/wp-content\/uploads\/docs\/contratos\/2019\/JURIDICO.pdf\" target=\"_blank\" rel=\"noopener noreferrer\">Contrato de Assessoria Jur\u00eddica<\/a><br>\n<a href=\"..\/wp-content\/uploads\/docs\/contratos\/2019\/ADITIVOCONTABILEXCEPCIONAL.pdf\" target=\"_blank\" rel=\"noopener noreferrer\">Contrato de Assessoria Cont\u00e1bil (Aditivo)<\/a><br>\n<a href=\"..\/wp-content\/uploads\/docs\/contratos\/2019\/ALUGUEL.pdf\" target=\"_blank\" rel=\"noopener noreferrer\">Contrato de Loca\u00e7\u00e3o de Im\u00f3vel<\/a><br><\/div>\n\t\t\t\t<\/div>\n\t\t\t\t\t\t\t<div class=\"elementor-accordion-item\">\n\t\t\t\t\t<div id=\"elementor-tab-title-1556\" class=\"elementor-tab-title\" data-tab=\"6\" role=\"button\" aria-controls=\"elementor-tab-content-1556\" aria-expanded=\"false\">\n\t\t\t\t\t\t\t\t\t\t\t\t<a class=\"elementor-accordion-title\" tabindex=\"0\">2018<\/a>\n\t\t\t\t\t<\/div>\n\t\t\t\t\t<div id=\"elementor-tab-content-1556\" class=\"elementor-tab-content elementor-clearfix\" data-tab=\"6\" role=\"region\" aria-labelledby=\"elementor-tab-title-1556\"><a href=\"..\/wp-content\/uploads\/docs\/contratos\/2018\/JURIDICO.pdf\" target=\"_blank\" rel=\"noopener noreferrer\">Contrato de Assessoria Jur\u00eddica<\/a><br>\n<a href=\"..\/wp-content\/uploads\/docs\/contratos\/2018\/CONTABIL.pdf\" target=\"_blank\" rel=\"noopener noreferrer\">Contrato de Assessoria Cont\u00e1bil<\/a><br>\n<a href=\"..\/wp-content\/uploads\/docs\/contratos\/2018\/ALUGUEL.pdf\" target=\"_blank\" rel=\"noopener noreferrer\">Contrato de Loca\u00e7\u00e3o de Im\u00f3vel<\/a><br>\n<a href=\"..\/wp-content\/uploads\/docs\/contratos\/2018\/EXTRATOCONTRATO.pdf\" target=\"_blank\" rel=\"noopener noreferrer\">Extrato de contratos<\/a><br><\/div>\n\t\t\t\t<\/div>\n\t\t\t\t\t\t\t<div class=\"elementor-accordion-item\">\n\t\t\t\t\t<div id=\"elementor-tab-title-1557\" class=\"elementor-tab-title\" data-tab=\"7\" role=\"button\" aria-controls=\"elementor-tab-content-1557\" aria-expanded=\"false\">\n\t\t\t\t\t\t\t\t\t\t\t\t<a class=\"elementor-accordion-title\" tabindex=\"0\">2017<\/a>\n\t\t\t\t\t<\/div>\n\t\t\t\t\t<div id=\"elementor-tab-content-1557\" class=\"elementor-tab-content elementor-clearfix\" data-tab=\"7\" role=\"region\" aria-labelledby=\"elementor-tab-title-1557\"><a href=\"..\/wp-content\/uploads\/docs\/contratos\/2017\/IMPRENSA.pdf\" target=\"_blank\" rel=\"noopener noreferrer\">Contrato de Assessoria Imprensa<\/a><br>\n<a href=\"..\/wp-content\/uploads\/docs\/contratos\/2017\/IEPTB-PI.pdf\" target=\"_blank\" rel=\"noopener noreferrer\">Contrato IEPTB-PI<\/a><br>\n<a href=\"..\/wp-content\/uploads\/docs\/contratos\/2017\/CORREIOS.pdf\" target=\"_blank\" rel=\"noopener noreferrer\">Contrato Correios<\/a><br>\n<a href=\"..\/wp-content\/uploads\/docs\/contratos\/2017\/JURIDICO.pdf\" target=\"_blank\" rel=\"noopener noreferrer\">Contrato de Assessoria Jur\u00eddica<\/a><br>\n<a href=\"..\/wp-content\/uploads\/docs\/contratos\/2017\/CONTABIL.pdf\" target=\"_blank\" rel=\"noopener noreferrer\">Contrato de Assessoria Cont\u00e1bil<\/a><br>\n<a href=\"..\/wp-content\/uploads\/docs\/contratos\/2017\/ALUGUEL.pdf\" target=\"_blank\" rel=\"noopener noreferrer\">Contrato de Loca\u00e7\u00e3o de Im\u00f3vel<\/a><br>\n<a href=\"..\/wp-content\/uploads\/docs\/contratos\/2017\/EXTRATOCONTRATOCONVENIOS.pdf\" target=\"_blank\" rel=\"noopener noreferrer\">Extrato de contratos e conv\u00eanios<\/a><br><\/div>\n\t\t\t\t<\/div>\n\t\t\t\t\t\t\t<div class=\"elementor-accordion-item\">\n\t\t\t\t\t<div id=\"elementor-tab-title-1558\" class=\"elementor-tab-title\" data-tab=\"8\" role=\"button\" aria-controls=\"elementor-tab-content-1558\" aria-expanded=\"false\">\n\t\t\t\t\t\t\t\t\t\t\t\t<a class=\"elementor-accordion-title\" tabindex=\"0\">2016<\/a>\n\t\t\t\t\t<\/div>\n\t\t\t\t\t<div id=\"elementor-tab-content-1558\" class=\"elementor-tab-content elementor-clearfix\" data-tab=\"8\" role=\"region\" aria-labelledby=\"elementor-tab-title-1558\"><a href=\"..\/wp-content\/uploads\/docs\/contratos\/2016\/JURIDICO.pdf\" target=\"_blank\" rel=\"noopener noreferrer\">Contrato de Assessoria Jur\u00eddica<\/a><br>\n<a href=\"..\/wp-content\/uploads\/docs\/contratos\/2016\/CONTABIL.pdf\" target=\"_blank\" rel=\"noopener noreferrer\">Contrato de Assessoria Cont\u00e1bil<\/a><br>\n<a href=\"..\/wp-content\/uploads\/docs\/contratos\/2016\/ALUGUEL.pdf\" target=\"_blank\" rel=\"noopener noreferrer\">Contrato de Loca\u00e7\u00e3o de Im\u00f3vel<\/a><br>\n<a href=\"http:\/\/corecon-pi.org.br\/wp-content\/uploads\/arquivos\/pdf-10.pdf\" target=\"_blank\" rel=\"noopener noreferrer\">Servi\u00e7os de terceiros<\/a><br>\n<a href=\"http:\/\/corecon-pi.org.br\/wp-content\/uploads\/arquivos\/pdf-12.pdf\" target=\"_blank\" rel=\"noopener noreferrer\">Extrato de contratos e conv\u00eanios &#8211; Di\u00e1rio Oficial<\/a><br>\n<a href=\"..\/wp-content\/uploads\/docs\/contratos\/2016\/EXTRATOCONTRATOCONVENIOS.pdf\" target=\"_blank\" rel=\"noopener noreferrer\">Extrato de contratos e conv\u00eanios<\/a><br><\/div>\n\t\t\t\t<\/div>\n\t\t\t\t\t\t\t<div class=\"elementor-accordion-item\">\n\t\t\t\t\t<div id=\"elementor-tab-title-1559\" class=\"elementor-tab-title\" data-tab=\"9\" role=\"button\" aria-controls=\"elementor-tab-content-1559\" aria-expanded=\"false\">\n\t\t\t\t\t\t\t\t\t\t\t\t<a class=\"elementor-accordion-title\" tabindex=\"0\">2015<\/a>\n\t\t\t\t\t<\/div>\n\t\t\t\t\t<div id=\"elementor-tab-content-1559\" class=\"elementor-tab-content elementor-clearfix\" data-tab=\"9\" role=\"region\" aria-labelledby=\"elementor-tab-title-1559\"><a href=\"http:\/\/corecon-pi.org.br\/wp-content\/uploads\/arquivos\/pdf-14.pdf\" target=\"_blank\" rel=\"noopener noreferrer\">Extrato de contratos e conv\u00eanios<\/a><br>\n<\/div>\n\t\t\t\t<\/div>\n\t\t\t\t\t\t\t<div class=\"elementor-accordion-item\">\n\t\t\t\t\t<div id=\"elementor-tab-title-15510\" class=\"elementor-tab-title\" data-tab=\"10\" role=\"button\" aria-controls=\"elementor-tab-content-15510\" aria-expanded=\"false\">\n\t\t\t\t\t\t\t\t\t\t\t\t<a class=\"elementor-accordion-title\" tabindex=\"0\">2014<\/a>\n\t\t\t\t\t<\/div>\n\t\t\t\t\t<div id=\"elementor-tab-content-15510\" class=\"elementor-tab-content elementor-clearfix\" data-tab=\"10\" role=\"region\" aria-labelledby=\"elementor-tab-title-15510\"><a href=\"http:\/\/corecon-pi.org.br\/wp-content\/uploads\/arquivos\/pdf-13.pdf\" target=\"_blank\" rel=\"noopener noreferrer\">Extrato de contratos e conv\u00eanios<\/a><br><\/div>\n\t\t\t\t<\/div>\n\t\t\t\t\t\t\t\t<\/div>\n\t\t\t\t\t\t<\/div>\n\t\t\t\t<\/div>\n\t\t\t\t\t<\/div>\n\t\t<\/div>\n\t\t\t\t\t<\/div>\n\t\t<\/section>\n\t\t\t\t<\/div>\n\t\t","protected":false},"excerpt":{"rendered":"<p>2023 Contrato Teresa Christina Ara\u00fajo da SilvaContrato loca\u00e7\u00e3o de impressoraContrato CIEETermo Aditivo n\u00b0 4 &#8211; RQH Solu\u00e7\u00f5esContrato aluguel salaTermo Aditivo n\u00b0 2 &#8211; Caio Benvindo Martins PauloTermo Aditivo n\u00b0 1 &#8211; AssesconExtrato de contratos 2022 2\u00b0 Termo Aditivo &#8211; RQH Solu\u00e7\u00f5es3\u00b0 Termo Aditivo &#8211; RQH Solu\u00e7\u00f5esContrato Francisco Oliveira Sousa Sobrinho,Extrato de contratos 2021 Contrato de &hellip; <a href=\"https:\/\/corecon-pi.org.br\/transparencia\/contratos\/\" class=\"more-link\">Continue reading <span class=\"screen-reader-text\">Contratos<\/span><\/a><\/p>\n","protected":false},"author":2,"featured_media":0,"parent":0,"menu_order":0,"comment_status":"closed","ping_status":"closed","template":"","meta":{"footnotes":""},"class_list":["post-40","page","type-page","status-publish","hentry"],"_links":{"self":[{"href":"https:\/\/corecon-pi.org.br\/transparencia\/wp-json\/wp\/v2\/pages\/40","targetHints":{"allow":["GET"]}}],"collection":[{"href":"https:\/\/corecon-pi.org.br\/transparencia\/wp-json\/wp\/v2\/pages"}],"about":[{"href":"https:\/\/corecon-pi.org.br\/transparencia\/wp-json\/wp\/v2\/types\/page"}],"author":[{"embeddable":true,"href":"https:\/\/corecon-pi.org.br\/transparencia\/wp-json\/wp\/v2\/users\/2"}],"replies":[{"embeddable":true,"href":"https:\/\/corecon-pi.org.br\/transparencia\/wp-json\/wp\/v2\/comments?post=40"}],"version-history":[{"count":32,"href":"https:\/\/corecon-pi.org.br\/transparencia\/wp-json\/wp\/v2\/pages\/40\/revisions"}],"predecessor-version":[{"id":725,"href":"https:\/\/corecon-pi.org.br\/transparencia\/wp-json\/wp\/v2\/pages\/40\/revisions\/725"}],"wp:attachment":[{"href":"https:\/\/corecon-pi.org.br\/transparencia\/wp-json\/wp\/v2\/media?parent=40"}],"curies":[{"name":"wp","href":"https:\/\/api.w.org\/{rel}","templated":true}]}}