{"id":329,"date":"2021-08-16T19:27:52","date_gmt":"2021-08-16T22:27:52","guid":{"rendered":"https:\/\/corecon-pi.org.br\/transparencia\/?page_id=329"},"modified":"2023-06-21T22:57:07","modified_gmt":"2023-06-22T01:57:07","slug":"convenios","status":"publish","type":"page","link":"https:\/\/corecon-pi.org.br\/transparencia\/convenios\/","title":{"rendered":"Conv\u00eanios"},"content":{"rendered":"\t\t<div data-elementor-type=\"wp-page\" data-elementor-id=\"329\" class=\"elementor elementor-329\">\n\t\t\t\t\t\t<section class=\"elementor-section elementor-top-section elementor-element elementor-element-61ee483 elementor-section-boxed elementor-section-height-default elementor-section-height-default\" data-id=\"61ee483\" data-element_type=\"section\">\n\t\t\t\t\t\t<div class=\"elementor-container elementor-column-gap-default\">\n\t\t\t\t\t<div class=\"elementor-column elementor-col-100 elementor-top-column elementor-element elementor-element-a7eed3f\" data-id=\"a7eed3f\" data-element_type=\"column\">\n\t\t\t<div class=\"elementor-widget-wrap elementor-element-populated\">\n\t\t\t\t\t\t<div class=\"elementor-element elementor-element-84110f0 elementor-widget elementor-widget-accordion\" data-id=\"84110f0\" data-element_type=\"widget\" data-widget_type=\"accordion.default\">\n\t\t\t\t<div class=\"elementor-widget-container\">\n\t\t\t\t\t\t\t<div class=\"elementor-accordion\">\n\t\t\t\t\t\t\t<div class=\"elementor-accordion-item\">\n\t\t\t\t\t<div id=\"elementor-tab-title-1381\" class=\"elementor-tab-title\" data-tab=\"1\" role=\"button\" aria-controls=\"elementor-tab-content-1381\" aria-expanded=\"false\">\n\t\t\t\t\t\t\t\t\t\t\t\t<a class=\"elementor-accordion-title\" tabindex=\"0\">2023<\/a>\n\t\t\t\t\t<\/div>\n\t\t\t\t\t<div id=\"elementor-tab-content-1381\" class=\"elementor-tab-content elementor-clearfix\" data-tab=\"1\" role=\"region\" aria-labelledby=\"elementor-tab-title-1381\"><p><a href=\"..\/wp-content\/uploads\/docs\/contratos\/2023\/sesc.pdf\" target=\"_blank\" rel=\"noopener noreferrer\">Conv\u00eanio SESC<\/a><br \/><a href=\"..\/wp-content\/uploads\/docs\/contratos\/2023\/convenios.pdf\" target=\"_blank\" rel=\"noopener noreferrer\">Extrato de conv\u00eanios<\/a><\/p><\/div>\n\t\t\t\t<\/div>\n\t\t\t\t\t\t\t<div class=\"elementor-accordion-item\">\n\t\t\t\t\t<div id=\"elementor-tab-title-1382\" class=\"elementor-tab-title\" data-tab=\"2\" role=\"button\" aria-controls=\"elementor-tab-content-1382\" aria-expanded=\"false\">\n\t\t\t\t\t\t\t\t\t\t\t\t<a class=\"elementor-accordion-title\" tabindex=\"0\">2022<\/a>\n\t\t\t\t\t<\/div>\n\t\t\t\t\t<div id=\"elementor-tab-content-1382\" class=\"elementor-tab-content elementor-clearfix\" data-tab=\"2\" role=\"region\" aria-labelledby=\"elementor-tab-title-1382\"><p><a href=\"..\/wp-content\/uploads\/docs\/contratos\/2022\/HOTELHARREY.pdf\" target=\"_blank\" rel=\"noopener\">Hotel Harrey<\/a><br \/><a href=\"..\/wp-content\/uploads\/docs\/contratos\/2022\/ADITIVOIEPTB.pdf\" target=\"_blank\" rel=\"noopener\">IEPTB<\/a><br \/><a href=\"..\/wp-content\/uploads\/docs\/contratos\/2022\/RUIJULIANO.pdf\" target=\"_blank\" rel=\"noopener noreferrer\">Conv\u00eanio Rui Juliano<\/a><br \/><a href=\"..\/wp-content\/uploads\/docs\/contratos\/2022\/convenios.docx\" target=\"_blank\" rel=\"noopener noreferrer\">Extrato de conv\u00eanios<\/a><\/p><\/div>\n\t\t\t\t<\/div>\n\t\t\t\t\t\t\t<div class=\"elementor-accordion-item\">\n\t\t\t\t\t<div id=\"elementor-tab-title-1383\" class=\"elementor-tab-title\" data-tab=\"3\" role=\"button\" aria-controls=\"elementor-tab-content-1383\" aria-expanded=\"false\">\n\t\t\t\t\t\t\t\t\t\t\t\t<a class=\"elementor-accordion-title\" tabindex=\"0\">2021<\/a>\n\t\t\t\t\t<\/div>\n\t\t\t\t\t<div id=\"elementor-tab-content-1383\" class=\"elementor-tab-content elementor-clearfix\" data-tab=\"3\" role=\"region\" aria-labelledby=\"elementor-tab-title-1383\"><a href=\"..\/wp-content\/uploads\/docs\/contratos\/2021\/CONTRATOBSSP.pdf\" target=\"_blank\" rel=\"noopener noreferrer\">BSSP Centro Educacional<\/a><br>\n<a href=\"..\/wp-content\/uploads\/docs\/contratos\/2021\/INSTITUTONAVIGARE.pdf\" target=\"_blank\" rel=\"noopener noreferrer\">Instituto Navigare<\/a><br>\n<a href=\"..\/wp-content\/uploads\/docs\/contratos\/2021\/IPOG.pdf\" target=\"_blank\" rel=\"noopener noreferrer\">IPOG<\/a><br>\n<a href=\"..\/wp-content\/uploads\/docs\/contratos\/2021\/SESC.pdf\" target=\"_blank\" rel=\"noopener noreferrer\">SESC<\/a><br>\n<a href=\"..\/wp-content\/uploads\/docs\/contratos\/2021\/convenios.docx\" target=\"_blank\" rel=\"noopener noreferrer\">Extrato de conv\u00eanios<\/a><br><\/div>\n\t\t\t\t<\/div>\n\t\t\t\t\t\t\t<div class=\"elementor-accordion-item\">\n\t\t\t\t\t<div id=\"elementor-tab-title-1384\" class=\"elementor-tab-title\" data-tab=\"4\" role=\"button\" aria-controls=\"elementor-tab-content-1384\" aria-expanded=\"false\">\n\t\t\t\t\t\t\t\t\t\t\t\t<a class=\"elementor-accordion-title\" tabindex=\"0\">2020<\/a>\n\t\t\t\t\t<\/div>\n\t\t\t\t\t<div id=\"elementor-tab-content-1384\" class=\"elementor-tab-content elementor-clearfix\" data-tab=\"4\" role=\"region\" aria-labelledby=\"elementor-tab-title-1384\"><a href=\"..\/wp-content\/uploads\/docs\/contratos\/2020\/SESC.pdf\" target=\"_blank\" rel=\"noopener noreferrer\">Conv\u00eanio SESC<\/a><br>\n<a href=\"..\/wp-content\/uploads\/docs\/contratos\/2020\/ManutencaoSite.pdf.pdf\" target=\"_blank\" rel=\"noopener noreferrer\">Contrato Manuten\u00e7\u00e3o Site<\/a><br>\n<a href=\"..\/wp-content\/uploads\/docs\/contratos\/2020\/RUIJULIANO.pdf\" target=\"_blank\" rel=\"noopener noreferrer\">Conv\u00eanio Rui Juliano<\/a><br>\n<a href=\"..\/wp-content\/uploads\/docs\/contratos\/2020\/FAEPI.pdf\" target=\"_blank\" rel=\"noopener noreferrer\">Conv\u00eanio PAEPI<\/a><br>\n<a href=\"..\/wp-content\/uploads\/docs\/contratos\/2020\/IPOG.pdf\" target=\"_blank\" rel=\"noopener noreferrer\">Conv\u00eanio IPOG<\/a><br>\n<a href=\"..\/wp-content\/uploads\/docs\/contratos\/2020\/CONVENIOS_2020.pdf\" target=\"_blank\" rel=\"noopener noreferrer\">Extrato de conv\u00eanios<\/a><br><\/div>\n\t\t\t\t<\/div>\n\t\t\t\t\t\t\t<div class=\"elementor-accordion-item\">\n\t\t\t\t\t<div id=\"elementor-tab-title-1385\" class=\"elementor-tab-title\" data-tab=\"5\" role=\"button\" aria-controls=\"elementor-tab-content-1385\" aria-expanded=\"false\">\n\t\t\t\t\t\t\t\t\t\t\t\t<a class=\"elementor-accordion-title\" tabindex=\"0\">2019<\/a>\n\t\t\t\t\t<\/div>\n\t\t\t\t\t<div id=\"elementor-tab-content-1385\" class=\"elementor-tab-content elementor-clearfix\" data-tab=\"5\" role=\"region\" aria-labelledby=\"elementor-tab-title-1385\"><a href=\"..\/wp-content\/uploads\/docs\/contratos\/2019\/IPOG.pdf\" target=\"_blank\" rel=\"noopener noreferrer\">Conv\u00eanio IPOG<\/a><br>\n<a href=\"..\/wp-content\/uploads\/docs\/contratos\/2019\/NAVIGARE.pdf\" target=\"_blank\" rel=\"noopener noreferrer\">Conv\u00eanio Navigare<\/a><br>\n<a href=\"..\/wp-content\/uploads\/docs\/contratos\/2019\/SESC.pdf\" target=\"_blank\" rel=\"noopener noreferrer\">Conv\u00eanio SESC<\/a><br>\n<a href=\"..\/wp-content\/uploads\/docs\/contratos\/2019\/PRINTPOST.pdf\" target=\"_blank\" rel=\"noopener noreferrer\">Conv\u00eanio Printpost<\/a><br>\n<a href=\"..\/wp-content\/uploads\/docs\/contratos\/2019\/CONPEJ.pdf\" target=\"_blank\" rel=\"noopener noreferrer\">Conv\u00eanio CONPEJ<\/a><br>\n<a href=\"..\/wp-content\/uploads\/docs\/contratos\/2019\/CIEE.pdf\" target=\"_blank\" rel=\"noopener noreferrer\">Conv\u00eanio CIEE<\/a><br>\n<a href=\"..\/wp-content\/uploads\/docs\/contratos\/2019\/BACCS.pdf\" target=\"_blank\" rel=\"noopener noreferrer\">Administra\u00e7\u00e3o de Planos Privados de Sa\u00fade<\/a><br><\/div>\n\t\t\t\t<\/div>\n\t\t\t\t\t\t\t<div class=\"elementor-accordion-item\">\n\t\t\t\t\t<div id=\"elementor-tab-title-1386\" class=\"elementor-tab-title\" data-tab=\"6\" role=\"button\" aria-controls=\"elementor-tab-content-1386\" aria-expanded=\"false\">\n\t\t\t\t\t\t\t\t\t\t\t\t<a class=\"elementor-accordion-title\" tabindex=\"0\">2018<\/a>\n\t\t\t\t\t<\/div>\n\t\t\t\t\t<div id=\"elementor-tab-content-1386\" class=\"elementor-tab-content elementor-clearfix\" data-tab=\"6\" role=\"region\" aria-labelledby=\"elementor-tab-title-1386\"><a href=\"..\/wp-content\/uploads\/docs\/contratos\/2018\/CTIS.pdf\" target=\"_blank\" rel=\"noopener noreferrer\">Conv\u00eanio CTIS<\/a><br>\n<a href=\"..\/wp-content\/uploads\/docs\/contratos\/2018\/FSA.pdf\" target=\"_blank\" rel=\"noopener noreferrer\">Conv\u00eanio FSA<\/a><br>\n<a href=\"..\/wp-content\/uploads\/docs\/contratos\/2018\/SESC.pdf\" target=\"_blank\" rel=\"noopener noreferrer\">Conv\u00eanio SESC<\/a><br>\n<a href=\"..\/wp-content\/uploads\/docs\/contratos\/2018\/BARUK.pdf\" target=\"_blank\" rel=\"noopener noreferrer\">Conv\u00eanio Baruk<\/a><br>\n<a href=\"..\/wp-content\/uploads\/docs\/contratos\/2018\/RUIJULIANO.pdf\" target=\"_blank\" rel=\"noopener noreferrer\">Conv\u00eanio Rui Juliano<\/a><br>\n<a href=\"..\/wp-content\/uploads\/docs\/contratos\/2018\/CACIQUE.pdf\" target=\"_blank\" rel=\"noopener noreferrer\">Conv\u00eanio Cacique<\/a><br>\n<a href=\"..\/wp-content\/uploads\/docs\/contratos\/2018\/5ASEC.pdf\" target=\"_blank\" rel=\"noopener noreferrer\">Conv\u00eanio 5\u00e0Sec<\/a><br>\n<a href=\"..\/wp-content\/uploads\/docs\/contratos\/2018\/BACCS.pdf\" target=\"_blank\" rel=\"noopener noreferrer\">Administra\u00e7\u00e3o de Planos Privados de Sa\u00fade<\/a><br>\n<a href=\"..\/wp-content\/uploads\/docs\/contratos\/2018\/CONVENIOS2018.pdf\" target=\"_blank\" rel=\"noopener noreferrer\">Extrato de conv\u00eanios<\/a><br><\/div>\n\t\t\t\t<\/div>\n\t\t\t\t\t\t\t<div class=\"elementor-accordion-item\">\n\t\t\t\t\t<div id=\"elementor-tab-title-1387\" class=\"elementor-tab-title\" data-tab=\"7\" role=\"button\" aria-controls=\"elementor-tab-content-1387\" aria-expanded=\"false\">\n\t\t\t\t\t\t\t\t\t\t\t\t<a class=\"elementor-accordion-title\" tabindex=\"0\">2017<\/a>\n\t\t\t\t\t<\/div>\n\t\t\t\t\t<div id=\"elementor-tab-content-1387\" class=\"elementor-tab-content elementor-clearfix\" data-tab=\"7\" role=\"region\" aria-labelledby=\"elementor-tab-title-1387\"><a href=\"..\/wp-content\/uploads\/docs\/contratos\/2017\/SESC.pdf\" target=\"_blank\" rel=\"noopener noreferrer\">Conv\u00eanio SESC<\/a><br>\n<a href=\"..\/wp-content\/uploads\/docs\/contratos\/2017\/IPOG.pdf\" target=\"_blank\" rel=\"noopener noreferrer\">Conv\u00eanio IPOG<\/a><br>\n<a href=\"..\/wp-content\/uploads\/docs\/contratos\/2017\/BACCS.pdf\" target=\"_blank\" rel=\"noopener noreferrer\">Administra\u00e7\u00e3o de Planos Privados de Sa\u00fade<\/a><br>\n<a href=\"..\/wp-content\/uploads\/docs\/contratos\/2017\/EXTRATOCONTRATOCONVENIOS.pdf\" target=\"_blank\" rel=\"noopener noreferrer\">Extrato de contratos e conv\u00eanios<\/a><br><\/div>\n\t\t\t\t<\/div>\n\t\t\t\t\t\t\t<div class=\"elementor-accordion-item\">\n\t\t\t\t\t<div id=\"elementor-tab-title-1388\" class=\"elementor-tab-title\" data-tab=\"8\" role=\"button\" aria-controls=\"elementor-tab-content-1388\" aria-expanded=\"false\">\n\t\t\t\t\t\t\t\t\t\t\t\t<a class=\"elementor-accordion-title\" tabindex=\"0\">2016<\/a>\n\t\t\t\t\t<\/div>\n\t\t\t\t\t<div id=\"elementor-tab-content-1388\" class=\"elementor-tab-content elementor-clearfix\" data-tab=\"8\" role=\"region\" aria-labelledby=\"elementor-tab-title-1388\"><a href=\"..\/wp-content\/uploads\/docs\/contratos\/2016\/BACSS.pdf\" target=\"_blank\" rel=\"noopener noreferrer\">Administra\u00e7\u00e3o de Planos Privados de Sa\u00fade<\/a><br>\n<a href=\"http:\/\/corecon-pi.org.br\/wp-content\/uploads\/arquivos\/pdf-12.pdf\" target=\"_blank\" rel=\"noopener noreferrer\">Extrato de contratos e conv\u00eanios &#8211; Di\u00e1rio Oficial<\/a><br>\n<a href=\"..\/wp-content\/uploads\/docs\/contratos\/2016\/EXTRATOCONTRATOCONVENIOS.pdf\" target=\"_blank\" rel=\"noopener noreferrer\">Extrato de contratos e conv\u00eanios<\/a><br><\/div>\n\t\t\t\t<\/div>\n\t\t\t\t\t\t\t<div class=\"elementor-accordion-item\">\n\t\t\t\t\t<div id=\"elementor-tab-title-1389\" class=\"elementor-tab-title\" data-tab=\"9\" role=\"button\" aria-controls=\"elementor-tab-content-1389\" aria-expanded=\"false\">\n\t\t\t\t\t\t\t\t\t\t\t\t<a class=\"elementor-accordion-title\" tabindex=\"0\">2015<\/a>\n\t\t\t\t\t<\/div>\n\t\t\t\t\t<div id=\"elementor-tab-content-1389\" class=\"elementor-tab-content elementor-clearfix\" data-tab=\"9\" role=\"region\" aria-labelledby=\"elementor-tab-title-1389\"><a href=\"http:\/\/corecon-pi.org.br\/wp-content\/uploads\/arquivos\/pdf-14.pdf\" target=\"_blank\" rel=\"noopener noreferrer\">Extrato de contratos e conv\u00eanios<\/a><\/div>\n\t\t\t\t<\/div>\n\t\t\t\t\t\t\t<div class=\"elementor-accordion-item\">\n\t\t\t\t\t<div id=\"elementor-tab-title-13810\" class=\"elementor-tab-title\" data-tab=\"10\" role=\"button\" aria-controls=\"elementor-tab-content-13810\" aria-expanded=\"false\">\n\t\t\t\t\t\t\t\t\t\t\t\t<a class=\"elementor-accordion-title\" tabindex=\"0\">2014<\/a>\n\t\t\t\t\t<\/div>\n\t\t\t\t\t<div id=\"elementor-tab-content-13810\" class=\"elementor-tab-content elementor-clearfix\" data-tab=\"10\" role=\"region\" aria-labelledby=\"elementor-tab-title-13810\"><a href=\"http:\/\/corecon-pi.org.br\/wp-content\/uploads\/arquivos\/pdf-13.pdf\" target=\"_blank\" rel=\"noopener noreferrer\">Extrato de contratos e conv\u00eanios<\/a><\/div>\n\t\t\t\t<\/div>\n\t\t\t\t\t\t\t\t<\/div>\n\t\t\t\t\t\t<\/div>\n\t\t\t\t<\/div>\n\t\t\t\t\t<\/div>\n\t\t<\/div>\n\t\t\t\t\t<\/div>\n\t\t<\/section>\n\t\t\t\t<\/div>\n\t\t","protected":false},"excerpt":{"rendered":"<p>2023 Conv\u00eanio SESCExtrato de conv\u00eanios 2022 Hotel HarreyIEPTBConv\u00eanio Rui JulianoExtrato de conv\u00eanios 2021 BSSP Centro Educacional Instituto Navigare IPOG SESC Extrato de conv\u00eanios 2020 Conv\u00eanio SESC Contrato Manuten\u00e7\u00e3o Site Conv\u00eanio Rui Juliano Conv\u00eanio PAEPI Conv\u00eanio IPOG Extrato de conv\u00eanios 2019 Conv\u00eanio IPOG Conv\u00eanio Navigare Conv\u00eanio SESC Conv\u00eanio Printpost Conv\u00eanio CONPEJ Conv\u00eanio CIEE Administra\u00e7\u00e3o de Planos &hellip; <a href=\"https:\/\/corecon-pi.org.br\/transparencia\/convenios\/\" class=\"more-link\">Continue reading <span class=\"screen-reader-text\">Conv\u00eanios<\/span><\/a><\/p>\n","protected":false},"author":2,"featured_media":0,"parent":0,"menu_order":0,"comment_status":"closed","ping_status":"closed","template":"","meta":{"footnotes":""},"class_list":["post-329","page","type-page","status-publish","hentry"],"_links":{"self":[{"href":"https:\/\/corecon-pi.org.br\/transparencia\/wp-json\/wp\/v2\/pages\/329","targetHints":{"allow":["GET"]}}],"collection":[{"href":"https:\/\/corecon-pi.org.br\/transparencia\/wp-json\/wp\/v2\/pages"}],"about":[{"href":"https:\/\/corecon-pi.org.br\/transparencia\/wp-json\/wp\/v2\/types\/page"}],"author":[{"embeddable":true,"href":"https:\/\/corecon-pi.org.br\/transparencia\/wp-json\/wp\/v2\/users\/2"}],"replies":[{"embeddable":true,"href":"https:\/\/corecon-pi.org.br\/transparencia\/wp-json\/wp\/v2\/comments?post=329"}],"version-history":[{"count":18,"href":"https:\/\/corecon-pi.org.br\/transparencia\/wp-json\/wp\/v2\/pages\/329\/revisions"}],"predecessor-version":[{"id":670,"href":"https:\/\/corecon-pi.org.br\/transparencia\/wp-json\/wp\/v2\/pages\/329\/revisions\/670"}],"wp:attachment":[{"href":"https:\/\/corecon-pi.org.br\/transparencia\/wp-json\/wp\/v2\/media?parent=329"}],"curies":[{"name":"wp","href":"https:\/\/api.w.org\/{rel}","templated":true}]}}