{"id":318,"date":"2021-05-17T21:44:42","date_gmt":"2021-05-18T00:44:42","guid":{"rendered":"https:\/\/corecon-pi.org.br\/transparencia\/?page_id=318"},"modified":"2023-12-05T23:18:27","modified_gmt":"2023-12-06T02:18:27","slug":"empenhos-e-pagamentos","status":"publish","type":"page","link":"https:\/\/corecon-pi.org.br\/transparencia\/empenhos-e-pagamentos\/","title":{"rendered":"Empenhos e Pagamentos"},"content":{"rendered":"\t\t<div data-elementor-type=\"wp-page\" data-elementor-id=\"318\" class=\"elementor elementor-318\">\n\t\t\t\t\t\t<section class=\"elementor-section elementor-top-section elementor-element elementor-element-47ac85c3 elementor-section-boxed elementor-section-height-default elementor-section-height-default\" data-id=\"47ac85c3\" data-element_type=\"section\">\n\t\t\t\t\t\t<div class=\"elementor-container elementor-column-gap-default\">\n\t\t\t\t\t<div class=\"elementor-column elementor-col-100 elementor-top-column elementor-element elementor-element-541a8f52\" data-id=\"541a8f52\" data-element_type=\"column\">\n\t\t\t<div class=\"elementor-widget-wrap elementor-element-populated\">\n\t\t\t\t\t\t<div class=\"elementor-element elementor-element-4d417e4a elementor-widget elementor-widget-accordion\" data-id=\"4d417e4a\" data-element_type=\"widget\" data-widget_type=\"accordion.default\">\n\t\t\t\t<div class=\"elementor-widget-container\">\n\t\t\t\t\t\t\t<div class=\"elementor-accordion\">\n\t\t\t\t\t\t\t<div class=\"elementor-accordion-item\">\n\t\t\t\t\t<div id=\"elementor-tab-title-1291\" class=\"elementor-tab-title\" data-tab=\"1\" role=\"button\" aria-controls=\"elementor-tab-content-1291\" aria-expanded=\"false\">\n\t\t\t\t\t\t\t\t\t\t\t\t<a class=\"elementor-accordion-title\" tabindex=\"0\">2023<\/a>\n\t\t\t\t\t<\/div>\n\t\t\t\t\t<div id=\"elementor-tab-content-1291\" class=\"elementor-tab-content elementor-clearfix\" data-tab=\"1\" role=\"region\" aria-labelledby=\"elementor-tab-title-1291\"><p><b>Rela\u00e7\u00e3o de Pagamentos contendo favorecido, data, valor, empenho e forma de pagamento.<br \/><\/b><b>Anexos<\/b>:<br \/><a href=\"\/transparencia\/wp-content\/uploads\/docs\/pagamentos\/2023\/2023-1t.pdf\" target=\"_blank\" rel=\"noopener\">1. Rela\u00e7\u00e3o de pagamentos (1\u00b0 Trimestre)<\/a><br \/><a href=\"\/transparencia\/wp-content\/uploads\/docs\/pagamentos\/2023\/2023-2t.pdf\" target=\"_blank\" rel=\"noopener\">2. Rela\u00e7\u00e3o de pagamentos (2\u00b0 Trimestre)<\/a><br \/><a href=\"\/transparencia\/wp-content\/uploads\/docs\/pagamentos\/2023\/2023-3t.pdf\" target=\"_blank\" rel=\"noopener\">3. Rela\u00e7\u00e3o de pagamentos (3\u00b0 Trimestre)<\/a><br \/><!--a href=\"\/transparencia\/wp-content\/uploads\/docs\/pagamentos\/2023\/2023-4t.pdf\" target=\"_blank\" rel=\"noopener\">3. Rela\u00e7\u00e3o de pagamentos (4\u00b0 Trimestre)<\/a--><\/p><p><b>Notas de Empenho<br \/><\/b><b>Anexos<\/b>:<br \/><a href=\"\/transparencia\/wp-content\/uploads\/docs\/pagamentos\/2023\/empenhos-1t.pdf\" target=\"_blank\" rel=\"noopener\">1. Notas de Empenho (1\u00b0 Trimestre)<\/a><br \/><a href=\"\/transparencia\/wp-content\/uploads\/docs\/pagamentos\/2023\/empenhos-2t.pdf\" target=\"_blank\" rel=\"noopener\">2. Notas de Empenho (2\u00b0 Trimestre)<\/a><br \/><a href=\"\/transparencia\/wp-content\/uploads\/docs\/pagamentos\/2023\/empenhos-3t.pdf\" target=\"_blank\" rel=\"noopener\">2. Notas de Empenho (3\u00b0 Trimestre)<\/a><br \/><!--a href=\"\/transparencia\/wp-content\/uploads\/docs\/pagamentos\/2023\/empenhos-4t.pdf\" target=\"_blank\" rel=\"noopener\">2. Notas de Empenho (4\u00b0 Trimestre)<\/a--><\/p><\/div>\n\t\t\t\t<\/div>\n\t\t\t\t\t\t\t<div class=\"elementor-accordion-item\">\n\t\t\t\t\t<div id=\"elementor-tab-title-1292\" class=\"elementor-tab-title\" data-tab=\"2\" role=\"button\" aria-controls=\"elementor-tab-content-1292\" aria-expanded=\"false\">\n\t\t\t\t\t\t\t\t\t\t\t\t<a class=\"elementor-accordion-title\" tabindex=\"0\">2022<\/a>\n\t\t\t\t\t<\/div>\n\t\t\t\t\t<div id=\"elementor-tab-content-1292\" class=\"elementor-tab-content elementor-clearfix\" data-tab=\"2\" role=\"region\" aria-labelledby=\"elementor-tab-title-1292\"><p><b>Rela\u00e7\u00e3o de Pagamentos contendo favorecido, data, valor, empenho e forma de pagamento.<br \/><\/b><b>Anexos<\/b>:<br \/><a href=\"\/transparencia\/wp-content\/uploads\/docs\/pagamentos\/2022\/2022-1t.pdf\" target=\"_blank\" rel=\"noopener\">1. Rela\u00e7\u00e3o de pagamentos (1\u00b0 Trimestre)<\/a><br \/><a href=\"\/transparencia\/wp-content\/uploads\/docs\/pagamentos\/2022\/2022-2t.pdf\" target=\"_blank\" rel=\"noopener\">2. Rela\u00e7\u00e3o de pagamentos (2\u00b0 Trimestre)<\/a><br \/><a href=\"\/transparencia\/wp-content\/uploads\/docs\/pagamentos\/2022\/2022-3t.pdf\" target=\"_blank\" rel=\"noopener\">3. Rela\u00e7\u00e3o de pagamentos (3\u00b0 Trimestre)<\/a><br \/><a href=\"\/transparencia\/wp-content\/uploads\/docs\/pagamentos\/2022\/2022-4t.pdf\" target=\"_blank\" rel=\"noopener\">3. Rela\u00e7\u00e3o de pagamentos (4\u00b0 Trimestre)<\/a><\/p><p><b>Notas de Empenho<\/b><br \/><b>Anexos<\/b>:<br \/><a href=\"\/transparencia\/wp-content\/uploads\/docs\/pagamentos\/2022\/empenhos-1t.pdf\" target=\"_blank\" rel=\"noopener\">1. Notas de Empenho (1\u00b0 Trimestre)<\/a><br \/><a href=\"\/transparencia\/wp-content\/uploads\/docs\/pagamentos\/2022\/empenhos-2t.pdf\" target=\"_blank\" rel=\"noopener\">2. Notas de Empenho (2\u00b0 Trimestre)<\/a><br \/><a href=\"\/transparencia\/wp-content\/uploads\/docs\/pagamentos\/2022\/empenhos-3t.pdf\" target=\"_blank\" rel=\"noopener\">2. Notas de Empenho (3\u00b0 Trimestre)<\/a><br \/><a href=\"\/transparencia\/wp-content\/uploads\/docs\/pagamentos\/2022\/empenhos-4t.pdf\" target=\"_blank\" rel=\"noopener\">2. Notas de Empenho (4\u00b0 Trimestre)<\/a><\/p><\/div>\n\t\t\t\t<\/div>\n\t\t\t\t\t\t\t<div class=\"elementor-accordion-item\">\n\t\t\t\t\t<div id=\"elementor-tab-title-1293\" class=\"elementor-tab-title\" data-tab=\"3\" role=\"button\" aria-controls=\"elementor-tab-content-1293\" aria-expanded=\"false\">\n\t\t\t\t\t\t\t\t\t\t\t\t<a class=\"elementor-accordion-title\" tabindex=\"0\">2021<\/a>\n\t\t\t\t\t<\/div>\n\t\t\t\t\t<div id=\"elementor-tab-content-1293\" class=\"elementor-tab-content elementor-clearfix\" data-tab=\"3\" role=\"region\" aria-labelledby=\"elementor-tab-title-1293\"><b>Rela\u00e7\u00e3o de Pagamentos contendo favorecido, data, valor, empenho e forma de pagamento.<\/b><br>\n<b>Anexos<\/b>:<br>\n<a href=\"\/transparencia\/wp-content\/uploads\/docs\/pagamentos\/2021\/2021-1t.pdf\" target=\"_blank\" rel=\"noopener\">1. Rela\u00e7\u00e3o de pagamentos (1\u00b0 Trimestre)<\/a><br>\n<a href=\"\/transparencia\/wp-content\/uploads\/docs\/pagamentos\/2021\/2021-2a4t.pdf\" target=\"_blank\" rel=\"noopener\">1. Rela\u00e7\u00e3o de pagamentos (2\u00b0 a 4\u00b0 Trimestre)<\/a><br>\n<br>\n\n<b>Notas de Empenho<\/b><br>\n<b>Anexos<\/b>:<br>\n<a href=\"\/transparencia\/wp-content\/uploads\/docs\/pagamentos\/2021\/empenhos-1t.pdf\" target=\"_blank\" rel=\"noopener\">1. Notas de Empenho (1\u00b0 Trimestre)<\/a><br>\n<a href=\"\/transparencia\/wp-content\/uploads\/docs\/pagamentos\/2021\/empenhos-2t.pdf\" target=\"_blank\" rel=\"noopener\">1. Notas de Empenho (2\u00b0 Trimestre)<\/a><br>\n<a href=\"\/transparencia\/wp-content\/uploads\/docs\/pagamentos\/2021\/empenhos-3t.pdf\" target=\"_blank\" rel=\"noopener\">2. Notas de Empenho (3\u00b0 Trimestre)<\/a><br>\n<a href=\"\/transparencia\/wp-content\/uploads\/docs\/pagamentos\/2021\/empenhos-4t.pdf\" target=\"_blank\" rel=\"noopener\">3. Notas de Empenho (4\u00b0 Trimestre)<\/a><br><\/div>\n\t\t\t\t<\/div>\n\t\t\t\t\t\t\t\t<\/div>\n\t\t\t\t\t\t<\/div>\n\t\t\t\t<\/div>\n\t\t\t\t\t<\/div>\n\t\t<\/div>\n\t\t\t\t\t<\/div>\n\t\t<\/section>\n\t\t\t\t<\/div>\n\t\t","protected":false},"excerpt":{"rendered":"<p>2023 Rela\u00e7\u00e3o de Pagamentos contendo favorecido, data, valor, empenho e forma de pagamento.Anexos:1. Rela\u00e7\u00e3o de pagamentos (1\u00b0 Trimestre)2. Rela\u00e7\u00e3o de pagamentos (2\u00b0 Trimestre)3. Rela\u00e7\u00e3o de pagamentos (3\u00b0 Trimestre) Notas de EmpenhoAnexos:1. Notas de Empenho (1\u00b0 Trimestre)2. Notas de Empenho (2\u00b0 Trimestre)2. Notas de Empenho (3\u00b0 Trimestre) 2022 Rela\u00e7\u00e3o de Pagamentos contendo favorecido, data, valor, empenho &hellip; <a href=\"https:\/\/corecon-pi.org.br\/transparencia\/empenhos-e-pagamentos\/\" class=\"more-link\">Continue reading <span class=\"screen-reader-text\">Empenhos e Pagamentos<\/span><\/a><\/p>\n","protected":false},"author":2,"featured_media":0,"parent":0,"menu_order":0,"comment_status":"closed","ping_status":"closed","template":"","meta":{"footnotes":""},"class_list":["post-318","page","type-page","status-publish","hentry"],"_links":{"self":[{"href":"https:\/\/corecon-pi.org.br\/transparencia\/wp-json\/wp\/v2\/pages\/318","targetHints":{"allow":["GET"]}}],"collection":[{"href":"https:\/\/corecon-pi.org.br\/transparencia\/wp-json\/wp\/v2\/pages"}],"about":[{"href":"https:\/\/corecon-pi.org.br\/transparencia\/wp-json\/wp\/v2\/types\/page"}],"author":[{"embeddable":true,"href":"https:\/\/corecon-pi.org.br\/transparencia\/wp-json\/wp\/v2\/users\/2"}],"replies":[{"embeddable":true,"href":"https:\/\/corecon-pi.org.br\/transparencia\/wp-json\/wp\/v2\/comments?post=318"}],"version-history":[{"count":34,"href":"https:\/\/corecon-pi.org.br\/transparencia\/wp-json\/wp\/v2\/pages\/318\/revisions"}],"predecessor-version":[{"id":693,"href":"https:\/\/corecon-pi.org.br\/transparencia\/wp-json\/wp\/v2\/pages\/318\/revisions\/693"}],"wp:attachment":[{"href":"https:\/\/corecon-pi.org.br\/transparencia\/wp-json\/wp\/v2\/media?parent=318"}],"curies":[{"name":"wp","href":"https:\/\/api.w.org\/{rel}","templated":true}]}}