{"id":314,"date":"2021-05-13T20:29:55","date_gmt":"2021-05-13T23:29:55","guid":{"rendered":"https:\/\/corecon-pi.org.br\/transparencia\/?page_id=314"},"modified":"2021-05-13T20:29:55","modified_gmt":"2021-05-13T23:29:55","slug":"editais-e-resultados-2015","status":"publish","type":"page","link":"https:\/\/corecon-pi.org.br\/transparencia\/editais-e-resultados-2015\/","title":{"rendered":"Editais e Resultados 2015"},"content":{"rendered":"<p><strong>OBJETO:<\/strong> CONTRATA\u00c7\u00c3O PARA PRESTA\u00c7\u00c3O DE SERVI\u00c7OS DE ASSESSORIA DE IMPRENSA<\/p>\n<p><strong>MODALILDADE<\/strong>: CONVITE (ART. 23, INCISO II, LEI N\u00b0. 8.666\/93, ATUALIZADA PELA LEI N\u00b0. 9648\/98)<\/p>\n<p><strong>AVISO<\/strong>: O CORECON- PI \u00e9 uma entidade qualificada como autarquia federal, e como tal, est\u00e1 sujeita \u00e0 obrigatoriedade de realizar o devido procedimento licitat\u00f3rio para a aquisi\u00e7\u00e3o de bens e servi\u00e7os dos quais necessitar, consoante estabelece o art. 37, XXI da CRFB e a Lei n\u00ba 8.666\/93.<\/p>\n<p>Os servi\u00e7os ora requeridos dever\u00e3o ser contratados e executados de acordo com O TERMO DE REFER\u00caNCIA, elaborado pela Comiss\u00e3o de Licita\u00e7\u00e3o do CORECON\/PI; a proposta e os documentos para habilita\u00e7\u00e3o dever\u00e3o ser apresentados, em envelope fechado, conforme estabelecido pelo EDITAL.<\/p>\n<p><strong>ANEXOS:<\/strong><\/p>\n<ol>\n<li><a href=\"\/transparencia\/wp-content\/uploads\/docs\/licitacoes\/editais-resultados\/2015\/01.pdf\" target=\"_blank\" rel=\"noopener\">Edital<\/a><\/li>\n<li><a href=\"\/transparencia\/wp-content\/uploads\/docs\/licitacoes\/editais-resultados\/2015\/02.pdf\" target=\"_blank\" rel=\"noopener\">Termo de Refer\u00eancia<\/a><\/li>\n<li><a href=\"\/transparencia\/wp-content\/uploads\/docs\/licitacoes\/editais-resultados\/2015\/03.pdf\" target=\"_blank\" rel=\"noopener\">Aviso de Licita\u00e7\u00e3o<\/a><\/li>\n<li><a href=\"\/transparencia\/wp-content\/uploads\/docs\/licitacoes\/editais-resultados\/2015\/04.pdf\" target=\"_blank\" rel=\"noopener\">Aviso de Licita\u00e7\u00e3o: prorroga\u00e7\u00e3o<\/a><\/li>\n<\/ol>\n<p><strong>RESULTADO <\/strong>em 09\/03\/2015, com vig\u00eancia de 06 (seis) meses:<strong> ROSA EDITE DA SILVEIRA ROCHA<\/strong><\/p>\n","protected":false},"excerpt":{"rendered":"<p>OBJETO: CONTRATA\u00c7\u00c3O PARA PRESTA\u00c7\u00c3O DE SERVI\u00c7OS DE ASSESSORIA DE IMPRENSA MODALILDADE: CONVITE (ART. 23, INCISO II, LEI N\u00b0. 8.666\/93, ATUALIZADA PELA LEI N\u00b0. 9648\/98) AVISO: O CORECON- PI \u00e9 uma entidade qualificada como autarquia federal, e como tal, est\u00e1 sujeita \u00e0 obrigatoriedade de realizar o devido procedimento licitat\u00f3rio para a aquisi\u00e7\u00e3o de bens e servi\u00e7os &hellip; <a href=\"https:\/\/corecon-pi.org.br\/transparencia\/editais-e-resultados-2015\/\" class=\"more-link\">Continue reading <span class=\"screen-reader-text\">Editais e Resultados 2015<\/span><\/a><\/p>\n","protected":false},"author":2,"featured_media":0,"parent":0,"menu_order":0,"comment_status":"closed","ping_status":"closed","template":"","meta":{"footnotes":""},"class_list":["post-314","page","type-page","status-publish","hentry"],"_links":{"self":[{"href":"https:\/\/corecon-pi.org.br\/transparencia\/wp-json\/wp\/v2\/pages\/314","targetHints":{"allow":["GET"]}}],"collection":[{"href":"https:\/\/corecon-pi.org.br\/transparencia\/wp-json\/wp\/v2\/pages"}],"about":[{"href":"https:\/\/corecon-pi.org.br\/transparencia\/wp-json\/wp\/v2\/types\/page"}],"author":[{"embeddable":true,"href":"https:\/\/corecon-pi.org.br\/transparencia\/wp-json\/wp\/v2\/users\/2"}],"replies":[{"embeddable":true,"href":"https:\/\/corecon-pi.org.br\/transparencia\/wp-json\/wp\/v2\/comments?post=314"}],"version-history":[{"count":1,"href":"https:\/\/corecon-pi.org.br\/transparencia\/wp-json\/wp\/v2\/pages\/314\/revisions"}],"predecessor-version":[{"id":315,"href":"https:\/\/corecon-pi.org.br\/transparencia\/wp-json\/wp\/v2\/pages\/314\/revisions\/315"}],"wp:attachment":[{"href":"https:\/\/corecon-pi.org.br\/transparencia\/wp-json\/wp\/v2\/media?parent=314"}],"curies":[{"name":"wp","href":"https:\/\/api.w.org\/{rel}","templated":true}]}}