{"id":303,"date":"2021-05-13T20:14:37","date_gmt":"2021-05-13T23:14:37","guid":{"rendered":"https:\/\/corecon-pi.org.br\/transparencia\/?page_id=303"},"modified":"2021-05-13T20:15:19","modified_gmt":"2021-05-13T23:15:19","slug":"editais-e-resultados-2020","status":"publish","type":"page","link":"https:\/\/corecon-pi.org.br\/transparencia\/editais-e-resultados-2020\/","title":{"rendered":"Editais e Resultados 2020"},"content":{"rendered":"<p><strong>OBJETO:<\/strong> CONTRATA\u00c7\u00c3O PARA PRESTA\u00c7\u00c3O DE SERVI\u00c7OS DE ASSESSORIA DE JUR\u00cdDICA<\/p>\n<p><strong>MODALILDADE<\/strong>: CONVITE (Art. 23, II, a, da Lei n\u00ba. 8.666\/63, atualizada pelo Decreto n\u00b0. 9.412\/2018)<\/p>\n<p><strong>\u00a0AVISO<\/strong>: O CORECON- PI \u00e9 uma entidade qualificada como autarquia federal, e como tal, est\u00e1 sujeita \u00e0 obrigatoriedade de realizar o devido procedimento licitat\u00f3rio para a aquisi\u00e7\u00e3o de bens e servi\u00e7os dos quais necessitar, consoante estabelece o art. 37, XXI da CRFB e a Lei n\u00ba 8.666\/93.<\/p>\n<p>Os servi\u00e7os ora requeridos dever\u00e3o ser contratados e executados de acordo com O <a href=\"\/transparencia\/wp-content\/uploads\/docs\/licitacoes\/editais-resultados\/2020\/01.pdf\" target=\"_blank\" rel=\"noopener\">TERMO DE REFER\u00caNCIA<\/a>, elaborado pela Comiss\u00e3o de Licita\u00e7\u00e3o do CORECON\/PI; a proposta e os documentos para habilita\u00e7\u00e3o dever\u00e3o ser apresentados, em envelope fechado.<\/p>\n<p><strong>RESULTADO <\/strong>em 01\/05\/2020, com vig\u00eancia de 12 (doze) meses:<strong> CAIO BENVINDO MARTINS PAULO<\/strong><\/p>\n<p>&nbsp;<\/p>\n<hr \/>\n<p>&nbsp;<\/p>\n<p><strong>OBJETO:<\/strong> CONTRATA\u00c7\u00c3O PARA PRESTA\u00c7\u00c3O DE SERVI\u00c7OS DE ASSESSORIA CONT\u00c1BIL<\/p>\n<p><strong>MODALILDADE<\/strong>: CONVITE (Art. 23, II, a, da Lei n\u00ba. 8.666\/63, atualizada pelo Decreto n\u00b0. 9.412\/2018)<\/p>\n<p><strong>\u00a0AVISO<\/strong>: O CORECON- PI \u00e9 uma entidade qualificada como autarquia federal, e como tal, est\u00e1 sujeita \u00e0 obrigatoriedade de realizar o devido procedimento licitat\u00f3rio para a aquisi\u00e7\u00e3o de bens e servi\u00e7os dos quais necessitar, consoante estabelece o art. 37, XXI da CRFB e a Lei n\u00ba 8.666\/93.<\/p>\n<p>Os servi\u00e7os ora requeridos dever\u00e3o ser contratados e executados de acordo com O <a href=\"\/transparencia\/wp-content\/uploads\/docs\/licitacoes\/editais-resultados\/2020\/02.pdf\" target=\"_blank\" rel=\"noopener\">TERMO DE REFER\u00caNCIA<\/a>, elaborado pela Comiss\u00e3o de Licita\u00e7\u00e3o do CORECON\/PI; a proposta e os documentos para habilita\u00e7\u00e3o dever\u00e3o ser apresentados, em envelope fechado.<\/p>\n<p><strong>RESULTADO <\/strong>em 01\/05\/2020, com vig\u00eancia de 12 (doze) meses:<strong> ASSESCON \u2013 ASSESSORIA E CONSULTORIA CONT\u00c1BIL LTDA-ME<\/strong><\/p>\n<p>&nbsp;<\/p>\n<hr \/>\n<p>&nbsp;<\/p>\n<p><strong>OBJETO:<\/strong> COMPRA DE DUAS CADEIRAS SECRET\u00c1RIAS, COM BRA\u00c7O, E UMA LONGARINA DE 02 LUGARES<\/p>\n<p><strong>MODALILDADE<\/strong>: CONVITE (ART. 23, II, A, DA LEI N\u00ba. 8.666\/63, ATUALIZADA PELO DECRETO N\u00b0. 9.412\/2018)<\/p>\n<p><strong>\u00a0AVISO<\/strong>: O CORECON- PI \u00e9 uma entidade qualificada como autarquia federal, e como tal, est\u00e1 sujeita \u00e0 obrigatoriedade de realizar o devido procedimento licitat\u00f3rio para a aquisi\u00e7\u00e3o de bens e servi\u00e7os dos quais necessitar, consoante estabelece o art. 37, XXI da CRFB e a Lei n\u00ba 8.666\/93.<\/p>\n<p>O produto ser\u00e1 adquirido de acordo com resumo da <a href=\"\/transparencia\/wp-content\/uploads\/docs\/licitacoes\/editais-resultados\/2020\/03.pdf\" target=\"_blank\" rel=\"noopener\">COLETA DE COTA\u00c7\u00c3O DE PRE\u00c7OS<\/a>, elaborado pela Comiss\u00e3o de Licita\u00e7\u00e3o do CORECON\/PI.<\/p>\n<p><strong>RESULTADO <\/strong>em 25\/09\/2020, empresa vencedora <strong>GRUPO RECICLE<\/strong><\/p>\n<p>&nbsp;<\/p>\n<p><strong>\u00a0<\/strong><\/p>\n<hr \/>\n<p><strong>\u00a0<\/strong><\/p>\n<p>&nbsp;<\/p>\n<p><strong>OBJETO:<\/strong> COMPRA DE UM AR CONDICIONADO 12.000 BTUS<\/p>\n<p><strong>MODALILDADE<\/strong>: CONVITE (ART. 23, II, A, DA LEI N\u00ba. 8.666\/63, ATUALIZADA PELO DECRETO N\u00b0. 9.412\/2018)<\/p>\n<p><strong>\u00a0AVISO<\/strong>: O CORECON- PI \u00e9 uma entidade qualificada como autarquia federal, e como tal, est\u00e1 sujeita \u00e0 obrigatoriedade de realizar o devido procedimento licitat\u00f3rio para a aquisi\u00e7\u00e3o de bens e servi\u00e7os dos quais necessitar, consoante estabelece o art. 37, XXI da CRFB e a Lei n\u00ba 8.666\/93.<\/p>\n<p>O produto ser\u00e1 adquirido de acordo com resumo da <a href=\"\/transparencia\/wp-content\/uploads\/docs\/licitacoes\/editais-resultados\/2020\/04.pdf\" target=\"_blank\" rel=\"noopener\">COLETA DE COTA\u00c7\u00c3O DE PRE\u00c7OS<\/a>, elaborado pela Comiss\u00e3o de Licita\u00e7\u00e3o do CORECON\/PI.<\/p>\n<p><strong>RESULTADO <\/strong>em 03\/11\/2020, empresa vencedora <strong>LOJAS <\/strong><strong>J. BRITTO<\/strong><\/p>\n","protected":false},"excerpt":{"rendered":"<p>OBJETO: CONTRATA\u00c7\u00c3O PARA PRESTA\u00c7\u00c3O DE SERVI\u00c7OS DE ASSESSORIA DE JUR\u00cdDICA MODALILDADE: CONVITE (Art. 23, II, a, da Lei n\u00ba. 8.666\/63, atualizada pelo Decreto n\u00b0. 9.412\/2018) \u00a0AVISO: O CORECON- PI \u00e9 uma entidade qualificada como autarquia federal, e como tal, est\u00e1 sujeita \u00e0 obrigatoriedade de realizar o devido procedimento licitat\u00f3rio para a aquisi\u00e7\u00e3o de bens e &hellip; <a href=\"https:\/\/corecon-pi.org.br\/transparencia\/editais-e-resultados-2020\/\" class=\"more-link\">Continue reading <span class=\"screen-reader-text\">Editais e Resultados 2020<\/span><\/a><\/p>\n","protected":false},"author":2,"featured_media":0,"parent":0,"menu_order":0,"comment_status":"closed","ping_status":"closed","template":"","meta":{"footnotes":""},"class_list":["post-303","page","type-page","status-publish","hentry"],"_links":{"self":[{"href":"https:\/\/corecon-pi.org.br\/transparencia\/wp-json\/wp\/v2\/pages\/303","targetHints":{"allow":["GET"]}}],"collection":[{"href":"https:\/\/corecon-pi.org.br\/transparencia\/wp-json\/wp\/v2\/pages"}],"about":[{"href":"https:\/\/corecon-pi.org.br\/transparencia\/wp-json\/wp\/v2\/types\/page"}],"author":[{"embeddable":true,"href":"https:\/\/corecon-pi.org.br\/transparencia\/wp-json\/wp\/v2\/users\/2"}],"replies":[{"embeddable":true,"href":"https:\/\/corecon-pi.org.br\/transparencia\/wp-json\/wp\/v2\/comments?post=303"}],"version-history":[{"count":2,"href":"https:\/\/corecon-pi.org.br\/transparencia\/wp-json\/wp\/v2\/pages\/303\/revisions"}],"predecessor-version":[{"id":305,"href":"https:\/\/corecon-pi.org.br\/transparencia\/wp-json\/wp\/v2\/pages\/303\/revisions\/305"}],"wp:attachment":[{"href":"https:\/\/corecon-pi.org.br\/transparencia\/wp-json\/wp\/v2\/media?parent=303"}],"curies":[{"name":"wp","href":"https:\/\/api.w.org\/{rel}","templated":true}]}}