{"id":299,"date":"2021-05-13T20:08:58","date_gmt":"2021-05-13T23:08:58","guid":{"rendered":"https:\/\/corecon-pi.org.br\/transparencia\/?page_id=299"},"modified":"2022-08-21T15:04:18","modified_gmt":"2022-08-21T18:04:18","slug":"editais-e-resultados-2021","status":"publish","type":"page","link":"https:\/\/corecon-pi.org.br\/transparencia\/editais-e-resultados-2021\/","title":{"rendered":"Editais e Resultados 2021"},"content":{"rendered":"<p><strong>OBJETO:<\/strong>\u00a0COMPRA DE UM SMARTPHONE MOTO E6S<br \/>\n<strong>MODALILDADE<\/strong>: CONVITE (ART. 23, II, A, DA LEI N\u00ba. 8.666\/63, ATUALIZADA PELO DECRETO N\u00b0. 9.412\/2018)<br \/>\n<strong>AVISO<\/strong>: O CORECON- PI \u00e9 uma entidade qualificada como autarquia federal, e como tal, est\u00e1 sujeita \u00e0 obrigatoriedade de realizar o devido procedimento licitat\u00f3rio para a aquisi\u00e7\u00e3o de bens e servi\u00e7os dos quais necessitar, consoante estabelece o art. 37, XXI da CRFB e a Lei n\u00ba 8.666\/93.<br \/>\nOs servi\u00e7os ora requeridos dever\u00e3o ser contratados e executados de acordo com resumo da\u00a0<a href=\"https:\/\/corecon-pi.org.br\/transparencia\/wp-content\/uploads\/docs\/licitacoes\/editais-resultados\/2021\/COTACAOPRECOS-INSTALACAO.pdf\">COLETA DE COTA\u00c7\u00c3O DE PRE\u00c7OS<\/a>, elaborado pela Comiss\u00e3o de Licita\u00e7\u00e3o do CORECON\/PI.<br \/>\n<strong>RESULTADO\u00a0<\/strong>em 13\/05\/2021, empresa vencedora\u00a0<strong>PINTOS LTDA<\/strong><\/p>\n<hr \/>\n<p><strong><br \/>\nOBJETO:<\/strong>\u00a0CONTRATA\u00c7\u00c3O DIRETA DE EMPRESA DE NOT\u00d3RIA ESPECIALIZA\u00c7\u00c3O NO RAMO DE CONTABILIDADE P\u00daBLICA<br \/>\n<strong>MODALILDADE<\/strong>: INEXIBILIDADE DE LICITA\u00c7\u00c3O CONFORME LEI N\u00ba. 8.666\/63, ART. 13 C\/C 25 (ATUALIZADA PELO DECRETO N\u00b0. 9.412\/2018)<br \/>\n<strong>AVISO<\/strong>: O CORECON- PI \u00e9 uma entidade qualificada como autarquia federal, e como tal, est\u00e1 sujeita \u00e0 obrigatoriedade de realizar o devido procedimento licitat\u00f3rio para a aquisi\u00e7\u00e3o de bens e servi\u00e7os dos quais necessitar, consoante estabelece o art. 37, XXI da CRFB e a Lei n\u00ba 8.666\/93.<br \/>\n<strong>RESULTADO\u00a0<\/strong>em 30\/09\/2021, empresa contratada, por 12 (doze) meses <strong>ASSESCON ASSESSORIA E CONSULTORIA CONT\u00c1BIL LTDA (CRC-PI n\u00b0. 0443\/O-0)<\/strong><\/p>\n<hr \/>\n<p><strong><br \/>\nOBJETO:<\/strong>\u00a0CONTRATA\u00c7\u00c3O DIRETA DE PESSOA F\u00cdSICA COM NOT\u00d3RIA ESPECIALIZA\u00c7\u00c3O NO RAMO DO DIREITO P\u00daBLICO<br \/>\n<strong>MODALILDADE<\/strong>: INEXIBILIDADE DE LICITA\u00c7\u00c3O CONFORME LEI N\u00ba. 8.666\/63, ART. 13 C\/C 25 (ATUALIZADA PELO DECRETO N\u00b0. 9.412\/2018)<br \/>\n<strong>AVISO<\/strong>: O CORECON- PI \u00e9 uma entidade qualificada como autarquia federal, e como tal, est\u00e1 sujeita \u00e0 obrigatoriedade de realizar o devido procedimento licitat\u00f3rio para a aquisi\u00e7\u00e3o de bens e servi\u00e7os dos quais necessitar, consoante estabelece o art. 37, XXI da CRFB e a Lei n\u00ba 8.666\/93.<br \/>\n<strong>RESULTADO\u00a0<\/strong>em 30\/09\/2021, pessoa contratada, por 12 (doze) meses <strong>CAIO BENVINDO MARTINS PAULO (OAB-PI n\u00b0. 8469)<\/strong><\/p>\n<hr \/>\n<p><strong><br \/>\nOBJETO:<\/strong> CONTRATA\u00c7\u00c3O PARA PRESTA\u00c7\u00c3O DE SERVI\u00c7OS DE DESISTALA\u00c7\u00c3O E INSTALA\u00c7\u00c3O DE AR CONDICIONADOS<br \/>\n<strong>MODALILDADE<\/strong>: CONVITE (DECRETO FEDERAL 9.412\/2018, ART. 1\u00ba, INCISO II, ITEM A)<br \/>\n<strong>AVISO<\/strong>: O CORECON- PI \u00e9 uma entidade qualificada como autarquia federal, e como tal, est\u00e1 sujeita \u00e0 obrigatoriedade de realizar o devido procedimento licitat\u00f3rio para a aquisi\u00e7\u00e3o de bens e servi\u00e7os dos quais necessitar, consoante estabelece o art. 37, XXI da CRFB e a Lei n\u00ba 8.666\/93.<br \/>\nOs servi\u00e7os ora requeridos dever\u00e3o ser contratados e executados de acordo com resumo da <a href=\"\/transparencia\/wp-content\/uploads\/docs\/licitacoes\/editais-resultados\/2021\/COTACAOPRECOS-INSTALACAO.pdf\" target=\"_blank\" rel=\"noopener\">COLETA DE COTA\u00c7\u00c3O DE PRE\u00c7OS<\/a>, elaborado pela Comiss\u00e3o de Licita\u00e7\u00e3o do CORECON\/PI.<br \/>\n<strong>RESULTADO <\/strong>em 26\/04\/2021, empresa contratada para execu\u00e7\u00e3o do servi\u00e7o <strong>MATIAS REFRIGERA\u00c7\u00c3O<\/strong><\/p>\n<p>&nbsp;<\/p>\n<hr \/>\n<p>&nbsp;<\/p>\n<p><strong>OBJETO:<\/strong> COMPRA DE UM FORNO MICRO ONDAS (21L) E UMA CAFETEIRA EXPRESS B\u00c1SICA<br \/>\n<strong>MODALILDADE<\/strong>: CONVITE (ART. 23, II, A, DA LEI N\u00ba. 8.666\/63, ATUALIZADA PELO DECRETO N\u00b0. 9.412\/2018)<br \/>\n<strong>\u00a0AVISO<\/strong>: O CORECON- PI \u00e9 uma entidade qualificada como autarquia federal, e como tal, est\u00e1 sujeita \u00e0 obrigatoriedade de realizar o devido procedimento licitat\u00f3rio para a aquisi\u00e7\u00e3o de bens e servi\u00e7os dos quais necessitar, consoante estabelece o art. 37, XXI da CRFB e a Lei n\u00ba 8.666\/93.<br \/>\nOs produtos ser\u00e3o adquiridos de acordo com o resumo da <a href=\"\/transparencia\/wp-content\/uploads\/docs\/licitacoes\/editais-resultados\/2021\/COTACAO-MICROONDAS.pdf\" target=\"_blank\" rel=\"noopener\">COLETA DE COTA\u00c7\u00c3O DE PRE\u00c7OS<\/a>, elaborado pela Comiss\u00e3o de Licita\u00e7\u00e3o do CORECON\/PI.<br \/>\n<strong>RESULTADO <\/strong>em 26\/04\/2021, empresa vencedora <strong>PINTOS LTDA<\/strong><\/p>\n","protected":false},"excerpt":{"rendered":"<p>OBJETO:\u00a0COMPRA DE UM SMARTPHONE MOTO E6S MODALILDADE: CONVITE (ART. 23, II, A, DA LEI N\u00ba. 8.666\/63, ATUALIZADA PELO DECRETO N\u00b0. 9.412\/2018) AVISO: O CORECON- PI \u00e9 uma entidade qualificada como autarquia federal, e como tal, est\u00e1 sujeita \u00e0 obrigatoriedade de realizar o devido procedimento licitat\u00f3rio para a aquisi\u00e7\u00e3o de bens e servi\u00e7os dos quais necessitar, &hellip; <a href=\"https:\/\/corecon-pi.org.br\/transparencia\/editais-e-resultados-2021\/\" class=\"more-link\">Continue reading <span class=\"screen-reader-text\">Editais e Resultados 2021<\/span><\/a><\/p>\n","protected":false},"author":2,"featured_media":0,"parent":0,"menu_order":0,"comment_status":"closed","ping_status":"closed","template":"","meta":{"footnotes":""},"class_list":["post-299","page","type-page","status-publish","hentry"],"_links":{"self":[{"href":"https:\/\/corecon-pi.org.br\/transparencia\/wp-json\/wp\/v2\/pages\/299","targetHints":{"allow":["GET"]}}],"collection":[{"href":"https:\/\/corecon-pi.org.br\/transparencia\/wp-json\/wp\/v2\/pages"}],"about":[{"href":"https:\/\/corecon-pi.org.br\/transparencia\/wp-json\/wp\/v2\/types\/page"}],"author":[{"embeddable":true,"href":"https:\/\/corecon-pi.org.br\/transparencia\/wp-json\/wp\/v2\/users\/2"}],"replies":[{"embeddable":true,"href":"https:\/\/corecon-pi.org.br\/transparencia\/wp-json\/wp\/v2\/comments?post=299"}],"version-history":[{"count":4,"href":"https:\/\/corecon-pi.org.br\/transparencia\/wp-json\/wp\/v2\/pages\/299\/revisions"}],"predecessor-version":[{"id":441,"href":"https:\/\/corecon-pi.org.br\/transparencia\/wp-json\/wp\/v2\/pages\/299\/revisions\/441"}],"wp:attachment":[{"href":"https:\/\/corecon-pi.org.br\/transparencia\/wp-json\/wp\/v2\/media?parent=299"}],"curies":[{"name":"wp","href":"https:\/\/api.w.org\/{rel}","templated":true}]}}