{"id":290,"date":"2021-05-12T23:17:27","date_gmt":"2021-05-13T02:17:27","guid":{"rendered":"https:\/\/corecon-pi.org.br\/transparencia\/?page_id=290"},"modified":"2021-05-12T23:17:27","modified_gmt":"2021-05-13T02:17:27","slug":"passagens-e-diarias-2016","status":"publish","type":"page","link":"https:\/\/corecon-pi.org.br\/transparencia\/passagens-e-diarias-2016\/","title":{"rendered":"Passagens e Di\u00e1rias 2016"},"content":{"rendered":"<div style=\"overflow-x: auto;\">\n<table>\n<tbody>\n<tr>\n<td width=\"108\"><strong>PROPOSTO<\/strong><\/td>\n<td width=\"145\"><strong>CARGO\/FUN\u00c7\u00c3O<\/strong><\/td>\n<td width=\"95\"><strong>PERIODO DA VIAGEM<\/strong><\/td>\n<td width=\"155\"><strong>ORIGEM\/DESTINO<\/strong><\/td>\n<td width=\"87\"><strong>N\u00ba. DE DI\u00c1RIAS<\/strong><\/td>\n<td width=\"80\"><strong>VALOR TOTAL R$<\/strong><\/td>\n<td width=\"154\"><strong>MOTIVO<\/strong><\/td>\n<td width=\"124\"><strong>MEIO DE TRANSPORTE<\/strong><\/td>\n<\/tr>\n<tr>\n<td width=\"108\">Teresinha de Jesus Ferreira da Silva<\/td>\n<td width=\"145\">&nbsp;<\/p>\n<p>Presidente da Comiss\u00e3o do XXVIII ENE<\/td>\n<td width=\"95\">01\/04 a 04\/04\/2016<\/td>\n<td width=\"155\">&nbsp;<\/p>\n<p>THE\/PHB\/THE<\/td>\n<td width=\"87\">&nbsp;<\/p>\n<p>02<\/td>\n<td width=\"80\">&nbsp;<\/p>\n<p>500,00<\/td>\n<td width=\"154\">&nbsp;<\/p>\n<p>Organiza\u00e7\u00e3o XXVIII ENE<\/td>\n<td width=\"124\">&nbsp;<\/p>\n<p>Terrestre<\/td>\n<\/tr>\n<tr>\n<td width=\"108\">Teresinha de Jesus Ferreira da Silva<\/td>\n<td width=\"145\">&nbsp;<\/p>\n<p>Presidente da Comiss\u00e3o do XXVIII ENE<\/td>\n<td width=\"95\">15\/06 A 19\/06\/2016<\/td>\n<td width=\"155\">&nbsp;<\/p>\n<p>THE\/PHB\/THE<\/td>\n<td width=\"87\">&nbsp;<\/p>\n<p>01<\/td>\n<td width=\"80\">&nbsp;<\/p>\n<p>250,00<\/td>\n<td width=\"154\">Despachos organizacionais com a programa\u00e7\u00e3o relativa ao XXVIII ENE\/2016<\/td>\n<td width=\"124\">&nbsp;<\/p>\n<p>Terrestre<\/td>\n<\/tr>\n<tr>\n<td width=\"108\">Maria do Esp\u00edrito Santo G. de O. Silva<\/td>\n<td width=\"145\">Secret\u00e1ria Executiva<\/td>\n<td width=\"95\">15\/06 A 19\/06\/2016<\/td>\n<td width=\"155\">&nbsp;<\/p>\n<p>THE\/PHB\/THE<\/td>\n<td width=\"87\">04<\/td>\n<td width=\"80\">1.000,00<\/td>\n<td width=\"154\">Participa\u00e7\u00e3o e organiza\u00e7\u00e3o no XXVIII<\/td>\n<td width=\"124\">&nbsp;<\/p>\n<p>Terrestre<\/td>\n<\/tr>\n<tr>\n<td width=\"108\">Edson Chaves Ferreira<\/td>\n<td width=\"145\">&nbsp;<\/p>\n<p>Presidente<\/td>\n<td width=\"95\">15\/06 A 19\/06\/2016<\/td>\n<td width=\"155\">&nbsp;<\/p>\n<p>THE\/PHB\/THE<\/td>\n<td width=\"87\">04<\/td>\n<td width=\"80\">1.000,00<\/td>\n<td width=\"154\">Programa\u00e7\u00e3o relativa ao XXVIII ENE, despachos organizacionais<\/p>\n<p>&nbsp;<\/td>\n<td width=\"124\">&nbsp;<\/p>\n<p>Terrestre<\/td>\n<\/tr>\n<tr>\n<td width=\"108\">Teresinha de Jesus Ferreira da Silva<\/td>\n<td width=\"145\">&nbsp;<\/p>\n<p>Presidente da Comiss\u00e3o do XXVIII ENE<\/td>\n<td width=\"95\">15\/06 A 19\/06\/2016<\/td>\n<td width=\"155\">&nbsp;<\/p>\n<p>THE\/PHB\/THE<\/td>\n<td width=\"87\">&nbsp;<\/p>\n<p>03<\/td>\n<td width=\"80\">&nbsp;<\/p>\n<p>750,00<\/td>\n<td width=\"154\">Despachos organizacionais com a programa\u00e7\u00e3o relativa ao XXVIII ENE\/2016<\/td>\n<td width=\"124\">&nbsp;<\/p>\n<p>Terrestre<\/td>\n<\/tr>\n<tr>\n<td width=\"108\">&nbsp;<\/p>\n<p>Dorgilan Rodrigues da Cruz<\/td>\n<td width=\"145\">&nbsp;<\/p>\n<p>&nbsp;<\/p>\n<p>Conselheiro Efetivo<\/td>\n<td width=\"95\">&nbsp;<\/p>\n<p>15\/06 a 18\/06\/2016<\/td>\n<td width=\"155\">&nbsp;<\/p>\n<p>&nbsp;<\/p>\n<p>THE\/PHB\/THE<\/td>\n<td width=\"87\">&nbsp;<\/p>\n<p>&nbsp;<\/p>\n<p>02<\/td>\n<td width=\"80\">&nbsp;<\/p>\n<p>&nbsp;<\/p>\n<p>500,00<\/td>\n<td width=\"154\">Coordenador do 2\u00ba Workshop: Certid\u00e3o da Divida Ativa e sua import\u00e2ncia no saneamento das Institui\u00e7\u00f5es \u2013 no XXVIII ENE Empreendedorismo<\/td>\n<td width=\"124\">&nbsp;<\/p>\n<p>&nbsp;<\/p>\n<p>Terrestre<\/td>\n<\/tr>\n<tr>\n<td width=\"108\">&nbsp;<\/p>\n<p>Kessiane Vieira Abreu<\/td>\n<td width=\"145\">&nbsp;<\/p>\n<p>Auxiliar de Fiscaliza\u00e7\u00e3o<\/td>\n<td width=\"95\">&nbsp;<\/p>\n<p>14\/06 a 19\/06\/2016<\/td>\n<td width=\"155\">&nbsp;<\/p>\n<p>THE\/PHB\/THE<\/td>\n<td width=\"87\">&nbsp;<\/p>\n<p>04 di\u00e1rias e meia<\/td>\n<td width=\"80\">&nbsp;<\/p>\n<p>1.125,00<\/td>\n<td width=\"154\">Programa\u00e7\u00e3o relativa ao XXVIII ENE, despachos organizacionais<\/p>\n<p>&nbsp;<\/td>\n<td width=\"124\">&nbsp;<\/p>\n<p>Terrestre<\/td>\n<\/tr>\n<tr>\n<td width=\"108\">Jos\u00e9 Manuel Monteiro Rosa Sim\u00f5es Moedas<\/td>\n<td width=\"145\">&nbsp;<\/p>\n<p>Conselheiro<\/td>\n<td width=\"95\">15\/06 a 18\/06\/2016<\/td>\n<td width=\"155\">&nbsp;<\/p>\n<p>THE\/PHB\/THE<\/td>\n<td width=\"87\">02<\/td>\n<td width=\"80\">500,00<\/td>\n<td width=\"154\">Coordenador da 3\u00aa Mesa de Debates: As bases conceituais dos cursos de Economia e a necessidade de Mercado de Trabalho \u2013 no XXVIII ENE<\/td>\n<td width=\"124\">&nbsp;<\/p>\n<p>Terrestre<\/td>\n<\/tr>\n<tr>\n<td width=\"108\">&nbsp;<\/p>\n<p>&nbsp;<\/p>\n<p>Antonio Carlos de Andrade<\/td>\n<td width=\"145\">&nbsp;<\/p>\n<p>&nbsp;<\/p>\n<p>Economista\/Debatedor<\/td>\n<td width=\"95\">&nbsp;<\/p>\n<p>&nbsp;<\/p>\n<p>17 e 18\/06\/2016<\/td>\n<td width=\"155\">&nbsp;<\/p>\n<p>&nbsp;<\/p>\n<p>&nbsp;<\/p>\n<p>THE\/PHB\/THE<\/td>\n<td width=\"87\">&nbsp;<\/p>\n<p>&nbsp;<\/p>\n<p>&nbsp;<\/p>\n<p>01<\/td>\n<td width=\"80\">&nbsp;<\/p>\n<p>&nbsp;<\/p>\n<p>&nbsp;<\/p>\n<p>250,00<\/td>\n<td width=\"154\">Debatedor no 7\u00ba Workshop: Elementos para um novo pacto federativo no Brasil no XXVIII ENE<\/td>\n<td width=\"124\">&nbsp;<\/p>\n<p>&nbsp;<\/p>\n<p>&nbsp;<\/p>\n<p>Terrestre<\/td>\n<\/tr>\n<tr>\n<td width=\"108\">&nbsp;<\/p>\n<p>Samuel Costa Filho<\/td>\n<td width=\"145\">&nbsp;<\/p>\n<p>Economista\/Expositor<\/td>\n<td width=\"95\">&nbsp;<\/p>\n<p>17 e 18\/06\/2016<\/td>\n<td width=\"155\">&nbsp;<\/p>\n<p>&nbsp;<\/p>\n<p>THE\/PHB\/THE<\/td>\n<td width=\"87\">&nbsp;<\/p>\n<p>&nbsp;<\/p>\n<p>01<\/td>\n<td width=\"80\">&nbsp;<\/p>\n<p>&nbsp;<\/p>\n<p>250,00<\/td>\n<td width=\"154\">Expositor no 8\u00ba Workshop: Quest\u00e3o Fiscal e a Divida Publica no XXVIII ENE<\/td>\n<td width=\"124\">&nbsp;<\/p>\n<p>Terrestre<\/td>\n<\/tr>\n<tr>\n<td width=\"108\">Antonio de Lisboa Lopes de Araujo<\/td>\n<td width=\"145\">&nbsp;<\/p>\n<p>Vice Presidente<\/td>\n<td width=\"95\">&nbsp;<\/p>\n<p>17 e 18\/06\/2016<\/td>\n<td width=\"155\">&nbsp;<\/p>\n<p>THE\/PHB\/THE<\/td>\n<td width=\"87\">&nbsp;<\/p>\n<p>01<\/td>\n<td width=\"80\">&nbsp;<\/p>\n<p>250,00<\/td>\n<td width=\"154\">Expositor no 8\u00ba Workshop: Quest\u00e3o Fiscal e a Divida Publica no XXVIII ENE<\/td>\n<td width=\"124\">&nbsp;<\/p>\n<p>&nbsp;<\/p>\n<p>Terrestre<\/td>\n<\/tr>\n<tr>\n<td width=\"108\">&nbsp;<\/p>\n<p>Dercio Garcia de Munhoz<\/td>\n<td width=\"145\">&nbsp;<\/p>\n<p>Economista\/Expositor<\/td>\n<td width=\"95\">&nbsp;<\/p>\n<p>15 e 16\/06\/2016<\/td>\n<td width=\"155\">&nbsp;<\/p>\n<p>&nbsp;<\/p>\n<p>THE\/PHB\/THE<\/td>\n<td width=\"87\">&nbsp;<\/p>\n<p>&nbsp;<\/p>\n<p>01<\/td>\n<td width=\"80\">&nbsp;<\/p>\n<p>&nbsp;<\/p>\n<p>400,00<\/td>\n<td width=\"154\">Expositor a 1\u00aa Mesa de debates: A Crise Econ\u00f4mica e seu Impacto sobre o Nordeste no XXVIII<\/td>\n<td width=\"124\">&nbsp;<\/p>\n<p>A\u00e9reo<\/td>\n<\/tr>\n<tr>\n<td width=\"108\">Francisco Jos\u00e9 de Sousa<\/td>\n<td width=\"145\">Conselheiro Efetivo<\/td>\n<td width=\"95\">15 a 19\/06\/2016<\/td>\n<td width=\"155\">&nbsp;<\/p>\n<p>THE\/PHB\/THE<\/td>\n<td width=\"87\">&nbsp;<\/p>\n<p>03<\/td>\n<td width=\"80\">&nbsp;<\/p>\n<p>750,00<\/td>\n<td width=\"154\">Participa\u00e7\u00e3o e organiza\u00e7\u00e3o do XXVIII ENE<\/td>\n<td width=\"124\">&nbsp;<\/p>\n<p>Terrestre<\/td>\n<\/tr>\n<tr>\n<td width=\"108\">Maria Helena Cortez<\/td>\n<td width=\"145\">Coordenadora de Debates<\/td>\n<td width=\"95\">15 a 17\/06\/2016<\/td>\n<td width=\"155\">THE\/PHB\/THE<\/td>\n<td width=\"87\">&nbsp;<\/p>\n<p>03<\/td>\n<td width=\"80\">&nbsp;<\/p>\n<p>750,00<\/td>\n<td width=\"154\">Coordenadora na 5\u00ba mesa de debates no XXVIII ENE<\/td>\n<td width=\"124\">&nbsp;<\/p>\n<p>Terrestre<\/td>\n<\/tr>\n<tr>\n<td width=\"108\">&nbsp;<\/p>\n<p>Antonio de Lisboa Lopes de Araujo<\/td>\n<td width=\"145\">&nbsp;<\/p>\n<p>Vice-Presidente<\/td>\n<td width=\"95\">&nbsp;<\/p>\n<p>17 e 18\/06\/2016<\/td>\n<td width=\"155\">&nbsp;<\/p>\n<p>THE\/PHB\/THE<\/td>\n<td width=\"87\">&nbsp;<\/p>\n<p>02<\/td>\n<td width=\"80\">&nbsp;<\/p>\n<p>500,00<\/td>\n<td width=\"154\">Debatedor no 5\u00ba Workshop: Mercado de Trabalho dos Economistas: Pericia Econ\u00f4mica no XXVIII<\/td>\n<td width=\"124\">&nbsp;<\/p>\n<p>Terrestre<\/td>\n<\/tr>\n<tr>\n<td width=\"108\">&nbsp;<\/p>\n<p>Edson Chaves Ferreira<\/td>\n<td width=\"145\">&nbsp;<\/p>\n<p>Presidente<\/td>\n<td width=\"95\">&nbsp;<\/p>\n<p>31\/08 a 04\/07\/2016<\/td>\n<td width=\"155\">&nbsp;<\/p>\n<p>THE\/RN\/THE<\/td>\n<td width=\"87\">&nbsp;<\/p>\n<p>03<\/td>\n<td width=\"80\">&nbsp;<\/p>\n<p>1.200,00<\/td>\n<td width=\"154\">Participa\u00e7\u00e3o do Simp\u00f3sio Nacional dos Conselhos de Economia (SINCE\/2016)<\/td>\n<td width=\"124\">&nbsp;<\/p>\n<p>A\u00e9reo<\/td>\n<\/tr>\n<tr>\n<td width=\"108\">&nbsp;<\/p>\n<p>Dorgilan Rodrigues da Cruz<\/td>\n<td width=\"145\">&nbsp;<\/p>\n<p>Conselheiro Efetivo<\/td>\n<td width=\"95\">&nbsp;<\/p>\n<p>11 a 13\/11\/2016<\/td>\n<td width=\"155\">&nbsp;<\/p>\n<p>THE\/PEDRO II\/THE<\/td>\n<td width=\"87\">&nbsp;<\/p>\n<p>02<\/td>\n<td width=\"80\">&nbsp;<\/p>\n<p>500,00<\/td>\n<td width=\"154\">Participa\u00e7\u00e3o no Congresso Inovar de Empreendedorismo realizado em Pedro II-PI<\/td>\n<td width=\"124\">&nbsp;<\/p>\n<p>Terrestre<\/td>\n<\/tr>\n<\/tbody>\n<\/table>\n<\/div>\n","protected":false},"excerpt":{"rendered":"<p>PROPOSTO CARGO\/FUN\u00c7\u00c3O PERIODO DA VIAGEM ORIGEM\/DESTINO N\u00ba. DE DI\u00c1RIAS VALOR TOTAL R$ MOTIVO MEIO DE TRANSPORTE Teresinha de Jesus Ferreira da Silva &nbsp; Presidente da Comiss\u00e3o do XXVIII ENE 01\/04 a 04\/04\/2016 &nbsp; THE\/PHB\/THE &nbsp; 02 &nbsp; 500,00 &nbsp; Organiza\u00e7\u00e3o XXVIII ENE &nbsp; Terrestre Teresinha de Jesus Ferreira da Silva &nbsp; Presidente da Comiss\u00e3o do &hellip; <a href=\"https:\/\/corecon-pi.org.br\/transparencia\/passagens-e-diarias-2016\/\" class=\"more-link\">Continue reading <span class=\"screen-reader-text\">Passagens e Di\u00e1rias 2016<\/span><\/a><\/p>\n","protected":false},"author":2,"featured_media":0,"parent":0,"menu_order":0,"comment_status":"closed","ping_status":"closed","template":"","meta":{"footnotes":""},"class_list":["post-290","page","type-page","status-publish","hentry"],"_links":{"self":[{"href":"https:\/\/corecon-pi.org.br\/transparencia\/wp-json\/wp\/v2\/pages\/290","targetHints":{"allow":["GET"]}}],"collection":[{"href":"https:\/\/corecon-pi.org.br\/transparencia\/wp-json\/wp\/v2\/pages"}],"about":[{"href":"https:\/\/corecon-pi.org.br\/transparencia\/wp-json\/wp\/v2\/types\/page"}],"author":[{"embeddable":true,"href":"https:\/\/corecon-pi.org.br\/transparencia\/wp-json\/wp\/v2\/users\/2"}],"replies":[{"embeddable":true,"href":"https:\/\/corecon-pi.org.br\/transparencia\/wp-json\/wp\/v2\/comments?post=290"}],"version-history":[{"count":1,"href":"https:\/\/corecon-pi.org.br\/transparencia\/wp-json\/wp\/v2\/pages\/290\/revisions"}],"predecessor-version":[{"id":291,"href":"https:\/\/corecon-pi.org.br\/transparencia\/wp-json\/wp\/v2\/pages\/290\/revisions\/291"}],"wp:attachment":[{"href":"https:\/\/corecon-pi.org.br\/transparencia\/wp-json\/wp\/v2\/media?parent=290"}],"curies":[{"name":"wp","href":"https:\/\/api.w.org\/{rel}","templated":true}]}}