{"id":29,"date":"2017-09-27T11:13:13","date_gmt":"2017-09-27T14:13:13","guid":{"rendered":"http:\/\/corecon-pi.org.br\/transparencia\/?page_id=29"},"modified":"2025-01-14T14:35:28","modified_gmt":"2025-01-14T17:35:28","slug":"atas","status":"publish","type":"page","link":"https:\/\/corecon-pi.org.br\/transparencia\/atas\/","title":{"rendered":"Atas"},"content":{"rendered":"<p><strong>2025<\/strong><br \/>\n<a href=\"..\/wp-content\/uploads\/2025\/01\/0125PI.pdf\" target=\"_blank\" rel=\"noopener noreferrer\">Ata da 1\u00aa Plen\u00e1ria Extraordin\u00e1ria &#8211; Elei\u00e7\u00e3o e Posse<\/a><\/p>\n<p><strong>2024<\/strong><br \/>\n<a href=\"..\/wp-content\/uploads\/docs\/atas\/2024\/01ex.pdf\" target=\"_blank\" rel=\"noopener noreferrer\">Ata da 1\u00aa Plen\u00e1ria Extraordin\u00e1ria &#8211; Elei\u00e7\u00e3o e Posse<\/a><\/p>\n<p><strong>2023<\/strong><br \/>\n<a href=\"..\/wp-content\/uploads\/docs\/atas\/2023\/01ex.pdf\" target=\"_blank\" rel=\"noopener noreferrer\">Ata da 1\u00aa Plen\u00e1ria Extraordin\u00e1ria &#8211; Elei\u00e7\u00e3o e Posse<\/a><br \/>\n<a href=\"..\/wp-content\/uploads\/docs\/atas\/2023\/02.pdf\" target=\"_blank\" rel=\"noopener noreferrer\">Ata da 2\u00aa Plen\u00e1ria Ordin\u00e1ria<\/a><br \/>\n<a href=\"..\/wp-content\/uploads\/docs\/atas\/2023\/03.pdf\" target=\"_blank\" rel=\"noopener noreferrer\">Ata da 3\u00aa Plen\u00e1ria Ordin\u00e1ria<\/a><br \/>\n<a href=\"..\/wp-content\/uploads\/docs\/atas\/2023\/04.pdf\" target=\"_blank\" rel=\"noopener noreferrer\">Ata da 4\u00aa Plen\u00e1ria Ordin\u00e1ria<\/a><br \/>\n<a href=\"..\/wp-content\/uploads\/docs\/atas\/2023\/05.pdf\" target=\"_blank\" rel=\"noopener noreferrer\">Ata da 5\u00aa Plen\u00e1ria Ordin\u00e1ria<\/a><br \/>\n<a href=\"..\/wp-content\/uploads\/docs\/atas\/2023\/06.pdf\" target=\"_blank\" rel=\"noopener noreferrer\">Ata da 6\u00aa Plen\u00e1ria Ordin\u00e1ria<\/a><br \/>\n<a href=\"..\/wp-content\/uploads\/docs\/atas\/2023\/07.pdf\" target=\"_blank\" rel=\"noopener noreferrer\">Ata da 7\u00aa Plen\u00e1ria Ordin\u00e1ria<\/a><br \/>\n<a href=\"..\/wp-content\/uploads\/docs\/atas\/2023\/08.pdf\" target=\"_blank\" rel=\"noopener noreferrer\">Ata da 8\u00aa Plen\u00e1ria Ordin\u00e1ria<\/a><br \/>\n<a href=\"..\/wp-content\/uploads\/docs\/atas\/2023\/09.pdf\" target=\"_blank\" rel=\"noopener noreferrer\">Ata da 9\u00aa Plen\u00e1ria Ordin\u00e1ria<\/a><br \/>\n<a href=\"..\/wp-content\/uploads\/docs\/atas\/2023\/10.pdf\" target=\"_blank\" rel=\"noopener noreferrer\">Ata da 10\u00aa Plen\u00e1ria Ordin\u00e1ria<\/a><\/p>\n<p><strong>2022<\/strong><br \/>\n<a href=\"..\/wp-content\/uploads\/docs\/atas\/2022\/01ex.pdf\" target=\"_blank\" rel=\"noopener noreferrer\">Ata da 1\u00aa Plen\u00e1ria Extraordin\u00e1ria &#8211; Elei\u00e7\u00e3o e Posse<\/a><br \/>\n<a href=\"..\/wp-content\/uploads\/docs\/atas\/2022\/01.pdf\" target=\"_blank\" rel=\"noopener noreferrer\">Ata da 1\u00aa Plen\u00e1ria Ordin\u00e1ria<\/a><br \/>\n<a href=\"..\/wp-content\/uploads\/docs\/atas\/2022\/02.pdf\" target=\"_blank\" rel=\"noopener noreferrer\">Ata da 2\u00aa Plen\u00e1ria Ordin\u00e1ria<\/a><br \/>\n<a href=\"..\/wp-content\/uploads\/docs\/atas\/2022\/03.pdf\" target=\"_blank\" rel=\"noopener noreferrer\">Ata da 3\u00aa Plen\u00e1ria Ordin\u00e1ria<\/a><br \/>\n<a href=\"..\/wp-content\/uploads\/docs\/atas\/2022\/04.pdf\" target=\"_blank\" rel=\"noopener noreferrer\">Ata da 4\u00aa Plen\u00e1ria Ordin\u00e1ria<\/a><br \/>\n<a href=\"..\/wp-content\/uploads\/docs\/atas\/2022\/05.pdf\" target=\"_blank\" rel=\"noopener noreferrer\">Ata da 5\u00aa Plen\u00e1ria Ordin\u00e1ria<\/a><br \/>\n<a href=\"..\/wp-content\/uploads\/docs\/atas\/2022\/06.pdf\" target=\"_blank\" rel=\"noopener noreferrer\">Ata da 6\u00aa Plen\u00e1ria Ordin\u00e1ria<\/a><br \/>\n<a href=\"..\/wp-content\/uploads\/docs\/atas\/2022\/07.pdf\" target=\"_blank\" rel=\"noopener noreferrer\">Ata da 7\u00aa Plen\u00e1ria Ordin\u00e1ria<\/a><br \/>\n<a href=\"..\/wp-content\/uploads\/docs\/atas\/2022\/08.pdf\" target=\"_blank\" rel=\"noopener noreferrer\">Ata da 8\u00aa Plen\u00e1ria Ordin\u00e1ria<\/a><br \/>\n<a href=\"..\/wp-content\/uploads\/docs\/atas\/2022\/09.pdf\" target=\"_blank\" rel=\"noopener noreferrer\">Ata da 9\u00aa Plen\u00e1ria Ordin\u00e1ria<\/a><br \/>\n<a href=\"..\/wp-content\/uploads\/docs\/atas\/2022\/10.pdf\" target=\"_blank\" rel=\"noopener noreferrer\">Ata da 10\u00aa Plen\u00e1ria Ordin\u00e1ria<\/a><br \/>\n<a href=\"..\/wp-content\/uploads\/docs\/atas\/2022\/11.pdf\" target=\"_blank\" rel=\"noopener noreferrer\">Ata da 11\u00aa Plen\u00e1ria Ordin\u00e1ria<\/a><\/p>\n<p><strong>2021<\/strong><br \/>\n<a href=\"..\/wp-content\/uploads\/docs\/atas\/2021\/01.pdf\" target=\"_blank\" rel=\"noopener noreferrer\">Ata da 1\u00aa Plen\u00e1ria Ordin\u00e1ria<\/a><br \/>\n<a href=\"..\/wp-content\/uploads\/docs\/atas\/2021\/02.pdf\" target=\"_blank\" rel=\"noopener noreferrer\">Ata da 2\u00aa Plen\u00e1ria Ordin\u00e1ria<\/a><br \/>\n<a href=\"..\/wp-content\/uploads\/docs\/atas\/2021\/03.pdf\" target=\"_blank\" rel=\"noopener noreferrer\">Ata da 3\u00aa Plen\u00e1ria Ordin\u00e1ria<\/a><br \/>\n<a href=\"..\/wp-content\/uploads\/docs\/atas\/2021\/04.pdf\" target=\"_blank\" rel=\"noopener noreferrer\">Ata da 4\u00aa Plen\u00e1ria Ordin\u00e1ria<\/a><br \/>\n<a href=\"..\/wp-content\/uploads\/docs\/atas\/2021\/05.pdf\" target=\"_blank\" rel=\"noopener noreferrer\">Ata da 5\u00aa Plen\u00e1ria Ordin\u00e1ria<\/a><br \/>\n<a href=\"..\/wp-content\/uploads\/docs\/atas\/2021\/06.pdf\" target=\"_blank\" rel=\"noopener noreferrer\">Ata da 6\u00aa Plen\u00e1ria Ordin\u00e1ria<\/a><br \/>\n<a href=\"..\/wp-content\/uploads\/docs\/atas\/2021\/07.pdf\" target=\"_blank\" rel=\"noopener noreferrer\">Ata da 7\u00aa Plen\u00e1ria Ordin\u00e1ria<\/a><br \/>\n<a href=\"..\/wp-content\/uploads\/docs\/atas\/2021\/08.pdf\" target=\"_blank\" rel=\"noopener noreferrer\">Ata da 8\u00aa Plen\u00e1ria Ordin\u00e1ria<\/a><br \/>\n<a href=\"..\/wp-content\/uploads\/docs\/atas\/2021\/09.pdf\" target=\"_blank\" rel=\"noopener noreferrer\">Ata da 9\u00aa Plen\u00e1ria Ordin\u00e1ria<\/a><br \/>\n<a href=\"..\/wp-content\/uploads\/docs\/atas\/2021\/10.pdf\" target=\"_blank\" rel=\"noopener noreferrer\">Ata da 10\u00aa Plen\u00e1ria Ordin\u00e1ria<\/a><br \/>\n<a href=\"..\/wp-content\/uploads\/docs\/atas\/2021\/11.pdf\" target=\"_blank\" rel=\"noopener noreferrer\">Ata da 11\u00aa Plen\u00e1ria Ordin\u00e1ria<\/a><br \/>\n<a href=\"..\/wp-content\/uploads\/docs\/atas\/2021\/12.pdf\" target=\"_blank\" rel=\"noopener noreferrer\">Ata da 12\u00aa Plen\u00e1ria Ordin\u00e1ria<\/a><\/p>\n<p><strong>2020<\/strong><br \/>\n<a href=\"..\/wp-content\/uploads\/docs\/atas\/2020\/01.pdf\" target=\"_blank\" rel=\"noopener noreferrer\">Ata da 1\u00aa Plen\u00e1ria Ordin\u00e1ria<\/a><br \/>\n<a href=\"..\/wp-content\/uploads\/docs\/atas\/2020\/02.pdf\" target=\"_blank\" rel=\"noopener noreferrer\">Ata da 2\u00aa Plen\u00e1ria Ordin\u00e1ria<\/a><br \/>\n<a href=\"..\/wp-content\/uploads\/docs\/atas\/2020\/03.pdf\" target=\"_blank\" rel=\"noopener noreferrer\">Ata da 3\u00aa Plen\u00e1ria Ordin\u00e1ria<\/a><br \/>\n<a href=\"..\/wp-content\/uploads\/docs\/atas\/2020\/04.pdf\" target=\"_blank\" rel=\"noopener noreferrer\">Ata da 4\u00aa Plen\u00e1ria Ordin\u00e1ria<\/a><br \/>\n<a href=\"..\/wp-content\/uploads\/docs\/atas\/2020\/05.pdf\" target=\"_blank\" rel=\"noopener noreferrer\">Ata da 5\u00aa Plen\u00e1ria Ordin\u00e1ria<\/a><br \/>\n<a href=\"..\/wp-content\/uploads\/docs\/atas\/2020\/06.pdf\" target=\"_blank\" rel=\"noopener noreferrer\">Ata da 6\u00aa Plen\u00e1ria Ordin\u00e1ria<\/a><br \/>\n<a href=\"..\/wp-content\/uploads\/docs\/atas\/2020\/07.pdf\" target=\"_blank\" rel=\"noopener noreferrer\">Ata da 7\u00aa Plen\u00e1ria Ordin\u00e1ria<\/a><br \/>\n<a href=\"..\/wp-content\/uploads\/docs\/atas\/2020\/08.pdf\" target=\"_blank\" rel=\"noopener noreferrer\">Ata da 8\u00aa Plen\u00e1ria Ordin\u00e1ria<\/a><br \/>\n<a href=\"..\/wp-content\/uploads\/docs\/atas\/2020\/09.pdf\" target=\"_blank\" rel=\"noopener noreferrer\">Ata da 9\u00aa Plen\u00e1ria Ordin\u00e1ria<\/a><br \/>\n<a href=\"..\/wp-content\/uploads\/docs\/atas\/2020\/10.pdf\" target=\"_blank\" rel=\"noopener noreferrer\">Ata da 10\u00aa Plen\u00e1ria Ordin\u00e1ria<\/a><br \/>\n<a href=\"..\/wp-content\/uploads\/docs\/atas\/2020\/11.pdf\" target=\"_blank\" rel=\"noopener noreferrer\">Ata da 11\u00aa Plen\u00e1ria Ordin\u00e1ria<\/a><br \/>\n<a href=\"..\/wp-content\/uploads\/docs\/atas\/2020\/12.pdf\" target=\"_blank\" rel=\"noopener noreferrer\">Ata da 12\u00aa Plen\u00e1ria Ordin\u00e1ria<\/a><\/p>\n<p><strong>2019<\/strong><br \/>\n<a href=\"..\/wp-content\/uploads\/docs\/atas\/2019\/01.pdf\" target=\"_blank\" rel=\"noopener noreferrer\">Ata da 1\u00aa Plen\u00e1ria Ordin\u00e1ria<\/a><br \/>\n<a href=\"..\/wp-content\/uploads\/docs\/atas\/2019\/02.pdf\" target=\"_blank\" rel=\"noopener noreferrer\">Ata da 2\u00aa Plen\u00e1ria Ordin\u00e1ria<\/a><br \/>\n<a href=\"..\/wp-content\/uploads\/docs\/atas\/2019\/03.pdf\" target=\"_blank\" rel=\"noopener noreferrer\">Ata da 3\u00aa Plen\u00e1ria Ordin\u00e1ria<\/a><br \/>\n<a href=\"..\/wp-content\/uploads\/docs\/atas\/2019\/04.pdf\" target=\"_blank\" rel=\"noopener noreferrer\">Ata da 4\u00aa Plen\u00e1ria Ordin\u00e1ria<\/a><br \/>\n<a href=\"..\/wp-content\/uploads\/docs\/atas\/2019\/05.pdf\" target=\"_blank\" rel=\"noopener noreferrer\">Ata da 5\u00aa Plen\u00e1ria Ordin\u00e1ria<\/a><br \/>\n<a href=\"..\/wp-content\/uploads\/docs\/atas\/2019\/06.pdf\" target=\"_blank\" rel=\"noopener noreferrer\">Ata da 6\u00aa Plen\u00e1ria Ordin\u00e1ria<\/a><br \/>\n<a href=\"..\/wp-content\/uploads\/docs\/atas\/2019\/07.pdf\" target=\"_blank\" rel=\"noopener noreferrer\">Ata da 7\u00aa Plen\u00e1ria Ordin\u00e1ria<\/a><br \/>\n<a href=\"..\/wp-content\/uploads\/docs\/atas\/2019\/08.pdf\" target=\"_blank\" rel=\"noopener noreferrer\">Ata da 8\u00aa Plen\u00e1ria Ordin\u00e1ria<\/a><br \/>\n<a href=\"..\/wp-content\/uploads\/docs\/atas\/2019\/09.pdf\" target=\"_blank\" rel=\"noopener noreferrer\">Ata da 9\u00aa Plen\u00e1ria Ordin\u00e1ria<\/a><br \/>\n<a href=\"..\/wp-content\/uploads\/docs\/atas\/2019\/10.pdf\" target=\"_blank\" rel=\"noopener noreferrer\">Ata da 10\u00aa Plen\u00e1ria Ordin\u00e1ria<\/a><br \/>\n<a href=\"..\/wp-content\/uploads\/docs\/atas\/2019\/11.pdf\" target=\"_blank\" rel=\"noopener noreferrer\">Ata da 11\u00aa Plen\u00e1ria Ordin\u00e1ria<\/a><br \/>\n<a href=\"..\/wp-content\/uploads\/docs\/atas\/2019\/12.pdf\" target=\"_blank\" rel=\"noopener noreferrer\">Ata da 12\u00aa Plen\u00e1ria Ordin\u00e1ria<\/a><\/p>\n<p><strong>2018<\/strong><br \/>\n<a href=\"..\/wp-content\/uploads\/docs\/atas\/2018\/01.pdf\" target=\"_blank\" rel=\"noopener noreferrer\">Ata da 1\u00aa Plen\u00e1ria Ordin\u00e1ria<\/a><br \/>\n<a href=\"..\/wp-content\/uploads\/docs\/atas\/2018\/02.pdf\" target=\"_blank\" rel=\"noopener noreferrer\">Ata da 2\u00aa Plen\u00e1ria Ordin\u00e1ria<\/a><br \/>\n<a href=\"..\/wp-content\/uploads\/docs\/atas\/2018\/03.pdf\" target=\"_blank\" rel=\"noopener noreferrer\">Ata da 3\u00aa Plen\u00e1ria Ordin\u00e1ria<\/a><br \/>\n<a href=\"..\/wp-content\/uploads\/docs\/atas\/2018\/04.pdf\" target=\"_blank\" rel=\"noopener noreferrer\">Ata da 4\u00aa Plen\u00e1ria Ordin\u00e1ria<\/a><br \/>\n<a href=\"..\/wp-content\/uploads\/docs\/atas\/2018\/05.pdf\" target=\"_blank\" rel=\"noopener noreferrer\">Ata da 5\u00aa Plen\u00e1ria Ordin\u00e1ria<\/a><br \/>\n<a href=\"..\/wp-content\/uploads\/docs\/atas\/2018\/06.pdf\" target=\"_blank\" rel=\"noopener noreferrer\">Ata da 6\u00aa Plen\u00e1ria Ordin\u00e1ria<\/a><br \/>\n<a href=\"..\/wp-content\/uploads\/docs\/atas\/2018\/07.pdf\" target=\"_blank\" rel=\"noopener noreferrer\">Ata da 7\u00aa Plen\u00e1ria Ordin\u00e1ria<\/a><br \/>\n<a href=\"..\/wp-content\/uploads\/docs\/atas\/2018\/08.pdf\" target=\"_blank\" rel=\"noopener noreferrer\">Ata da 8\u00aa Plen\u00e1ria Ordin\u00e1ria<\/a><br \/>\n<a href=\"..\/wp-content\/uploads\/docs\/atas\/2018\/09.pdf\" target=\"_blank\" rel=\"noopener noreferrer\">Ata da 9\u00aa Plen\u00e1ria Ordin\u00e1ria<\/a><br \/>\n<a href=\"..\/wp-content\/uploads\/docs\/atas\/2018\/10.pdf\" target=\"_blank\" rel=\"noopener noreferrer\">Ata da 10\u00aa Plen\u00e1ria Ordin\u00e1ria<\/a><br \/>\n<a href=\"..\/wp-content\/uploads\/docs\/atas\/2018\/11.pdf\" target=\"_blank\" rel=\"noopener noreferrer\">Ata da 11\u00aa Plen\u00e1ria Ordin\u00e1ria<\/a><br \/>\n<a href=\"..\/wp-content\/uploads\/docs\/atas\/2018\/12.pdf\" target=\"_blank\" rel=\"noopener noreferrer\">Ata da 12\u00aa Plen\u00e1ria Ordin\u00e1ria<\/a><\/p>\n<p><strong>2017<\/strong><br \/>\n<a href=\"..\/wp-content\/uploads\/docs\/atas\/2017\/01.pdf\" target=\"_blank\" rel=\"noopener noreferrer\">Ata da 1\u00aa Plen\u00e1ria Ordin\u00e1ria<\/a><br \/>\n<a href=\"..\/wp-content\/uploads\/docs\/atas\/2017\/02.pdf\" target=\"_blank\" rel=\"noopener noreferrer\">Ata da 2\u00aa Plen\u00e1ria Ordin\u00e1ria<\/a><br \/>\n<a href=\"..\/wp-content\/uploads\/docs\/atas\/2017\/03.pdf\" target=\"_blank\" rel=\"noopener noreferrer\">Ata da 3\u00aa Plen\u00e1ria Ordin\u00e1ria<\/a><br \/>\n<a href=\"..\/wp-content\/uploads\/docs\/atas\/2017\/04.pdf\" target=\"_blank\" rel=\"noopener noreferrer\">Ata da 4\u00aa Plen\u00e1ria Ordin\u00e1ria<\/a><br \/>\n<a href=\"..\/wp-content\/uploads\/docs\/atas\/2017\/05.pdf\" target=\"_blank\" rel=\"noopener noreferrer\">Ata da 5\u00aa Plen\u00e1ria Ordin\u00e1ria<\/a><br \/>\n<a href=\"..\/wp-content\/uploads\/docs\/atas\/2017\/06.pdf\" target=\"_blank\" rel=\"noopener noreferrer\">Ata da 6\u00aa Plen\u00e1ria Ordin\u00e1ria<\/a><br \/>\n<a href=\"..\/wp-content\/uploads\/docs\/atas\/2017\/07.pdf\" target=\"_blank\" rel=\"noopener noreferrer\">Ata da 7\u00aa Plen\u00e1ria Ordin\u00e1ria<\/a><br \/>\n<a href=\"..\/wp-content\/uploads\/docs\/atas\/2017\/08.pdf\" target=\"_blank\" rel=\"noopener noreferrer\">Ata da 8\u00aa Plen\u00e1ria Ordin\u00e1ria<\/a><br \/>\n<a href=\"..\/wp-content\/uploads\/docs\/atas\/2017\/09.pdf\" target=\"_blank\" rel=\"noopener noreferrer\">Ata da 9\u00aa Plen\u00e1ria Ordin\u00e1ria<\/a><br \/>\n<a href=\"..\/wp-content\/uploads\/docs\/atas\/2017\/10.pdf\" target=\"_blank\" rel=\"noopener noreferrer\">Ata da 10\u00aa Plen\u00e1ria Ordin\u00e1ria<\/a><br \/>\n<a href=\"..\/wp-content\/uploads\/docs\/atas\/2017\/11.pdf\" target=\"_blank\" rel=\"noopener noreferrer\">Ata da 11\u00aa Plen\u00e1ria Ordin\u00e1ria<\/a><\/p>\n<p><strong>2016<\/strong><br \/>\n<a href=\"http:\/\/corecon-pi.org.br\/wp-content\/uploads\/arquivos\/pdf-05.pdf\" target=\"_blank\" rel=\"noopener noreferrer\">Atas das Plen\u00e1rias Extraordin\u00e1rias<\/a><br \/>\n<a href=\"..\/wp-content\/uploads\/docs\/atas\/2016\/01.pdf\" target=\"_blank\" rel=\"noopener noreferrer\">Ata da 1\u00aa Plen\u00e1ria Ordin\u00e1ria<\/a><br \/>\n<a href=\"..\/wp-content\/uploads\/docs\/atas\/2016\/02.pdf\" target=\"_blank\" rel=\"noopener noreferrer\">Ata da 2\u00aa Plen\u00e1ria Ordin\u00e1ria<\/a><br \/>\n<a href=\"..\/wp-content\/uploads\/docs\/atas\/2016\/03.pdf\" target=\"_blank\" rel=\"noopener noreferrer\">Ata da 3\u00aa Plen\u00e1ria Ordin\u00e1ria<\/a><br \/>\n<a href=\"..\/wp-content\/uploads\/docs\/atas\/2016\/04.pdf\" target=\"_blank\" rel=\"noopener noreferrer\">Ata da 4\u00aa Plen\u00e1ria Ordin\u00e1ria<\/a><br \/>\n<a href=\"..\/wp-content\/uploads\/docs\/atas\/2016\/05.pdf\" target=\"_blank\" rel=\"noopener noreferrer\">Ata da 5\u00aa Plen\u00e1ria Ordin\u00e1ria<\/a><br \/>\n<a href=\"..\/wp-content\/uploads\/docs\/atas\/2016\/06.pdf\" target=\"_blank\" rel=\"noopener noreferrer\">Ata da 6\u00aa Plen\u00e1ria Ordin\u00e1ria<\/a><br \/>\n<a href=\"..\/wp-content\/uploads\/docs\/atas\/2016\/07.pdf\" target=\"_blank\" rel=\"noopener noreferrer\">Ata da 7\u00aa Plen\u00e1ria Ordin\u00e1ria<\/a><br \/>\n<a href=\"..\/wp-content\/uploads\/docs\/atas\/2016\/08.pdf\" target=\"_blank\" rel=\"noopener noreferrer\">Ata da 8\u00aa Plen\u00e1ria Ordin\u00e1ria<\/a><br \/>\n<a href=\"..\/wp-content\/uploads\/docs\/atas\/2016\/09.pdf\" target=\"_blank\" rel=\"noopener noreferrer\">Ata da 9\u00aa Plen\u00e1ria Ordin\u00e1ria<\/a><br \/>\n<a href=\"..\/wp-content\/uploads\/docs\/atas\/2016\/10.pdf\" target=\"_blank\" rel=\"noopener noreferrer\">Ata da 10\u00aa Plen\u00e1ria Ordin\u00e1ria<\/a><br \/>\n<a href=\"..\/wp-content\/uploads\/docs\/atas\/2016\/11.pdf\" target=\"_blank\" rel=\"noopener noreferrer\">Ata da 11\u00aa Plen\u00e1ria Ordin\u00e1ria<\/a><br \/>\n<a href=\"..\/wp-content\/uploads\/docs\/atas\/2016\/12.pdf\" target=\"_blank\" rel=\"noopener noreferrer\">Ata da 12\u00aa Plen\u00e1ria Ordin\u00e1ria<\/a><\/p>\n<p><strong>2015<\/strong><br \/>\n<a href=\"..\/wp-content\/uploads\/docs\/atas\/2015\/01.pdf\" target=\"_blank\" rel=\"noopener noreferrer\">Ata da 1\u00aa Plen\u00e1ria Ordin\u00e1ria<\/a><br \/>\n<a href=\"..\/wp-content\/uploads\/docs\/atas\/2015\/02.pdf\" target=\"_blank\" rel=\"noopener noreferrer\">Ata da 2\u00aa Plen\u00e1ria Ordin\u00e1ria<\/a><br \/>\n<a href=\"..\/wp-content\/uploads\/docs\/atas\/2015\/03.pdf\" target=\"_blank\" rel=\"noopener noreferrer\">Ata da 3\u00aa Plen\u00e1ria Ordin\u00e1ria<\/a><br \/>\n<a href=\"..\/wp-content\/uploads\/docs\/atas\/2015\/04.pdf\" target=\"_blank\" rel=\"noopener noreferrer\">Ata da 4\u00aa Plen\u00e1ria Ordin\u00e1ria<\/a><br \/>\n<a href=\"..\/wp-content\/uploads\/docs\/atas\/2015\/05.pdf\" target=\"_blank\" rel=\"noopener noreferrer\">Ata da 5\u00aa Plen\u00e1ria Ordin\u00e1ria<\/a><br \/>\n<a href=\"..\/wp-content\/uploads\/docs\/atas\/2015\/06.pdf\" target=\"_blank\" rel=\"noopener noreferrer\">Ata da 6\u00aa Plen\u00e1ria Ordin\u00e1ria<\/a><br \/>\n<a href=\"..\/wp-content\/uploads\/docs\/atas\/2015\/07.pdf\" target=\"_blank\" rel=\"noopener noreferrer\">Ata da 7\u00aa Plen\u00e1ria Ordin\u00e1ria<\/a><br \/>\n<a href=\"..\/wp-content\/uploads\/docs\/atas\/2015\/08.pdf\" target=\"_blank\" rel=\"noopener noreferrer\">Ata da 8\u00aa Plen\u00e1ria Ordin\u00e1ria<\/a><br \/>\n<a href=\"..\/wp-content\/uploads\/docs\/atas\/2015\/09.pdf\" target=\"_blank\" rel=\"noopener noreferrer\">Ata da 9\u00aa Plen\u00e1ria Ordin\u00e1ria<\/a><br \/>\n<a href=\"..\/wp-content\/uploads\/docs\/atas\/2015\/10.pdf\" target=\"_blank\" rel=\"noopener noreferrer\">Ata da 10\u00aa Plen\u00e1ria Ordin\u00e1ria<\/a><br \/>\n<a href=\"..\/wp-content\/uploads\/docs\/atas\/2015\/11.pdf\" target=\"_blank\" rel=\"noopener noreferrer\">Ata da 11\u00aa Plen\u00e1ria Ordin\u00e1ria<\/a><br \/>\n<a href=\"..\/wp-content\/uploads\/docs\/atas\/2015\/12.pdf\" target=\"_blank\" rel=\"noopener noreferrer\">Ata da 12\u00aa Plen\u00e1ria Ordin\u00e1ria<\/a><\/p>\n<p><a href=\"..\/wp-content\/uploads\/docs\/atas\/2014.pdf\" target=\"_blank\" rel=\"noopener noreferrer\"><strong>Atas de 2014<\/strong><\/a><\/p>\n<p><a href=\"..\/wp-content\/uploads\/docs\/atas\/2013.pdf\" target=\"_blank\" rel=\"noopener noreferrer\"><strong>Atas de 2013<\/strong><\/a><\/p>\n<p><a href=\"..\/wp-content\/uploads\/docs\/atas\/2012.pdf\" target=\"_blank\" rel=\"noopener noreferrer\"><strong>Atas de 2012<\/strong><\/a><\/p>\n<p><a href=\"..\/wp-content\/uploads\/docs\/atas\/2011.pdf\" target=\"_blank\" rel=\"noopener noreferrer\"><strong>Atas de 2011<\/strong><\/a><\/p>\n<p><a href=\"..\/wp-content\/uploads\/docs\/atas\/2010.pdf\" target=\"_blank\" rel=\"noopener noreferrer\"><strong>Atas de 2010<\/strong><\/a><\/p>\n<p><a href=\"..\/wp-content\/uploads\/docs\/atas\/2009.pdf\" target=\"_blank\" rel=\"noopener noreferrer\"><strong>Atas de 2009<\/strong><\/a><\/p>\n<p><a href=\"..\/wp-content\/uploads\/docs\/atas\/2008.pdf\" target=\"_blank\" rel=\"noopener noreferrer\"><strong>Atas de 2008<\/strong><\/a><\/p>\n<p><a href=\"..\/wp-content\/uploads\/docs\/atas\/2007.pdf\" target=\"_blank\" rel=\"noopener noreferrer\"><strong>Atas de 2007<\/strong><\/a><\/p>\n<p><a href=\"..\/wp-content\/uploads\/docs\/atas\/2006.pdf\" target=\"_blank\" rel=\"noopener noreferrer\"><strong>Atas de 2006<\/strong><\/a><\/p>\n<p><a href=\"..\/wp-content\/uploads\/docs\/atas\/2005.pdf\" target=\"_blank\" rel=\"noopener noreferrer\"><strong>Atas de 2005<\/strong><\/a><\/p>\n<p><a href=\"..\/wp-content\/uploads\/docs\/atas\/2004.pdf\" target=\"_blank\" rel=\"noopener noreferrer\"><strong>Atas de 2004<\/strong><\/a><\/p>\n<p><a href=\"..\/wp-content\/uploads\/docs\/atas\/2003.pdf\" target=\"_blank\" rel=\"noopener noreferrer\"><strong>Atas de 2003<\/strong><\/a><\/p>\n<p><a href=\"..\/wp-content\/uploads\/docs\/atas\/2002.pdf\" target=\"_blank\" rel=\"noopener noreferrer\"><strong>Atas de 2002<\/strong><\/a><\/p>\n<p><a href=\"..\/wp-content\/uploads\/docs\/atas\/2001.pdf\" target=\"_blank\" rel=\"noopener noreferrer\"><strong>Atas de 2001<\/strong><\/a><\/p>\n<p><a href=\"..\/wp-content\/uploads\/docs\/atas\/2000.pdf\" target=\"_blank\" rel=\"noopener noreferrer\"><strong>Atas de 2000<\/strong><\/a><\/p>\n<p><a href=\"..\/wp-content\/uploads\/docs\/atas\/1999.pdf\" target=\"_blank\" rel=\"noopener noreferrer\"><strong>Atas de 1999<\/strong><\/a><\/p>\n<p><a href=\"..\/wp-content\/uploads\/docs\/atas\/1998.pdf\" target=\"_blank\" rel=\"noopener noreferrer\"><strong>Atas de 1998<\/strong><\/a><\/p>\n<p><a href=\"..\/wp-content\/uploads\/docs\/atas\/1997.pdf\" target=\"_blank\" rel=\"noopener noreferrer\"><strong>Atas de 1997<\/strong><\/a><\/p>\n<p><a href=\"..\/wp-content\/uploads\/docs\/atas\/1996.pdf\" target=\"_blank\" rel=\"noopener noreferrer\"><strong>Atas de 1996<\/strong><\/a><\/p>\n<p><a href=\"..\/wp-content\/uploads\/docs\/atas\/1995.pdf\" target=\"_blank\" rel=\"noopener noreferrer\"><strong>Atas de 1995<\/strong><\/a><\/p>\n<p><a href=\"..\/wp-content\/uploads\/docs\/atas\/1994.pdf\" target=\"_blank\" rel=\"noopener noreferrer\"><strong>Atas de 1994<\/strong><\/a><\/p>\n<p><a href=\"..\/wp-content\/uploads\/docs\/atas\/1993.pdf\" target=\"_blank\" rel=\"noopener noreferrer\"><strong>Atas de 1993<\/strong><\/a><\/p>\n<p><a href=\"..\/wp-content\/uploads\/docs\/atas\/1992.pdf\" target=\"_blank\" rel=\"noopener noreferrer\"><strong>Atas de 1992<\/strong><\/a><\/p>\n<p><a href=\"..\/wp-content\/uploads\/docs\/atas\/1991.pdf\" target=\"_blank\" rel=\"noopener noreferrer\"><strong>Atas de 1991<\/strong><\/a><\/p>\n<p><a href=\"..\/wp-content\/uploads\/docs\/atas\/1990.pdf\" target=\"_blank\" rel=\"noopener noreferrer\"><strong>Atas de 1990<\/strong><\/a><\/p>\n<p><a href=\"..\/wp-content\/uploads\/docs\/atas\/1989.pdf\" target=\"_blank\" rel=\"noopener noreferrer\"><strong>Atas de 1989<\/strong><\/a><\/p>\n<p><a href=\"..\/wp-content\/uploads\/docs\/atas\/1988.pdf\" target=\"_blank\" rel=\"noopener noreferrer\"><strong>Atas de 1988<\/strong><\/a><\/p>\n<p><a href=\"..\/wp-content\/uploads\/docs\/atas\/1987.pdf\" target=\"_blank\" rel=\"noopener noreferrer\"><strong>Atas de 1987<\/strong><\/a><\/p>\n<p><a href=\"..\/wp-content\/uploads\/docs\/atas\/1986.pdf\" target=\"_blank\" rel=\"noopener noreferrer\"><strong>Atas de 1986<\/strong><\/a><\/p>\n<p><a href=\"..\/wp-content\/uploads\/docs\/atas\/1985.pdf\" target=\"_blank\" rel=\"noopener noreferrer\"><strong>Atas de 1985<\/strong><\/a><\/p>\n","protected":false},"excerpt":{"rendered":"<p>2025 Ata da 1\u00aa Plen\u00e1ria Extraordin\u00e1ria &#8211; Elei\u00e7\u00e3o e Posse 2024 Ata da 1\u00aa Plen\u00e1ria Extraordin\u00e1ria &#8211; Elei\u00e7\u00e3o e Posse 2023 Ata da 1\u00aa Plen\u00e1ria Extraordin\u00e1ria &#8211; Elei\u00e7\u00e3o e Posse Ata da 2\u00aa Plen\u00e1ria Ordin\u00e1ria Ata da 3\u00aa Plen\u00e1ria Ordin\u00e1ria Ata da 4\u00aa Plen\u00e1ria Ordin\u00e1ria Ata da 5\u00aa Plen\u00e1ria Ordin\u00e1ria Ata da 6\u00aa Plen\u00e1ria Ordin\u00e1ria &hellip; <a href=\"https:\/\/corecon-pi.org.br\/transparencia\/atas\/\" class=\"more-link\">Continue reading <span class=\"screen-reader-text\">Atas<\/span><\/a><\/p>\n","protected":false},"author":2,"featured_media":0,"parent":0,"menu_order":0,"comment_status":"closed","ping_status":"closed","template":"","meta":{"footnotes":""},"class_list":["post-29","page","type-page","status-publish","hentry"],"_links":{"self":[{"href":"https:\/\/corecon-pi.org.br\/transparencia\/wp-json\/wp\/v2\/pages\/29","targetHints":{"allow":["GET"]}}],"collection":[{"href":"https:\/\/corecon-pi.org.br\/transparencia\/wp-json\/wp\/v2\/pages"}],"about":[{"href":"https:\/\/corecon-pi.org.br\/transparencia\/wp-json\/wp\/v2\/types\/page"}],"author":[{"embeddable":true,"href":"https:\/\/corecon-pi.org.br\/transparencia\/wp-json\/wp\/v2\/users\/2"}],"replies":[{"embeddable":true,"href":"https:\/\/corecon-pi.org.br\/transparencia\/wp-json\/wp\/v2\/comments?post=29"}],"version-history":[{"count":26,"href":"https:\/\/corecon-pi.org.br\/transparencia\/wp-json\/wp\/v2\/pages\/29\/revisions"}],"predecessor-version":[{"id":748,"href":"https:\/\/corecon-pi.org.br\/transparencia\/wp-json\/wp\/v2\/pages\/29\/revisions\/748"}],"wp:attachment":[{"href":"https:\/\/corecon-pi.org.br\/transparencia\/wp-json\/wp\/v2\/media?parent=29"}],"curies":[{"name":"wp","href":"https:\/\/api.w.org\/{rel}","templated":true}]}}