{"id":282,"date":"2021-05-12T23:11:11","date_gmt":"2021-05-13T02:11:11","guid":{"rendered":"https:\/\/corecon-pi.org.br\/transparencia\/?page_id=282"},"modified":"2021-05-12T23:11:11","modified_gmt":"2021-05-13T02:11:11","slug":"passagens-e-diarias-2019","status":"publish","type":"page","link":"https:\/\/corecon-pi.org.br\/transparencia\/passagens-e-diarias-2019\/","title":{"rendered":"Passagens e Di\u00e1rias 2019"},"content":{"rendered":"<div style=\"overflow-x: auto;\">\n<table>\n<tbody>\n<tr>\n<td width=\"110\"><strong>PROPOSTO<\/strong><\/td>\n<td width=\"143\"><strong>CARGO\/FUN\u00c7\u00c3O<\/strong><\/td>\n<td width=\"107\"><strong>PERIODO DA VIAGEM<\/strong><\/td>\n<td width=\"131\"><strong>ORIGEM\/DESTINO<\/strong><\/td>\n<td width=\"105\"><strong>N\u00ba. DE DI\u00c1RIAS<\/strong><\/td>\n<td width=\"103\"><strong>VALOR TOTAL R$<\/strong><\/td>\n<td width=\"134\"><strong>MOTIVO<\/strong><\/td>\n<td width=\"115\"><strong>MEIO DE TRANSPORTE<\/strong><\/td>\n<\/tr>\n<tr>\n<td width=\"110\">&nbsp;<\/p>\n<p>&nbsp;<\/p>\n<p>Caio Benvindo Martins Paulo<\/td>\n<td width=\"143\">&nbsp;<\/p>\n<p>&nbsp;<\/p>\n<p>Assessor Jur\u00eddico<\/td>\n<td width=\"107\">&nbsp;<\/p>\n<p>&nbsp;<\/p>\n<p>08 a 11\/04\/2019<\/td>\n<td width=\"131\">&nbsp;<\/p>\n<p>THE\/ALEGRETE-PI\/THE<\/td>\n<td width=\"105\">&nbsp;<\/p>\n<p>&nbsp;<\/p>\n<p>03<\/td>\n<td width=\"103\">&nbsp;<\/p>\n<p>&nbsp;<\/p>\n<p>750,00<\/td>\n<td width=\"134\">Protocolar Mandado de Seguran\u00e7a impetrado em Alegrete\/PI, por interm\u00e9dio da empresa Funda\u00e7\u00e3o Vale do Piau\u00ed, organizadora do concurso p\u00fablico, refere-se ao edital n\u00b0 001\/2019<\/td>\n<td width=\"115\">&nbsp;<\/p>\n<p>&nbsp;<\/p>\n<p>Terrestre<\/td>\n<\/tr>\n<tr>\n<td width=\"110\">&nbsp;<\/p>\n<p>&nbsp;<\/p>\n<p>Karl Marx Oliveira Fran\u00e7a<\/td>\n<td width=\"143\">&nbsp;<\/p>\n<p>&nbsp;<\/p>\n<p>Conselheiro\/Palestrante<\/td>\n<td width=\"107\">&nbsp;<\/p>\n<p>&nbsp;<\/p>\n<p>18 a 21\/04\/2019<\/td>\n<td width=\"131\">&nbsp;<\/p>\n<p>&nbsp;<\/p>\n<p>THE\/PHB\/THE<\/td>\n<td width=\"105\">&nbsp;<\/p>\n<p>&nbsp;<\/p>\n<p>03<\/td>\n<td width=\"103\">&nbsp;<\/p>\n<p>&nbsp;<\/p>\n<p>750,00<\/td>\n<td width=\"134\">Participar, como palestrante, do ERECO-NE 2019 na Universidade Federal do Piau\u00ed \u2013 Campus Parna\u00edba<\/td>\n<td width=\"115\">&nbsp;<\/p>\n<p>Terrestre<\/td>\n<\/tr>\n<tr>\n<td width=\"110\">&nbsp;<\/p>\n<p>Kessiane Vieira Belo Abreu<\/td>\n<td width=\"143\">&nbsp;<\/p>\n<p>Aux. Fiscalilza\u00e7\u00e3o (Funcion\u00e1ria)<\/td>\n<td width=\"107\">&nbsp;<\/p>\n<p>10 e 11\/05\/2019<\/td>\n<td width=\"131\">&nbsp;<\/p>\n<p>THE\/BSB\/THE<\/td>\n<td width=\"105\">&nbsp;<\/p>\n<p>02<\/td>\n<td width=\"103\">&nbsp;<\/p>\n<p>600,00<\/td>\n<td width=\"134\">Encontro de funcion\u00e1rios do Sistema COFECON e CORECONS<\/td>\n<td width=\"115\">&nbsp;<\/p>\n<p>A\u00e9reo<\/td>\n<\/tr>\n<tr>\n<td width=\"110\">Maria do Esp\u00edrito Santo G. de O. Silva<\/td>\n<td width=\"143\">Secret\u00e1ria Executiva (funcion\u00e1ria)<\/td>\n<td width=\"107\">&nbsp;<\/p>\n<p>10 e 11\/05\/2019<\/td>\n<td width=\"131\">&nbsp;<\/p>\n<p>THE\/BSB\/THE<\/td>\n<td width=\"105\">&nbsp;<\/p>\n<p>02<\/td>\n<td width=\"103\">&nbsp;<\/p>\n<p>600,00<\/td>\n<td width=\"134\">Encontro de funcion\u00e1rios do Sistema COFECON e CORECONS<\/td>\n<td width=\"115\">&nbsp;<\/p>\n<p>A\u00e9reo<\/td>\n<\/tr>\n<tr>\n<td width=\"110\">&nbsp;<\/p>\n<p>Dorgilan Rodrigues da Cruz<\/td>\n<td width=\"143\">&nbsp;<\/p>\n<p>&nbsp;<\/p>\n<p>Presidente<\/td>\n<td width=\"107\">&nbsp;<\/p>\n<p>&nbsp;<\/p>\n<p>13 a 15\/08\/2019<\/td>\n<td width=\"131\">&nbsp;<\/p>\n<p>&nbsp;<\/p>\n<p>THE\/PHB\/THE<\/td>\n<td width=\"105\">&nbsp;<\/p>\n<p>&nbsp;<\/p>\n<p>02<\/td>\n<td width=\"103\">&nbsp;<\/p>\n<p>&nbsp;<\/p>\n<p>500,00<\/td>\n<td width=\"134\">Participa\u00e7\u00e3o da II SEMANA DE ECONOMIA DA UFDPar, em comemora\u00e7\u00e3o ao Dia do Economia<\/td>\n<td width=\"115\">&nbsp;<\/p>\n<p>&nbsp;<\/p>\n<p>Terrestre<\/td>\n<\/tr>\n<tr>\n<td width=\"110\">&nbsp;<\/p>\n<p>Dorgilan Rodrigues da Cruz<\/td>\n<td width=\"143\">&nbsp;<\/p>\n<p>&nbsp;<\/p>\n<p>Presidente<\/td>\n<td width=\"107\">&nbsp;<\/p>\n<p>&nbsp;<\/p>\n<p>29\/11\/2019<\/td>\n<td width=\"131\">&nbsp;<\/p>\n<p>&nbsp;<\/p>\n<p>THEBSB\/THE<\/td>\n<td width=\"105\">&nbsp;<\/p>\n<p>&nbsp;<\/p>\n<p>01<\/td>\n<td width=\"103\">&nbsp;<\/p>\n<p>&nbsp;<\/p>\n<p>400,00<\/td>\n<td width=\"134\">Participa\u00e7\u00e3o na Assembl\u00e9ia de Delegados Eleitores<\/td>\n<td width=\"115\">&nbsp;<\/p>\n<p>&nbsp;<\/p>\n<p>A\u00e9reo<\/td>\n<\/tr>\n<\/tbody>\n<\/table>\n<\/div>\n","protected":false},"excerpt":{"rendered":"<p>PROPOSTO CARGO\/FUN\u00c7\u00c3O PERIODO DA VIAGEM ORIGEM\/DESTINO N\u00ba. DE DI\u00c1RIAS VALOR TOTAL R$ MOTIVO MEIO DE TRANSPORTE &nbsp; &nbsp; Caio Benvindo Martins Paulo &nbsp; &nbsp; Assessor Jur\u00eddico &nbsp; &nbsp; 08 a 11\/04\/2019 &nbsp; THE\/ALEGRETE-PI\/THE &nbsp; &nbsp; 03 &nbsp; &nbsp; 750,00 Protocolar Mandado de Seguran\u00e7a impetrado em Alegrete\/PI, por interm\u00e9dio da empresa Funda\u00e7\u00e3o Vale do Piau\u00ed, organizadora &hellip; <a href=\"https:\/\/corecon-pi.org.br\/transparencia\/passagens-e-diarias-2019\/\" class=\"more-link\">Continue reading <span class=\"screen-reader-text\">Passagens e Di\u00e1rias 2019<\/span><\/a><\/p>\n","protected":false},"author":2,"featured_media":0,"parent":0,"menu_order":0,"comment_status":"closed","ping_status":"closed","template":"","meta":{"footnotes":""},"class_list":["post-282","page","type-page","status-publish","hentry"],"_links":{"self":[{"href":"https:\/\/corecon-pi.org.br\/transparencia\/wp-json\/wp\/v2\/pages\/282","targetHints":{"allow":["GET"]}}],"collection":[{"href":"https:\/\/corecon-pi.org.br\/transparencia\/wp-json\/wp\/v2\/pages"}],"about":[{"href":"https:\/\/corecon-pi.org.br\/transparencia\/wp-json\/wp\/v2\/types\/page"}],"author":[{"embeddable":true,"href":"https:\/\/corecon-pi.org.br\/transparencia\/wp-json\/wp\/v2\/users\/2"}],"replies":[{"embeddable":true,"href":"https:\/\/corecon-pi.org.br\/transparencia\/wp-json\/wp\/v2\/comments?post=282"}],"version-history":[{"count":1,"href":"https:\/\/corecon-pi.org.br\/transparencia\/wp-json\/wp\/v2\/pages\/282\/revisions"}],"predecessor-version":[{"id":283,"href":"https:\/\/corecon-pi.org.br\/transparencia\/wp-json\/wp\/v2\/pages\/282\/revisions\/283"}],"wp:attachment":[{"href":"https:\/\/corecon-pi.org.br\/transparencia\/wp-json\/wp\/v2\/media?parent=282"}],"curies":[{"name":"wp","href":"https:\/\/api.w.org\/{rel}","templated":true}]}}