{"id":246,"date":"2021-03-24T13:50:08","date_gmt":"2021-03-24T16:50:08","guid":{"rendered":"https:\/\/corecon-pi.org.br\/transparencia\/?page_id=246"},"modified":"2021-03-24T13:51:17","modified_gmt":"2021-03-24T16:51:17","slug":"prestacao-de-contas-2020","status":"publish","type":"page","link":"https:\/\/corecon-pi.org.br\/transparencia\/prestacoes-de-contas\/prestacao-de-contas-2020\/","title":{"rendered":"Presta\u00e7\u00e3o de Contas 2020"},"content":{"rendered":"<div align=\"right\"><a type=\"button\" class=\"btn btn-primary btn-lg\" href=\"prestacoes-de-contas\">Voltar<\/a><\/div>\n<ol>\n<li><a href=\"..\/..\/wp-content\/uploads\/docs\/balancetes\/2020\/prestacao-contas\/ROLRESPONSABILIDADE2020.pdf\" target=\"_blank\" rel=\"noopener noreferrer\">Rol de Responsabilidade<\/a><\/li>\n<li><a href=\"..\/..\/wp-content\/uploads\/docs\/balancetes\/2020\/prestacao-contas\/bp.pdf\" target=\"_blank\" rel=\"noopener noreferrer\">Balan\u00e7o Patrimonial<\/a><\/li>\n<li><a href=\"..\/..\/wp-content\/uploads\/docs\/balancetes\/2020\/prestacao-contas\/bo.pdf\" target=\"_blank\" rel=\"noopener noreferrer\">Balan\u00e7o Or\u00e7ament\u00e1rio<\/a><\/li>\n<li><a href=\"..\/..\/wp-content\/uploads\/docs\/balancetes\/2020\/prestacao-contas\/bf.pdf\" target=\"_blank\" rel=\"noopener noreferrer\">Balan\u00e7o Financeiro<\/a><\/li>\n<\/ol>\n","protected":false},"excerpt":{"rendered":"<p>Voltar Rol de Responsabilidade Balan\u00e7o Patrimonial Balan\u00e7o Or\u00e7ament\u00e1rio Balan\u00e7o Financeiro<\/p>\n","protected":false},"author":2,"featured_media":0,"parent":236,"menu_order":0,"comment_status":"closed","ping_status":"closed","template":"","meta":{"footnotes":""},"class_list":["post-246","page","type-page","status-publish","hentry"],"_links":{"self":[{"href":"https:\/\/corecon-pi.org.br\/transparencia\/wp-json\/wp\/v2\/pages\/246","targetHints":{"allow":["GET"]}}],"collection":[{"href":"https:\/\/corecon-pi.org.br\/transparencia\/wp-json\/wp\/v2\/pages"}],"about":[{"href":"https:\/\/corecon-pi.org.br\/transparencia\/wp-json\/wp\/v2\/types\/page"}],"author":[{"embeddable":true,"href":"https:\/\/corecon-pi.org.br\/transparencia\/wp-json\/wp\/v2\/users\/2"}],"replies":[{"embeddable":true,"href":"https:\/\/corecon-pi.org.br\/transparencia\/wp-json\/wp\/v2\/comments?post=246"}],"version-history":[{"count":2,"href":"https:\/\/corecon-pi.org.br\/transparencia\/wp-json\/wp\/v2\/pages\/246\/revisions"}],"predecessor-version":[{"id":250,"href":"https:\/\/corecon-pi.org.br\/transparencia\/wp-json\/wp\/v2\/pages\/246\/revisions\/250"}],"up":[{"embeddable":true,"href":"https:\/\/corecon-pi.org.br\/transparencia\/wp-json\/wp\/v2\/pages\/236"}],"wp:attachment":[{"href":"https:\/\/corecon-pi.org.br\/transparencia\/wp-json\/wp\/v2\/media?parent=246"}],"curies":[{"name":"wp","href":"https:\/\/api.w.org\/{rel}","templated":true}]}}