{"id":238,"date":"2021-03-24T13:39:38","date_gmt":"2021-03-24T16:39:38","guid":{"rendered":"https:\/\/corecon-pi.org.br\/transparencia\/?page_id=238"},"modified":"2021-03-24T13:46:14","modified_gmt":"2021-03-24T16:46:14","slug":"prestacao-de-contas-2019","status":"publish","type":"page","link":"https:\/\/corecon-pi.org.br\/transparencia\/prestacoes-de-contas\/prestacao-de-contas-2019\/","title":{"rendered":"Presta\u00e7\u00e3o de Contas 2019"},"content":{"rendered":"<div align=\"right\"><a type=\"button\" class=\"btn btn-primary btn-lg\" href=\"prestacoes-de-contas\">Voltar<\/a><\/div>\n<ol>\n<li><a href=\"..\/..\/wp-content\/uploads\/docs\/balancetes\/2019\/prestacao-contas\/ROLRESPONSABILIDADE2019.pdf\" target=\"_blank\" rel=\"noopener noreferrer\">Rol de Responsabilidade<\/a><\/li>\n<li><a href=\"..\/..\/wp-content\/uploads\/docs\/balancetes\/2019\/prestacao-contas\/DemonstPF.pdf\" target=\"_blank\" rel=\"noopener noreferrer\">Demonstrativo dos saldos das contas do Passivo Financeiro<\/a><\/li>\n<li><a href=\"..\/..\/wp-content\/uploads\/docs\/balancetes\/2019\/prestacao-contas\/DemonstSaldoNIdent.pdf.pdf\" target=\"_blank\" rel=\"noopener noreferrer\">Demonstrativo dos saldos das contas de Diversos Respons\u00e1veis, Devedores Diversos e Receitas n\u00e3o Identificadas<\/a><\/li>\n<li><a href=\"..\/..\/wp-content\/uploads\/docs\/balancetes\/2019\/prestacao-contas\/dbm.pdf\" target=\"_blank\" rel=\"noopener noreferrer\">Demonstrativo dos Bens M\u00f3veis<\/a><\/li>\n<li><a href=\"..\/..\/wp-content\/uploads\/docs\/balancetes\/2019\/prestacao-contas\/dbi.pdf\" target=\"_blank\" rel=\"noopener noreferrer\">Demonstrativo dos Bens Im\u00f3veis<\/a><\/li>\n<li><a href=\"..\/..\/wp-content\/uploads\/docs\/balancetes\/2019\/prestacao-contas\/dvp.pdf\" target=\"_blank\" rel=\"noopener noreferrer\">Demonstrativo das Varia\u00e7\u00f5es Patrimoniais<\/a><\/li>\n<li><a href=\"..\/..\/wp-content\/uploads\/docs\/balancetes\/2019\/prestacao-contas\/cr.pdf\" target=\"_blank\" rel=\"noopener noreferrer\">Comparativo da Receita<\/a><\/li>\n<li><a href=\"..\/..\/wp-content\/uploads\/docs\/balancetes\/2019\/prestacao-contas\/cd.pdf\" target=\"_blank\" rel=\"noopener noreferrer\">Comparativo da Despesa<\/a><\/li>\n<li><a href=\"..\/..\/wp-content\/uploads\/docs\/balancetes\/2019\/prestacao-contas\/bp.pdf\" target=\"_blank\" rel=\"noopener noreferrer\">Balan\u00e7o Patrimonial<\/a><\/li>\n<li><a href=\"..\/..\/wp-content\/uploads\/docs\/balancetes\/2019\/prestacao-contas\/bpc.pdf\" target=\"_blank\" rel=\"noopener noreferrer\">Balan\u00e7o Patrimonial Comparado<\/a><\/li>\n<li><a href=\"..\/..\/wp-content\/uploads\/docs\/balancetes\/2019\/prestacao-contas\/bo.pdf\" target=\"_blank\" rel=\"noopener noreferrer\">Balan\u00e7o Or\u00e7ament\u00e1rio<\/a><\/li>\n<li><a href=\"..\/..\/wp-content\/uploads\/docs\/balancetes\/2019\/prestacao-contas\/bg.pdf\" target=\"_blank\" rel=\"noopener noreferrer\">Balan\u00e7o Geral<\/a><\/li>\n<li><a href=\"..\/..\/wp-content\/uploads\/docs\/balancetes\/2019\/prestacao-contas\/bf.pdf\" target=\"_blank\" rel=\"noopener noreferrer\">Balan\u00e7o Financeiro<\/a><\/li>\n<\/ol>\n","protected":false},"excerpt":{"rendered":"<p>Voltar Rol de Responsabilidade Demonstrativo dos saldos das contas do Passivo Financeiro Demonstrativo dos saldos das contas de Diversos Respons\u00e1veis, Devedores Diversos e Receitas n\u00e3o Identificadas Demonstrativo dos Bens M\u00f3veis Demonstrativo dos Bens Im\u00f3veis Demonstrativo das Varia\u00e7\u00f5es Patrimoniais Comparativo da Receita Comparativo da Despesa Balan\u00e7o Patrimonial Balan\u00e7o Patrimonial Comparado Balan\u00e7o Or\u00e7ament\u00e1rio Balan\u00e7o Geral Balan\u00e7o Financeiro<\/p>\n","protected":false},"author":2,"featured_media":0,"parent":236,"menu_order":0,"comment_status":"closed","ping_status":"closed","template":"","meta":{"footnotes":""},"class_list":["post-238","page","type-page","status-publish","hentry"],"_links":{"self":[{"href":"https:\/\/corecon-pi.org.br\/transparencia\/wp-json\/wp\/v2\/pages\/238","targetHints":{"allow":["GET"]}}],"collection":[{"href":"https:\/\/corecon-pi.org.br\/transparencia\/wp-json\/wp\/v2\/pages"}],"about":[{"href":"https:\/\/corecon-pi.org.br\/transparencia\/wp-json\/wp\/v2\/types\/page"}],"author":[{"embeddable":true,"href":"https:\/\/corecon-pi.org.br\/transparencia\/wp-json\/wp\/v2\/users\/2"}],"replies":[{"embeddable":true,"href":"https:\/\/corecon-pi.org.br\/transparencia\/wp-json\/wp\/v2\/comments?post=238"}],"version-history":[{"count":5,"href":"https:\/\/corecon-pi.org.br\/transparencia\/wp-json\/wp\/v2\/pages\/238\/revisions"}],"predecessor-version":[{"id":245,"href":"https:\/\/corecon-pi.org.br\/transparencia\/wp-json\/wp\/v2\/pages\/238\/revisions\/245"}],"up":[{"embeddable":true,"href":"https:\/\/corecon-pi.org.br\/transparencia\/wp-json\/wp\/v2\/pages\/236"}],"wp:attachment":[{"href":"https:\/\/corecon-pi.org.br\/transparencia\/wp-json\/wp\/v2\/media?parent=238"}],"curies":[{"name":"wp","href":"https:\/\/api.w.org\/{rel}","templated":true}]}}