{"id":226,"date":"2021-03-18T19:31:03","date_gmt":"2021-03-18T22:31:03","guid":{"rendered":"https:\/\/corecon-pi.org.br\/transparencia\/?page_id=226"},"modified":"2022-01-13T19:13:16","modified_gmt":"2022-01-13T22:13:16","slug":"portarias-2021","status":"publish","type":"page","link":"https:\/\/corecon-pi.org.br\/transparencia\/atos-normativos\/portarias-2021\/","title":{"rendered":"Portarias 2021"},"content":{"rendered":"<div align=\"right\"><a type=\"button\" class=\"btn btn-primary btn-lg\" href=\"atos-normativos\">Voltar<\/a><\/div>\n<p><\/p>\n<div class=\"table-responsive-sm\">\n<table style=\"width: 100%;\" border=\"0\" align=\"center\">\n<tbody>\n<tr style=\"height: 70px;\">\n<th style=\"background-color: #333399; color: #ffffff; height: 70px; text-align: center;\">\n<p align=\"center\"><strong>PORTARIAS<\/strong><\/p>\n<\/th>\n<\/tr>\n<tr style=\"height: 486px;\">\n<td style=\"height: 486px; background-color: #f5f5f5; vertical-align: text-top;\">\n<p align=\"center\"><span style=\"color: #008080;\"><strong>2021<\/strong><\/span><\/p>\n<table>\n<tbody>\n<tr>\n<td style=\"width: 70px;\"><strong><span style=\"color: #666699;\">N\u00b0<\/span><\/strong><\/td>\n<td><span style=\"color: #666699;\"><strong>Descri\u00e7\u00e3o<\/strong><\/span><\/td>\n<\/tr>\n<tr>\n<td>001<\/td>\n<td><a href=\"..\/..\/wp-content\/uploads\/docs\/portarias\/2021\/Port2021001.pdf\" target=\"_blank\" rel=\"noopener noreferrer\">Comiss\u00e3o CTC.<\/a><\/td>\n<\/tr>\n<tr>\n<td>002<\/td>\n<td><a href=\"..\/..\/wp-content\/uploads\/docs\/portarias\/2021\/Port2021002.pdf\" target=\"_blank\" rel=\"noopener noreferrer\">Comiss\u00e3o Licita\u00e7\u00e3o.<\/a><\/td>\n<\/tr>\n<tr>\n<td>003<\/td>\n<td><a href=\"..\/..\/wp-content\/uploads\/docs\/portarias\/2021\/Port2021003.pdf\" target=\"_blank\" rel=\"noopener noreferrer\">Comiss\u00e3o Fiscaliza\u00e7\u00e3o.<\/a><\/td>\n<\/tr>\n<tr>\n<td>004<\/td>\n<td><a href=\"..\/..\/wp-content\/uploads\/docs\/portarias\/2021\/Port2021004.pdf\" target=\"_blank\" rel=\"noopener noreferrer\">Designa\u00e7\u00e3o de tesoureira.<\/a><\/td>\n<\/tr>\n<tr>\n<td>005<\/td>\n<td><a href=\"..\/..\/wp-content\/uploads\/docs\/portarias\/2021\/Port2021005.pdf\" target=\"_blank\" rel=\"noopener noreferrer\">Ponto facultativo.<\/a><\/td>\n<\/tr>\n<tr>\n<td>006<\/td>\n<td><a href=\"..\/..\/wp-content\/uploads\/docs\/portarias\/2021\/Port2021006.pdf\" target=\"_blank\" rel=\"noopener noreferrer\">Expediente do Corecon-PI &#8212; Decreto.<\/a><\/td>\n<\/tr>\n<tr>\n<td>007<\/td>\n<td><a href=\"..\/..\/wp-content\/uploads\/docs\/portarias\/2021\/Port2021007.pdf\" target=\"_blank\" rel=\"noopener noreferrer\">Expediente Corecon.<\/a><\/td>\n<\/tr>\n<tr>\n<td>008<\/td>\n<td><a href=\"..\/..\/wp-content\/uploads\/docs\/portarias\/2021\/Port2021008.pdf\" target=\"_blank\" rel=\"noopener noreferrer\">Comiss\u00e3o Desfazimento.<\/a><\/td>\n<\/tr>\n<tr>\n<td>009<\/td>\n<td><a href=\"..\/..\/wp-content\/uploads\/docs\/portarias\/2021\/Port2021009.pdf\" target=\"_blank\" rel=\"noopener noreferrer\">Comiss\u00e3o atesta servi\u00e7os.<\/a><\/td>\n<\/tr>\n<tr>\n<td>010<\/td>\n<td><a href=\"..\/..\/wp-content\/uploads\/docs\/portarias\/2021\/Port2021010.pdf\" target=\"_blank\" rel=\"noopener noreferrer\">Nomeia comiss\u00e3o avaliadora para etapa regional da Gincana Nacional de Economia.<\/a><\/td>\n<\/tr>\n<tr>\n<td>011<\/td>\n<td><a href=\"..\/..\/wp-content\/uploads\/docs\/portarias\/2021\/Port2021011.pdf\" target=\"_blank\" rel=\"noopener noreferrer\">Nomeia comiss\u00e3o da semana do economista.<\/a><\/td>\n<\/tr>\n<tr>\n<td>012<\/td>\n<td><a href=\"..\/..\/wp-content\/uploads\/docs\/portarias\/2021\/Port2021012.pdf\" target=\"_blank\" rel=\"noopener noreferrer\">Ponto Facultativo.<\/a><\/td>\n<\/tr>\n<\/tbody>\n<\/table>\n<\/td>\n<\/tr>\n<\/tbody>\n<\/table>\n<\/div>\n","protected":false},"excerpt":{"rendered":"<p>Voltar PORTARIAS 2021 N\u00b0 Descri\u00e7\u00e3o 001 Comiss\u00e3o CTC. 002 Comiss\u00e3o Licita\u00e7\u00e3o. 003 Comiss\u00e3o Fiscaliza\u00e7\u00e3o. 004 Designa\u00e7\u00e3o de tesoureira. 005 Ponto facultativo. 006 Expediente do Corecon-PI &#8212; Decreto. 007 Expediente Corecon. 008 Comiss\u00e3o Desfazimento. 009 Comiss\u00e3o atesta servi\u00e7os. 010 Nomeia comiss\u00e3o avaliadora para etapa regional da Gincana Nacional de Economia. 011 Nomeia comiss\u00e3o da semana do &hellip; <a href=\"https:\/\/corecon-pi.org.br\/transparencia\/atos-normativos\/portarias-2021\/\" class=\"more-link\">Continue reading <span class=\"screen-reader-text\">Portarias 2021<\/span><\/a><\/p>\n","protected":false},"author":2,"featured_media":0,"parent":47,"menu_order":0,"comment_status":"closed","ping_status":"closed","template":"","meta":{"footnotes":""},"class_list":["post-226","page","type-page","status-publish","hentry"],"_links":{"self":[{"href":"https:\/\/corecon-pi.org.br\/transparencia\/wp-json\/wp\/v2\/pages\/226","targetHints":{"allow":["GET"]}}],"collection":[{"href":"https:\/\/corecon-pi.org.br\/transparencia\/wp-json\/wp\/v2\/pages"}],"about":[{"href":"https:\/\/corecon-pi.org.br\/transparencia\/wp-json\/wp\/v2\/types\/page"}],"author":[{"embeddable":true,"href":"https:\/\/corecon-pi.org.br\/transparencia\/wp-json\/wp\/v2\/users\/2"}],"replies":[{"embeddable":true,"href":"https:\/\/corecon-pi.org.br\/transparencia\/wp-json\/wp\/v2\/comments?post=226"}],"version-history":[{"count":5,"href":"https:\/\/corecon-pi.org.br\/transparencia\/wp-json\/wp\/v2\/pages\/226\/revisions"}],"predecessor-version":[{"id":360,"href":"https:\/\/corecon-pi.org.br\/transparencia\/wp-json\/wp\/v2\/pages\/226\/revisions\/360"}],"up":[{"embeddable":true,"href":"https:\/\/corecon-pi.org.br\/transparencia\/wp-json\/wp\/v2\/pages\/47"}],"wp:attachment":[{"href":"https:\/\/corecon-pi.org.br\/transparencia\/wp-json\/wp\/v2\/media?parent=226"}],"curies":[{"name":"wp","href":"https:\/\/api.w.org\/{rel}","templated":true}]}}