{"id":218,"date":"2021-03-02T19:28:40","date_gmt":"2021-03-02T22:28:40","guid":{"rendered":"https:\/\/corecon-pi.org.br\/transparencia\/?page_id=218"},"modified":"2022-01-13T19:07:39","modified_gmt":"2022-01-13T22:07:39","slug":"resolucoes-2021","status":"publish","type":"page","link":"https:\/\/corecon-pi.org.br\/transparencia\/atos-normativos\/resolucoes-2021\/","title":{"rendered":"Resolu\u00e7\u00f5es 2021"},"content":{"rendered":"<div align=\"right\"><a class=\"btn btn-primary btn-lg\" href=\"atos-normativos\" type=\"button\">Voltar<\/a><\/div>\n<p>&nbsp;<\/p>\n<div class=\"table-responsive-sm\">\n<table style=\"width: 100%;\" border=\"0\" align=\"center\">\n<tbody>\n<tr style=\"height: 70px;\">\n<th style=\"background-color: #333399; color: #ffffff; height: 70px; text-align: center;\">\n<p align=\"center\"><strong>RESOLU\u00c7\u00d5ES<\/strong><\/p>\n<\/th>\n<\/tr>\n<tr style=\"height: 486px;\">\n<td style=\"height: 486px; background-color: #f5f5f5; vertical-align: text-top;\">\n<p align=\"center\"><span style=\"color: #008080;\"><strong>2021<\/strong><\/span><\/p>\n<table><!-- style=\"height: 626px;\" --><\/p>\n<tbody>\n<tr>\n<td style=\"width: 70px;\"><strong><span style=\"color: #666699;\">N\u00b0<\/span><\/strong><\/td>\n<td><span style=\"color: #666699;\"><strong>Descri\u00e7\u00e3o<\/strong><\/span><\/td>\n<\/tr>\n<tr>\n<td>1<\/td>\n<td><a href=\"..\/..\/wp-content\/uploads\/docs\/resolucoes\/2021\/Res202101.pdf\" target=\"_blank\" rel=\"noopener noreferrer\">Presta\u00e7\u00e3o de Contas de 2020<\/a><\/td>\n<\/tr>\n<tr>\n<td>2<\/td>\n<td><a href=\"..\/..\/wp-content\/uploads\/docs\/resolucoes\/2021\/Res202102.pdf\" target=\"_blank\" rel=\"noopener noreferrer\">Homologa Processos de Registros<\/a><\/td>\n<\/tr>\n<tr>\n<td>3<\/td>\n<td><a href=\"..\/..\/wp-content\/uploads\/docs\/resolucoes\/2021\/Res202103.pdf\" target=\"_blank\" rel=\"noopener noreferrer\">Homologa Processos de Registros<\/a><\/td>\n<\/tr>\n<tr>\n<td>4<\/td>\n<td><a href=\"..\/..\/wp-content\/uploads\/docs\/resolucoes\/2021\/Res202104.pdf\" target=\"_blank\" rel=\"noopener noreferrer\">Prorroga o VIII Programa Nacional de Recupera\u00e7\u00e3o de Cr\u00e9ditos no CORECON-PI.<\/a><\/td>\n<\/tr>\n<tr>\n<td>5<\/td>\n<td><a href=\"..\/..\/wp-content\/uploads\/docs\/resolucoes\/2021\/Res202105.pdf\" target=\"_blank\" rel=\"noopener noreferrer\">Homologa Processos de Registros.<\/a><\/td>\n<\/tr>\n<tr>\n<td>6<\/td>\n<td><a href=\"..\/..\/wp-content\/uploads\/docs\/resolucoes\/2021\/Res202106.pdf\" target=\"_blank\" rel=\"noopener noreferrer\">Homologa Processos de Registro Ativo com Desconto.<\/a><\/td>\n<\/tr>\n<tr>\n<td>8<\/td>\n<td><a href=\"..\/..\/wp-content\/uploads\/docs\/resolucoes\/2021\/Res202108.pdf\" target=\"_blank\" rel=\"noopener noreferrer\">Processos de Registro.<\/a><\/td>\n<\/tr>\n<tr>\n<td>9<\/td>\n<td><a href=\"..\/..\/wp-content\/uploads\/docs\/resolucoes\/2021\/Res202109.pdf\" target=\"_blank\" rel=\"noopener noreferrer\">Balancete do 1\u00b0 Trimestre &#8211; 2021.<\/a><\/td>\n<\/tr>\n<tr>\n<td>10<\/td>\n<td><a href=\"..\/..\/wp-content\/uploads\/docs\/resolucoes\/2021\/Res202110.pdf\" target=\"_blank\" rel=\"noopener noreferrer\">Homologa Processos de Registro.<\/a><\/td>\n<\/tr>\n<tr>\n<td>11<\/td>\n<td><a href=\"..\/..\/wp-content\/uploads\/docs\/resolucoes\/2021\/Res202111.pdf\" target=\"_blank\" rel=\"noopener noreferrer\">Homologa Processos de Registro.<\/a><\/td>\n<\/tr>\n<tr>\n<td>12<\/td>\n<td><a href=\"..\/..\/wp-content\/uploads\/docs\/resolucoes\/2021\/Res202112.pdf\" target=\"_blank\" rel=\"noopener noreferrer\">Prorroga o VIII RECRED.<\/a><\/td>\n<\/tr>\n<tr>\n<td>13<\/td>\n<td><a href=\"..\/..\/wp-content\/uploads\/docs\/resolucoes\/2021\/Res202113.pdf\" target=\"_blank\" rel=\"noopener noreferrer\">Disp\u00f5e sobre a modalidade de vota\u00e7\u00e3o exclusivamente Eletr\u00f4nica, e a composi\u00e7\u00e3o da Comiss\u00e3o Eleitoral para as Elei\u00e7\u00f5es de 2021.<\/a><\/td>\n<\/tr>\n<tr>\n<td>14<\/td>\n<td><a href=\"..\/..\/wp-content\/uploads\/docs\/resolucoes\/2021\/Res202114.pdf\" target=\"_blank\" rel=\"noopener noreferrer\">Homologa Processos de Registro.<\/a><\/td>\n<\/tr>\n<tr>\n<td>15<\/td>\n<td><a href=\"..\/..\/wp-content\/uploads\/docs\/resolucoes\/2021\/Res202115.pdf\" target=\"_blank\" rel=\"noopener noreferrer\">Balancete do 2\u00b0 Trimestre &#8211; 2021.<\/a><\/td>\n<\/tr>\n<tr>\n<td>19<\/td>\n<td><a href=\"..\/..\/wp-content\/uploads\/docs\/resolucoes\/2021\/Res202119.pdf\" target=\"_blank\" rel=\"noopener noreferrer\">Anuidades, taxas e emolumentos de 2022.<\/a><\/td>\n<\/tr>\n<tr>\n<td>20<\/td>\n<td><a href=\"..\/..\/wp-content\/uploads\/docs\/resolucoes\/2021\/Res202120.pdf\" target=\"_blank\" rel=\"noopener noreferrer\">Homologa Processos de Registro.<\/a><\/td>\n<\/tr>\n<tr>\n<td>21<\/td>\n<td><a href=\"..\/..\/wp-content\/uploads\/docs\/resolucoes\/2021\/Res202121.pdf\" target=\"_blank\" rel=\"noopener noreferrer\">Balancete do 3\u00b0 Trimestre de 2021.<\/a><\/td>\n<\/tr>\n<tr>\n<td>22<\/td>\n<td><a href=\"..\/..\/wp-content\/uploads\/docs\/resolucoes\/2021\/Res202122.pdf\" target=\"_blank\" rel=\"noopener noreferrer\">Dossi\u00ea eleitoral.<\/a><\/td>\n<\/tr>\n<tr>\n<td>23<\/td>\n<td><a href=\"..\/..\/wp-content\/uploads\/docs\/resolucoes\/2021\/Res202123.pdf\" target=\"_blank\" rel=\"noopener noreferrer\">Homologa Processos de Registro.<\/a><\/td>\n<\/tr>\n<tr>\n<td>24<\/td>\n<td><a href=\"..\/..\/wp-content\/uploads\/docs\/resolucoes\/2021\/Res202124.pdf\" target=\"_blank\" rel=\"noopener noreferrer\">Proposta Or\u00e7ament\u00e1ria de 2022.<\/a><\/td>\n<\/tr>\n<tr>\n<td>25<\/td>\n<td><a href=\"..\/..\/wp-content\/uploads\/docs\/resolucoes\/2021\/Res202125.pdf\" target=\"_blank\" rel=\"noopener noreferrer\">Homologa Processos de Registro.<\/a><\/td>\n<\/tr>\n<\/tbody>\n<\/table>\n<\/td>\n<\/tr>\n<\/tbody>\n<\/table>\n<\/div>\n","protected":false},"excerpt":{"rendered":"<p>Voltar &nbsp; RESOLU\u00c7\u00d5ES 2021 N\u00b0 Descri\u00e7\u00e3o 1 Presta\u00e7\u00e3o de Contas de 2020 2 Homologa Processos de Registros 3 Homologa Processos de Registros 4 Prorroga o VIII Programa Nacional de Recupera\u00e7\u00e3o de Cr\u00e9ditos no CORECON-PI. 5 Homologa Processos de Registros. 6 Homologa Processos de Registro Ativo com Desconto. 8 Processos de Registro. 9 Balancete do 1\u00b0 &hellip; <a href=\"https:\/\/corecon-pi.org.br\/transparencia\/atos-normativos\/resolucoes-2021\/\" class=\"more-link\">Continue reading <span class=\"screen-reader-text\">Resolu\u00e7\u00f5es 2021<\/span><\/a><\/p>\n","protected":false},"author":2,"featured_media":0,"parent":47,"menu_order":0,"comment_status":"closed","ping_status":"closed","template":"","meta":{"footnotes":""},"class_list":["post-218","page","type-page","status-publish","hentry"],"_links":{"self":[{"href":"https:\/\/corecon-pi.org.br\/transparencia\/wp-json\/wp\/v2\/pages\/218","targetHints":{"allow":["GET"]}}],"collection":[{"href":"https:\/\/corecon-pi.org.br\/transparencia\/wp-json\/wp\/v2\/pages"}],"about":[{"href":"https:\/\/corecon-pi.org.br\/transparencia\/wp-json\/wp\/v2\/types\/page"}],"author":[{"embeddable":true,"href":"https:\/\/corecon-pi.org.br\/transparencia\/wp-json\/wp\/v2\/users\/2"}],"replies":[{"embeddable":true,"href":"https:\/\/corecon-pi.org.br\/transparencia\/wp-json\/wp\/v2\/comments?post=218"}],"version-history":[{"count":7,"href":"https:\/\/corecon-pi.org.br\/transparencia\/wp-json\/wp\/v2\/pages\/218\/revisions"}],"predecessor-version":[{"id":358,"href":"https:\/\/corecon-pi.org.br\/transparencia\/wp-json\/wp\/v2\/pages\/218\/revisions\/358"}],"up":[{"embeddable":true,"href":"https:\/\/corecon-pi.org.br\/transparencia\/wp-json\/wp\/v2\/pages\/47"}],"wp:attachment":[{"href":"https:\/\/corecon-pi.org.br\/transparencia\/wp-json\/wp\/v2\/media?parent=218"}],"curies":[{"name":"wp","href":"https:\/\/api.w.org\/{rel}","templated":true}]}}