{"id":197,"date":"2020-12-19T11:27:22","date_gmt":"2020-12-19T14:27:22","guid":{"rendered":"https:\/\/corecon-pi.org.br\/transparencia\/?page_id=197"},"modified":"2020-12-19T11:30:19","modified_gmt":"2020-12-19T14:30:19","slug":"portarias-2012","status":"publish","type":"page","link":"https:\/\/corecon-pi.org.br\/transparencia\/atos-normativos\/portarias-2012\/","title":{"rendered":"Portarias 2012"},"content":{"rendered":"<div align=\"right\"><a type=\"button\" class=\"btn btn-primary btn-lg\" href=\"atos-normativos\">Voltar<\/a><\/div>\n<p><\/p>\n<table style=\"width: 100%;\" border=\"0\" align=\"center\">\n<tbody>\n<tr style=\"height: 70px;\">\n<th style=\"background-color: #333399; color: #ffffff; height: 70px; text-align: center;\">\n<p align=\"center\"><strong>PORTARIAS<\/strong><\/p>\n<\/th>\n<\/tr>\n<tr style=\"height: 486px;\">\n<td style=\"height: 486px; background-color: #f5f5f5; vertical-align: text-top;\">\n<p align=\"center\"><span style=\"color: #008080;\"><strong>2012<\/strong><\/span><\/p>\n<table style=\"height: 626px;\">\n<tbody>\n<tr>\n<td style=\"width: 70px;\"><strong><span style=\"color: #666699;\">N\u00b0<\/span><\/strong><\/td>\n<td><span style=\"color: #666699;\"><strong>Descri\u00e7\u00e3o<\/strong><\/span><\/td>\n<\/tr>\n<tr>\n<td>001<\/td>\n<td><a href=\"..\/..\/wp-content\/uploads\/docs\/portarias\/2012\/Port2012001.pdf\" target=\"_blank\" rel=\"noopener noreferrer\">Designa tesoureira.<\/a><\/td>\n<\/tr>\n<tr>\n<td>002<\/td>\n<td><a href=\"..\/..\/wp-content\/uploads\/docs\/portarias\/2012\/Port2012002.pdf\" target=\"_blank\" rel=\"noopener noreferrer\">Constitui e Nomeia a Comiss\u00e3o de Tomada de Contas \u2013 CTC, exerc\u00edcio 2012.<\/a><\/td>\n<\/tr>\n<tr>\n<td>003<\/td>\n<td><a href=\"..\/..\/wp-content\/uploads\/docs\/portarias\/2012\/Port2012003.pdf\" target=\"_blank\" rel=\"noopener noreferrer\">Constitui e Nomeia a Comiss\u00e3o de Valoriza\u00e7\u00e3o Profissional e Eventos, exerc\u00edcio 2012.<\/a><\/td>\n<\/tr>\n<tr>\n<td>004<\/td>\n<td><a href=\"..\/..\/wp-content\/uploads\/docs\/portarias\/2012\/Port2012004.pdf\" target=\"_blank\" rel=\"noopener noreferrer\">Constitui e Nomeia a Comiss\u00e3o de Licita\u00e7\u00e3o, exerc\u00edcio 2012.<\/a><\/td>\n<\/tr>\n<tr>\n<td>005<\/td>\n<td><a href=\"..\/..\/wp-content\/uploads\/docs\/portarias\/2012\/Port2012005.pdf\" target=\"_blank\" rel=\"noopener noreferrer\">Constitui e Nomeia a Comiss\u00e3o de Fiscaliza\u00e7\u00e3o, exerc\u00edcio 2012.<\/a><\/td>\n<\/tr>\n<tr>\n<td>006<\/td>\n<td><a href=\"..\/..\/wp-content\/uploads\/docs\/portarias\/2012\/Port2012006.pdf\" target=\"_blank\" rel=\"noopener noreferrer\">Nomeia a Comiss\u00e3o de Normas e Legisla\u00e7\u00e3o, exerc\u00edcio 2013.<\/a><\/td>\n<\/tr>\n<tr>\n<td>007<\/td>\n<td><a href=\"..\/..\/wp-content\/uploads\/docs\/portarias\/2012\/Port2012007.pdf\" target=\"_blank\" rel=\"noopener noreferrer\">Constitui e Nomeia a Comiss\u00e3o de Comunica\u00e7\u00e3o, exerc\u00edcio 2012.<\/a><\/td>\n<\/tr>\n<tr>\n<td>008<\/td>\n<td><a href=\"..\/..\/wp-content\/uploads\/docs\/portarias\/2012\/Port2012008.pdf\" target=\"_blank\" rel=\"noopener noreferrer\">Aprova o deferimento de pedidos de cancelamento de registro.<\/a><\/td>\n<\/tr>\n<tr>\n<td>009<\/td>\n<td><a href=\"..\/..\/wp-content\/uploads\/docs\/portarias\/2012\/Port2012009.pdf\" target=\"_blank\" rel=\"noopener noreferrer\">Aprova o indeferimento do pedido de cancelamento de registro.<\/a><\/td>\n<\/tr>\n<tr>\n<td>010<\/td>\n<td><a href=\"..\/..\/wp-content\/uploads\/docs\/portarias\/2012\/Port2012010.pdf\" target=\"_blank\" rel=\"noopener noreferrer\">Aprova o deferimento do pedido de cancelamento de registro definitivo.<\/a><\/td>\n<\/tr>\n<tr>\n<td>011<\/td>\n<td><a href=\"..\/..\/wp-content\/uploads\/docs\/portarias\/2012\/Port2012011.pdf\" target=\"_blank\" rel=\"noopener noreferrer\">Aprova o deferimento de pedidos de cancelamento de registro.<\/a><\/td>\n<\/tr>\n<tr>\n<td>012<\/td>\n<td><a href=\"..\/..\/wp-content\/uploads\/docs\/portarias\/2012\/Port2012012.pdf\" target=\"_blank\" rel=\"noopener noreferrer\">Aprova o deferimento do pedido de cancelamento de registro definitivo.<\/a><\/td>\n<\/tr>\n<tr>\n<td>013<\/td>\n<td><a href=\"..\/..\/wp-content\/uploads\/docs\/portarias\/2012\/Port2012013.pdf\" target=\"_blank\" rel=\"noopener noreferrer\">Aprova o deferimento do pedido de suspens\u00e3o de registro.<\/a><\/td>\n<\/tr>\n<tr>\n<td>014<\/td>\n<td><a href=\"..\/..\/wp-content\/uploads\/docs\/portarias\/2012\/Port2012014.pdf\" target=\"_blank\" rel=\"noopener noreferrer\">Aprova o deferimento do pedido de prorroga\u00e7\u00e3o de suspens\u00e3o de registro.<\/a><\/td>\n<\/tr>\n<tr>\n<td>015<\/td>\n<td><a href=\"..\/..\/wp-content\/uploads\/docs\/portarias\/2012\/Port2012015.pdf\" target=\"_blank\" rel=\"noopener noreferrer\">Aprova o indeferimento do pedido de cancelamento de registro definitivo.<\/a><\/td>\n<\/tr>\n<tr>\n<td>016<\/td>\n<td><a href=\"..\/..\/wp-content\/uploads\/docs\/portarias\/2012\/Port2012016.pdf\" target=\"_blank\" rel=\"noopener noreferrer\">Aprova o deferimento do pedido de cancelamento de registro.<\/a><\/td>\n<\/tr>\n<tr>\n<td>017<\/td>\n<td><a href=\"..\/..\/wp-content\/uploads\/docs\/portarias\/2012\/Port2012017.pdf\" target=\"_blank\" rel=\"noopener noreferrer\">Aprova o deferimento do pedido de cancelamento de registro.<\/a><\/td>\n<\/tr>\n<tr>\n<td>018<\/td>\n<td><a href=\"..\/..\/wp-content\/uploads\/docs\/portarias\/2012\/Port2012018.pdf\" target=\"_blank\" rel=\"noopener noreferrer\">Aprova o deferimento do pedido de cancelamento de registro da Economista.<\/a><\/td>\n<\/tr>\n<tr>\n<td>019<\/td>\n<td><a href=\"..\/..\/wp-content\/uploads\/docs\/portarias\/2012\/Port2012019.pdf\" target=\"_blank\" rel=\"noopener noreferrer\">Aprova o indeferimento do pedido de cancelamento de registro.<\/a><\/td>\n<\/tr>\n<tr>\n<td>020<\/td>\n<td><a href=\"..\/..\/wp-content\/uploads\/docs\/portarias\/2012\/Port2012020.pdf\" target=\"_blank\" rel=\"noopener noreferrer\">Aprova o indeferimento do pedido de cancelamento de registro.<\/a><\/td>\n<\/tr>\n<tr>\n<td>021<\/td>\n<td><a href=\"..\/..\/wp-content\/uploads\/docs\/portarias\/2012\/Port2012021.pdf\" target=\"_blank\" rel=\"noopener noreferrer\">Aprova o deferimento do pedido de cancelamento de registro.<\/a><\/td>\n<\/tr>\n<tr>\n<td>022<\/td>\n<td><a href=\"..\/..\/wp-content\/uploads\/docs\/portarias\/2012\/Port2012022.pdf\" target=\"_blank\" rel=\"noopener noreferrer\">Aprova o deferimento do pedido de cancelamento de registro.<\/a><\/td>\n<\/tr>\n<\/tbody>\n<\/table>\n<\/td>\n<\/tr>\n<\/tbody>\n<\/table>\n","protected":false},"excerpt":{"rendered":"<p>Voltar PORTARIAS 2012 N\u00b0 Descri\u00e7\u00e3o 001 Designa tesoureira. 002 Constitui e Nomeia a Comiss\u00e3o de Tomada de Contas \u2013 CTC, exerc\u00edcio 2012. 003 Constitui e Nomeia a Comiss\u00e3o de Valoriza\u00e7\u00e3o Profissional e Eventos, exerc\u00edcio 2012. 004 Constitui e Nomeia a Comiss\u00e3o de Licita\u00e7\u00e3o, exerc\u00edcio 2012. 005 Constitui e Nomeia a Comiss\u00e3o de Fiscaliza\u00e7\u00e3o, exerc\u00edcio 2012. &hellip; <a href=\"https:\/\/corecon-pi.org.br\/transparencia\/atos-normativos\/portarias-2012\/\" class=\"more-link\">Continue reading <span class=\"screen-reader-text\">Portarias 2012<\/span><\/a><\/p>\n","protected":false},"author":2,"featured_media":0,"parent":47,"menu_order":0,"comment_status":"closed","ping_status":"closed","template":"","meta":{"footnotes":""},"class_list":["post-197","page","type-page","status-publish","hentry"],"_links":{"self":[{"href":"https:\/\/corecon-pi.org.br\/transparencia\/wp-json\/wp\/v2\/pages\/197","targetHints":{"allow":["GET"]}}],"collection":[{"href":"https:\/\/corecon-pi.org.br\/transparencia\/wp-json\/wp\/v2\/pages"}],"about":[{"href":"https:\/\/corecon-pi.org.br\/transparencia\/wp-json\/wp\/v2\/types\/page"}],"author":[{"embeddable":true,"href":"https:\/\/corecon-pi.org.br\/transparencia\/wp-json\/wp\/v2\/users\/2"}],"replies":[{"embeddable":true,"href":"https:\/\/corecon-pi.org.br\/transparencia\/wp-json\/wp\/v2\/comments?post=197"}],"version-history":[{"count":4,"href":"https:\/\/corecon-pi.org.br\/transparencia\/wp-json\/wp\/v2\/pages\/197\/revisions"}],"predecessor-version":[{"id":203,"href":"https:\/\/corecon-pi.org.br\/transparencia\/wp-json\/wp\/v2\/pages\/197\/revisions\/203"}],"up":[{"embeddable":true,"href":"https:\/\/corecon-pi.org.br\/transparencia\/wp-json\/wp\/v2\/pages\/47"}],"wp:attachment":[{"href":"https:\/\/corecon-pi.org.br\/transparencia\/wp-json\/wp\/v2\/media?parent=197"}],"curies":[{"name":"wp","href":"https:\/\/api.w.org\/{rel}","templated":true}]}}