{"id":190,"date":"2020-12-17T16:25:05","date_gmt":"2020-12-17T19:25:05","guid":{"rendered":"https:\/\/corecon-pi.org.br\/transparencia\/?page_id=190"},"modified":"2020-12-19T11:47:58","modified_gmt":"2020-12-19T14:47:58","slug":"portarias-2013","status":"publish","type":"page","link":"https:\/\/corecon-pi.org.br\/transparencia\/atos-normativos\/portarias-2013\/","title":{"rendered":"Portarias 2013"},"content":{"rendered":"<div align=\"right\"><a type=\"button\" class=\"btn btn-primary btn-lg\" href=\"atos-normativos\">Voltar<\/a><\/div>\n<p><\/p>\n<table style=\"width: 100%;\" border=\"0\" align=\"center\">\n<tbody>\n<tr style=\"height: 70px;\">\n<th style=\"background-color: #333399; color: #ffffff; height: 70px; text-align: center;\">\n<p align=\"center\"><strong>PORTARIAS<\/strong><\/p>\n<\/th>\n<\/tr>\n<tr style=\"height: 486px;\">\n<td style=\"height: 486px; background-color: #f5f5f5; vertical-align: text-top;\">\n<p align=\"center\"><span style=\"color: #008080;\"><strong>2013<\/strong><\/span><\/p>\n<table style=\"height: 626px;\">\n<tbody>\n<tr>\n<td style=\"width: 70px;\"><strong><span style=\"color: #666699;\">N\u00b0<\/span><\/strong><\/td>\n<td><span style=\"color: #666699;\"><strong>Descri\u00e7\u00e3o<\/strong><\/span><\/td>\n<\/tr>\n<tr>\n<td>001<\/td>\n<td><a href=\"..\/..\/wp-content\/uploads\/docs\/portarias\/2013\/Port2013001.pdf\" target=\"_blank\" rel=\"noopener noreferrer\">Designa tesoureira.<\/a><\/td>\n<\/tr>\n<tr>\n<td>002<\/td>\n<td><a href=\"..\/..\/wp-content\/uploads\/docs\/portarias\/2013\/Port2013002.pdf\" target=\"_blank\" rel=\"noopener noreferrer\">Nomeia o Delegado Regional da Delegacia de Parna\u00edba.<\/a><\/td>\n<\/tr>\n<tr>\n<td>003<\/td>\n<td><a href=\"..\/..\/wp-content\/uploads\/docs\/portarias\/2013\/Port2013003.pdf\" target=\"_blank\" rel=\"noopener noreferrer\">Aprova o deferimento do pedido de suspens\u00e3o de registro.<\/a><\/td>\n<\/tr>\n<tr>\n<td>004<\/td>\n<td><a href=\"..\/..\/wp-content\/uploads\/docs\/portarias\/2013\/Port2013004.pdf\" target=\"_blank\" rel=\"noopener noreferrer\">Constitui e Nomeia a Comiss\u00e3o de Tomada de Contas \u2013 CTC, exerc\u00edcio 2013.<\/a><\/td>\n<\/tr>\n<tr>\n<td>005<\/td>\n<td><a href=\"..\/..\/wp-content\/uploads\/docs\/portarias\/2013\/Port2013005.pdf\" target=\"_blank\" rel=\"noopener noreferrer\">Constitui e Nomeia a Comiss\u00e3o de Licita\u00e7\u00e3o, exerc\u00edcio 2013.<\/a><\/td>\n<\/tr>\n<tr>\n<td>006<\/td>\n<td><a href=\"..\/..\/wp-content\/uploads\/docs\/portarias\/2013\/Port2013006.pdf\" target=\"_blank\" rel=\"noopener noreferrer\">Constitui e Nomeia a Comiss\u00e3o de Valoriza\u00e7\u00e3o Profissional e Eventos, exerc\u00edcio 2013.<\/a><\/td>\n<\/tr>\n<tr>\n<td>007<\/td>\n<td><a href=\"..\/..\/wp-content\/uploads\/docs\/portarias\/2013\/Port2013007.pdf\" target=\"_blank\" rel=\"noopener noreferrer\">Constitui e Nomeia a Comiss\u00e3o de Fiscaliza\u00e7\u00e3o, exerc\u00edcio 2013.<\/a><\/td>\n<\/tr>\n<tr>\n<td>008<\/td>\n<td><a href=\"..\/..\/wp-content\/uploads\/docs\/portarias\/2013\/Port2013008.pdf\" target=\"_blank\" rel=\"noopener noreferrer\">Nomeia a Comiss\u00e3o de Normas e Legisla\u00e7\u00e3o.<\/a><\/td>\n<\/tr>\n<tr>\n<td>009<\/td>\n<td><a href=\"..\/..\/wp-content\/uploads\/docs\/portarias\/2013\/Port2013009.pdf\" target=\"_blank\" rel=\"noopener noreferrer\">Constitui e Nomeia a Comiss\u00e3o de Comunica\u00e7\u00e3o, exerc\u00edcio 2013.<\/a><\/td>\n<\/tr>\n<tr>\n<td>010<\/td>\n<td><a href=\"..\/..\/wp-content\/uploads\/docs\/portarias\/2013\/Port2013010.pdf\" target=\"_blank\" rel=\"noopener noreferrer\">Aprova o deferimento do pedido de Cancelamento de registro definitivo.<\/a><\/td>\n<\/tr>\n<tr>\n<td>011<\/td>\n<td><a href=\"#\" target=\"_blank\" rel=\"noopener noreferrer\">&#8211;<\/a><\/td>\n<\/tr>\n<tr>\n<td>012<\/td>\n<td><a href=\"#\" target=\"_blank\" rel=\"noopener noreferrer\">&#8211;<\/a><\/td>\n<\/tr>\n<tr>\n<td>013<\/td>\n<td><a href=\"..\/..\/wp-content\/uploads\/docs\/portarias\/2013\/Port2013013.pdf\" target=\"_blank\" rel=\"noopener noreferrer\">Aprova o deferimento do pedido de cancelamento de registro do Economista.<\/a><\/td>\n<\/tr>\n<tr>\n<td>014<\/td>\n<td><a href=\"..\/..\/wp-content\/uploads\/docs\/portarias\/2013\/Port2013014.pdf\" target=\"_blank\" rel=\"noopener noreferrer\">Altera a Comiss\u00e3o de Tomada de Conta, exerc\u00edcio 2013.<\/a><\/td>\n<\/tr>\n<tr>\n<td>015<\/td>\n<td><a href=\"..\/..\/wp-content\/uploads\/docs\/portarias\/2013\/Port2013015.pdf\" target=\"_blank\" rel=\"noopener noreferrer\">Altera a Comiss\u00e3o de Licita\u00e7\u00e3o, exerc\u00edcio 2013.<\/a><\/td>\n<\/tr>\n<tr>\n<td>016<\/td>\n<td><a href=\"..\/..\/wp-content\/uploads\/docs\/portarias\/2013\/Port2013016.pdf\" target=\"_blank\" rel=\"noopener noreferrer\">Estabelece a Comiss\u00e3o Julgadora do Pr\u00eamio Piau\u00ed de Economia (Categoria Monografia) 2013.<\/a><\/td>\n<\/tr>\n<tr>\n<td>017<\/td>\n<td><a href=\"..\/..\/wp-content\/uploads\/docs\/portarias\/2013\/Port2013017.pdf\" target=\"_blank\" rel=\"noopener noreferrer\">Aprova o deferimento do pedido de cancelamento de registro.<\/a><\/td>\n<\/tr>\n<tr>\n<td>018<\/td>\n<td><a href=\"..\/..\/wp-content\/uploads\/docs\/portarias\/2013\/Port2013018.pdf\" target=\"_blank\" rel=\"noopener noreferrer\">Aprova o deferimento do pedido de cancelamento de registro da Economista.<\/a><\/td>\n<\/tr>\n<tr>\n<td>019<\/td>\n<td><a href=\"..\/..\/wp-content\/uploads\/docs\/portarias\/2013\/Port2013019.pdf\" target=\"_blank\" rel=\"noopener noreferrer\">Homologa pedido de registro remido.<\/a><\/td>\n<\/tr>\n<tr>\n<td>020<\/td>\n<td><a href=\"..\/..\/wp-content\/uploads\/docs\/portarias\/2013\/Port2013020.pdf\" target=\"_blank\" rel=\"noopener noreferrer\">Aprova o deferimento do pedido de cancelamento de registro.<\/a><\/td>\n<\/tr>\n<tr>\n<td>021<\/td>\n<td><a href=\"..\/..\/wp-content\/uploads\/docs\/portarias\/2013\/Port2013021.pdf\" target=\"_blank\" rel=\"noopener noreferrer\">Aprova o deferimento do pedido de cancelamento de registro.<\/a><\/td>\n<\/tr>\n<tr>\n<td>022<\/td>\n<td><a href=\"..\/..\/wp-content\/uploads\/docs\/portarias\/2013\/Port2013022.pdf\" target=\"_blank\" rel=\"noopener noreferrer\">Reajusta o valor da gratifica\u00e7\u00e3o de fun\u00e7\u00e3o da gerente executiva.<\/a><\/td>\n<\/tr>\n<tr>\n<td>023<\/td>\n<td><a href=\"..\/..\/wp-content\/uploads\/docs\/portarias\/2013\/Port2013023.pdf\" target=\"_blank\" rel=\"noopener noreferrer\">Aprova o indeferimento do pedido de cancelamento de registro.<\/a><\/td>\n<\/tr>\n<tr>\n<td>024<\/td>\n<td><a href=\"..\/..\/wp-content\/uploads\/docs\/portarias\/2013\/Port2013024.pdf\" target=\"_blank\" rel=\"noopener noreferrer\">Aprova o indeferimento do pedido de cancelamento de registro.<\/a><\/td>\n<\/tr>\n<tr>\n<td>025<\/td>\n<td><a href=\"..\/..\/wp-content\/uploads\/docs\/portarias\/2013\/Port2013025.pdf\" target=\"_blank\" rel=\"noopener noreferrer\">Aprova o deferimento do pedido de cancelamento de registro.<\/a><\/td>\n<\/tr>\n<tr>\n<td>026<\/td>\n<td><a href=\"..\/..\/wp-content\/uploads\/docs\/portarias\/2013\/Port2013026.pdf\" target=\"_blank\" rel=\"noopener noreferrer\">Aprova o indeferimento do pedido de cancelamento de registro.<\/a><\/td>\n<\/tr>\n<tr>\n<td>027<\/td>\n<td><a href=\"..\/..\/wp-content\/uploads\/docs\/portarias\/2013\/Port2013027.pdf\" target=\"_blank\" rel=\"noopener noreferrer\">Aprova o deferimento do pedido de cancelamento de registro.<\/a><\/td>\n<\/tr>\n<\/tbody>\n<\/table>\n<\/td>\n<\/tr>\n<\/tbody>\n<\/table>\n","protected":false},"excerpt":{"rendered":"<p>Voltar PORTARIAS 2013 N\u00b0 Descri\u00e7\u00e3o 001 Designa tesoureira. 002 Nomeia o Delegado Regional da Delegacia de Parna\u00edba. 003 Aprova o deferimento do pedido de suspens\u00e3o de registro. 004 Constitui e Nomeia a Comiss\u00e3o de Tomada de Contas \u2013 CTC, exerc\u00edcio 2013. 005 Constitui e Nomeia a Comiss\u00e3o de Licita\u00e7\u00e3o, exerc\u00edcio 2013. 006 Constitui e Nomeia &hellip; <a href=\"https:\/\/corecon-pi.org.br\/transparencia\/atos-normativos\/portarias-2013\/\" class=\"more-link\">Continue reading <span class=\"screen-reader-text\">Portarias 2013<\/span><\/a><\/p>\n","protected":false},"author":2,"featured_media":0,"parent":47,"menu_order":0,"comment_status":"closed","ping_status":"closed","template":"","meta":{"footnotes":""},"class_list":["post-190","page","type-page","status-publish","hentry"],"_links":{"self":[{"href":"https:\/\/corecon-pi.org.br\/transparencia\/wp-json\/wp\/v2\/pages\/190","targetHints":{"allow":["GET"]}}],"collection":[{"href":"https:\/\/corecon-pi.org.br\/transparencia\/wp-json\/wp\/v2\/pages"}],"about":[{"href":"https:\/\/corecon-pi.org.br\/transparencia\/wp-json\/wp\/v2\/types\/page"}],"author":[{"embeddable":true,"href":"https:\/\/corecon-pi.org.br\/transparencia\/wp-json\/wp\/v2\/users\/2"}],"replies":[{"embeddable":true,"href":"https:\/\/corecon-pi.org.br\/transparencia\/wp-json\/wp\/v2\/comments?post=190"}],"version-history":[{"count":6,"href":"https:\/\/corecon-pi.org.br\/transparencia\/wp-json\/wp\/v2\/pages\/190\/revisions"}],"predecessor-version":[{"id":205,"href":"https:\/\/corecon-pi.org.br\/transparencia\/wp-json\/wp\/v2\/pages\/190\/revisions\/205"}],"up":[{"embeddable":true,"href":"https:\/\/corecon-pi.org.br\/transparencia\/wp-json\/wp\/v2\/pages\/47"}],"wp:attachment":[{"href":"https:\/\/corecon-pi.org.br\/transparencia\/wp-json\/wp\/v2\/media?parent=190"}],"curies":[{"name":"wp","href":"https:\/\/api.w.org\/{rel}","templated":true}]}}