{"id":184,"date":"2020-12-17T15:59:48","date_gmt":"2020-12-17T18:59:48","guid":{"rendered":"https:\/\/corecon-pi.org.br\/transparencia\/?page_id=184"},"modified":"2020-12-17T16:03:46","modified_gmt":"2020-12-17T19:03:46","slug":"portarias-2014","status":"publish","type":"page","link":"https:\/\/corecon-pi.org.br\/transparencia\/atos-normativos\/portarias-2014\/","title":{"rendered":"Portarias 2014"},"content":{"rendered":"<div align=\"right\"><a type=\"button\" class=\"btn btn-primary btn-lg\" href=\"https:\/\/corecon-pi.org.br\/transparencia\/atos-normativos\/\">Voltar<\/a><\/div>\n<p><\/p>\n<table style=\"width: 100%;\" border=\"0\" align=\"center\">\n<tbody>\n<tr style=\"height: 70px;\">\n<th style=\"background-color: #333399; color: #ffffff; height: 70px; text-align: center;\">\n<p align=\"center\"><strong>PORTARIAS<\/strong><\/p>\n<\/th>\n<\/tr>\n<tr style=\"height: 486px;\">\n<td style=\"height: 486px; background-color: #f5f5f5; vertical-align: text-top;\">\n<p align=\"center\"><span style=\"color: #008080;\"><strong>2014<\/strong><\/span><\/p>\n<table style=\"height: 626px;\">\n<tbody>\n<tr>\n<td style=\"width: 70px;\"><strong><span style=\"color: #666699;\">N\u00b0<\/span><\/strong><\/td>\n<td><span style=\"color: #666699;\"><strong>Descri\u00e7\u00e3o<\/strong><\/span><\/td>\n<\/tr>\n<tr>\n<td>001<\/td>\n<td><a href=\"..\/..\/wp-content\/uploads\/docs\/portarias\/2014\/Port2014001.pdf\" target=\"_blank\" rel=\"noopener noreferrer\">Designa tesoureira.<\/a><\/td>\n<\/tr>\n<tr>\n<td>002<\/td>\n<td><a href=\"..\/..\/wp-content\/uploads\/docs\/portarias\/2014\/Port2014002.pdf\" target=\"_blank\" rel=\"noopener noreferrer\">Prorroga validade da comiss\u00e3o de licita\u00e7\u00e3o.<\/a><\/td>\n<\/tr>\n<tr>\n<td>003<\/td>\n<td><a href=\"..\/..\/wp-content\/uploads\/docs\/portarias\/2014\/Port2014003.pdf\" target=\"_blank\" rel=\"noopener noreferrer\">Autoriza o Vice-Presidente a efetuar o pagamento do aluguel da sede do CORECON.<\/a><\/td>\n<\/tr>\n<tr>\n<td>004<\/td>\n<td><a href=\"..\/..\/wp-content\/uploads\/docs\/portarias\/2014\/Port2014004.pdf\" target=\"_blank\" rel=\"noopener noreferrer\">Constitui e Nomeia a Comiss\u00e3o de<br \/>\nTomada de Contas \u2013 CTC, exerc\u00edcio 2014.<\/a><\/td>\n<\/tr>\n<tr>\n<td>005<\/td>\n<td><a href=\"..\/..\/wp-content\/uploads\/docs\/portarias\/2014\/Port2014005.pdf\" target=\"_blank\" rel=\"noopener noreferrer\">Constitui e Nomeia a Comiss\u00e3o de<br \/>\nLicita\u00e7\u00e3o, exerc\u00edcio 2014.<\/a><\/td>\n<\/tr>\n<tr>\n<td>006<\/td>\n<td><a href=\"#\" target=\"_blank\" rel=\"noopener noreferrer\">&#8211;<\/a><\/td>\n<\/tr>\n<tr>\n<td>007<\/td>\n<td><a href=\"..\/..\/wp-content\/uploads\/docs\/portarias\/2014\/Port2014007.pdf\" target=\"_blank\" rel=\"noopener noreferrer\">Aprova o deferimento dos pedidos de cancelamento de registro.<\/a><\/td>\n<\/tr>\n<tr>\n<td>008<\/td>\n<td><a href=\"..\/..\/wp-content\/uploads\/docs\/portarias\/2014\/Port2014008.pdf\" target=\"_blank\" rel=\"noopener noreferrer\">Aprova o indeferimento dos pedido de<br \/>\ncancelamento de registro.<\/a><\/td>\n<\/tr>\n<tr>\n<td>009<\/td>\n<td><a href=\"..\/..\/wp-content\/uploads\/docs\/portarias\/2014\/Port2014009.pdf\" target=\"_blank\" rel=\"noopener noreferrer\">Aprova o indeferimento do pedido de<br \/>\ncancelamento de registro.<\/a><\/td>\n<\/tr>\n<tr>\n<td>010<\/td>\n<td><a href=\"..\/..\/wp-content\/uploads\/docs\/portarias\/2014\/Port2014010.pdf\" target=\"_blank\" rel=\"noopener noreferrer\">Aprova o deferimento dos pedidos de cancelamento de registro definitivo.<\/a><\/td>\n<\/tr>\n<tr>\n<td>011<\/td>\n<td><a href=\"..\/..\/wp-content\/uploads\/docs\/portarias\/2014\/Port2014011.pdf\" target=\"_blank\" rel=\"noopener noreferrer\">Altera a Comiss\u00e3o de Tomada de<br \/>\nContas, exerc\u00edcio 2014.<\/a><\/td>\n<\/tr>\n<tr>\n<td>012<\/td>\n<td><a href=\"..\/..\/wp-content\/uploads\/docs\/portarias\/2014\/Port2014012.pdf\" target=\"_blank\" rel=\"noopener noreferrer\">Estabelece a Comiss\u00e3o Julgadora do Pr\u00eamio Piau\u00ed de Economia (Categoria Monografia) 2014.<\/a><\/td>\n<\/tr>\n<tr>\n<td>013<\/td>\n<td><a href=\"..\/..\/wp-content\/uploads\/docs\/portarias\/2014\/Port2014013.pdf\" target=\"_blank\" rel=\"noopener noreferrer\">Aprova o deferimento do pedido de cancelamento de registro do Economista.<\/a><\/td>\n<\/tr>\n<tr>\n<td>014<\/td>\n<td><a href=\"..\/..\/wp-content\/uploads\/docs\/portarias\/2014\/Port2014014.pdf\" target=\"_blank\" rel=\"noopener noreferrer\">Aprova o deferimento do pedido de cancelamento de registro da Economista.<\/a><\/td>\n<\/tr>\n<tr>\n<td>015<\/td>\n<td><a href=\"..\/..\/wp-content\/uploads\/docs\/portarias\/2014\/Port2014015.pdf\" target=\"_blank\" rel=\"noopener noreferrer\">Aprova o deferimento do pedido de<br \/>\ncancelamento de registro definitivo do Economista.<\/a><\/td>\n<\/tr>\n<tr>\n<td>016<\/td>\n<td><a href=\"..\/..\/wp-content\/uploads\/docs\/portarias\/2014\/Port2014016.pdf\" target=\"_blank\" rel=\"noopener noreferrer\">Homologa o pedido de suspens\u00e3o de registro.<\/a><\/td>\n<\/tr>\n<tr>\n<td>017<\/td>\n<td><a href=\"..\/..\/wp-content\/uploads\/docs\/portarias\/2014\/Port2014017.pdf\" target=\"_blank\" rel=\"noopener noreferrer\">Nomeia Comiss\u00e3o para Desfazimento<br \/>\nde Materiais e Equipamentos Inserv\u00edveis.<\/a><\/td>\n<\/tr>\n<tr>\n<td>018<\/td>\n<td><a href=\"..\/..\/wp-content\/uploads\/docs\/portarias\/2014\/Port2014018.pdf\" target=\"_blank\" rel=\"noopener noreferrer\">Aprova o deferimento do pedido de cancelamento de registro da Economista.<\/a><\/td>\n<\/tr>\n<tr>\n<td>019<\/td>\n<td><a href=\"..\/..\/wp-content\/uploads\/docs\/portarias\/2014\/Port2014019.pdf\" target=\"_blank\" rel=\"noopener noreferrer\">Aprova o deferimento dos pedidos de cancelamento de registro das Economistas.<\/a><\/td>\n<\/tr>\n<tr>\n<td>020<\/td>\n<td><a href=\"..\/..\/wp-content\/uploads\/docs\/portarias\/2014\/Port2014020.pdf\" target=\"_blank\" rel=\"noopener noreferrer\">Aprova o deferimento dos pedidos de cancelamento de registro das Economistas.<\/a><\/td>\n<\/tr>\n<tr>\n<td>021<\/td>\n<td><a href=\"..\/..\/wp-content\/uploads\/docs\/portarias\/2014\/Port2014021.pdf\" target=\"_blank\" rel=\"noopener noreferrer\">Aprova o deferimento do pedido de cancelamento de registro.<\/a><\/td>\n<\/tr>\n<\/tbody>\n<\/table>\n<\/td>\n<\/tr>\n<\/tbody>\n<\/table>\n","protected":false},"excerpt":{"rendered":"<p>Voltar PORTARIAS 2014 N\u00b0 Descri\u00e7\u00e3o 001 Designa tesoureira. 002 Prorroga validade da comiss\u00e3o de licita\u00e7\u00e3o. 003 Autoriza o Vice-Presidente a efetuar o pagamento do aluguel da sede do CORECON. 004 Constitui e Nomeia a Comiss\u00e3o de Tomada de Contas \u2013 CTC, exerc\u00edcio 2014. 005 Constitui e Nomeia a Comiss\u00e3o de Licita\u00e7\u00e3o, exerc\u00edcio 2014. 006 &#8211; &hellip; <a href=\"https:\/\/corecon-pi.org.br\/transparencia\/atos-normativos\/portarias-2014\/\" class=\"more-link\">Continue reading <span class=\"screen-reader-text\">Portarias 2014<\/span><\/a><\/p>\n","protected":false},"author":2,"featured_media":0,"parent":47,"menu_order":0,"comment_status":"closed","ping_status":"closed","template":"","meta":{"footnotes":""},"class_list":["post-184","page","type-page","status-publish","hentry"],"_links":{"self":[{"href":"https:\/\/corecon-pi.org.br\/transparencia\/wp-json\/wp\/v2\/pages\/184","targetHints":{"allow":["GET"]}}],"collection":[{"href":"https:\/\/corecon-pi.org.br\/transparencia\/wp-json\/wp\/v2\/pages"}],"about":[{"href":"https:\/\/corecon-pi.org.br\/transparencia\/wp-json\/wp\/v2\/types\/page"}],"author":[{"embeddable":true,"href":"https:\/\/corecon-pi.org.br\/transparencia\/wp-json\/wp\/v2\/users\/2"}],"replies":[{"embeddable":true,"href":"https:\/\/corecon-pi.org.br\/transparencia\/wp-json\/wp\/v2\/comments?post=184"}],"version-history":[{"count":4,"href":"https:\/\/corecon-pi.org.br\/transparencia\/wp-json\/wp\/v2\/pages\/184\/revisions"}],"predecessor-version":[{"id":189,"href":"https:\/\/corecon-pi.org.br\/transparencia\/wp-json\/wp\/v2\/pages\/184\/revisions\/189"}],"up":[{"embeddable":true,"href":"https:\/\/corecon-pi.org.br\/transparencia\/wp-json\/wp\/v2\/pages\/47"}],"wp:attachment":[{"href":"https:\/\/corecon-pi.org.br\/transparencia\/wp-json\/wp\/v2\/media?parent=184"}],"curies":[{"name":"wp","href":"https:\/\/api.w.org\/{rel}","templated":true}]}}