{"id":148,"date":"2020-10-11T22:26:30","date_gmt":"2020-10-12T01:26:30","guid":{"rendered":"https:\/\/corecon-pi.org.br\/transparencia\/?page_id=148"},"modified":"2020-10-12T19:14:02","modified_gmt":"2020-10-12T22:14:02","slug":"resolucoes-2018","status":"publish","type":"page","link":"https:\/\/corecon-pi.org.br\/transparencia\/atos-normativos\/resolucoes-2018\/","title":{"rendered":"Resolu\u00e7\u00f5es 2018"},"content":{"rendered":"<p>&nbsp;<\/p>\n<table style=\"width: 100%;\" border=\"0\" align=\"center\">\n<tbody>\n<tr style=\"height: 70px;\">\n<th style=\"background-color: #333399; color: #ffffff; height: 70px; text-align: center;\">\n<p align=\"center\"><strong>RESOLU\u00c7\u00d5ES<\/strong><\/p>\n<\/th>\n<\/tr>\n<tr style=\"height: 486px;\">\n<td style=\"height: 486px; background-color: #f5f5f5; vertical-align: text-top;\">\n<p align=\"center\"><span style=\"color: #008080;\"><strong>2018<\/strong><\/span><\/p>\n<table> <!-- style=\"height: 626px;\" --> <\/p>\n<tbody>\n<tr>\n<td style=\"width: 70px;\"><strong><span style=\"color: #666699;\">N\u00b0<\/span><\/strong><\/td>\n<td><span style=\"color: #666699;\"><strong>Descri\u00e7\u00e3o<\/strong><\/span><\/td>\n<\/tr>\n<tr>\n<td>1<\/td>\n<td><a href=\"..\/..\/wp-content\/uploads\/docs\/resolucoes\/2018\/Res201801.pdf\" target=\"_blank\" rel=\"noopener noreferrer\">Registro Ativo e Cancelamento de registro.<\/a><\/td>\n<\/tr>\n<tr>\n<td>2<\/td>\n<td><a href=\"..\/..\/wp-content\/uploads\/docs\/resolucoes\/2018\/Res201802.pdf\" target=\"_blank\" rel=\"noopener noreferrer\">Registro Ativo e Cancelamento de registro.<\/a><\/td>\n<\/tr>\n<tr>\n<td>3<\/td>\n<td><a href=\"..\/..\/wp-content\/uploads\/docs\/resolucoes\/2018\/Res201803.pdf\" target=\"_blank\" rel=\"noopener noreferrer\">Presta\u00e7\u00e3o de Contas 2017.<\/a><\/td>\n<\/tr>\n<tr>\n<td>4<\/td>\n<td><a href=\"..\/..\/wp-content\/uploads\/docs\/resolucoes\/2018\/Res201804.pdf\" target=\"_blank\" rel=\"noopener noreferrer\">Balancete do 1\u00b0 Trimestre.<\/a><\/td>\n<\/tr>\n<tr>\n<td>5<\/td>\n<td><a href=\"..\/..\/wp-content\/uploads\/docs\/resolucoes\/2018\/Res201805.pdf\" target=\"_blank\" rel=\"noopener noreferrer\">Cancelamento de registro.<\/a><\/td>\n<\/tr>\n<tr>\n<td>6<\/td>\n<td><a href=\"..\/..\/wp-content\/uploads\/docs\/resolucoes\/2018\/Res201806.pdf\" target=\"_blank\" rel=\"noopener noreferrer\">Indeferimento a pedido de cancelamento de registro.<\/a><\/td>\n<\/tr>\n<tr>\n<td>7<\/td>\n<td><a href=\"..\/..\/wp-content\/uploads\/docs\/resolucoes\/2018\/Res201807.pdf\" target=\"_blank\" rel=\"noopener noreferrer\">Balancete do 2\u00b0 Trimestre.<\/a><\/td>\n<\/tr>\n<tr>\n<td>8<\/td>\n<td><a href=\"..\/..\/wp-content\/uploads\/docs\/resolucoes\/2018\/Res201808.pdf\" target=\"_blank\" rel=\"noopener noreferrer\">Comiss\u00e3o Eleitoral.<\/a><\/td>\n<\/tr>\n<tr>\n<td>9<\/td>\n<td><a href=\"..\/..\/wp-content\/uploads\/docs\/resolucoes\/2018\/Res201809.pdf\" target=\"_blank\" rel=\"noopener noreferrer\">Cancelamento de registro.<\/a><\/td>\n<\/tr>\n<tr>\n<td>10<\/td>\n<td><a href=\"..\/..\/wp-content\/uploads\/docs\/resolucoes\/2018\/Res201810.pdf\" target=\"_blank\" rel=\"noopener noreferrer\">Concilia\u00e7\u00e3o judicial.<\/a><\/td>\n<\/tr>\n<tr>\n<td>11<\/td>\n<td><a href=\"..\/..\/wp-content\/uploads\/docs\/resolucoes\/2018\/Res201811.pdf\" target=\"_blank\" rel=\"noopener noreferrer\">Cancelamento de registro.<\/a><\/td>\n<\/tr>\n<tr>\n<td>12<\/td>\n<td><a href=\"..\/..\/wp-content\/uploads\/docs\/resolucoes\/2018\/Res201812.pdf\" target=\"_blank\" rel=\"noopener noreferrer\">Homologa registros.<\/a><\/td>\n<\/tr>\n<tr>\n<td>13<\/td>\n<td><a href=\"..\/..\/wp-content\/uploads\/docs\/resolucoes\/2018\/Res201813.pdf\" target=\"_blank\" rel=\"noopener noreferrer\">Anuidade de 2019.<\/a><\/td>\n<\/tr>\n<tr>\n<td>14<\/td>\n<td><a href=\"..\/..\/wp-content\/uploads\/docs\/resolucoes\/2018\/Res201814.pdf\" target=\"_blank\" rel=\"noopener noreferrer\">Cancelamento de registro.<\/a><\/td>\n<\/tr>\n<tr>\n<td>15<\/td>\n<td><a href=\"..\/..\/wp-content\/uploads\/docs\/resolucoes\/2018\/Res201815.pdf\" target=\"_blank\" rel=\"noopener noreferrer\">Balancete do 3\u00b0 Trimestre.<\/a><\/td>\n<\/tr>\n<tr>\n<td>16<\/td>\n<td><a href=\"..\/..\/wp-content\/uploads\/docs\/resolucoes\/2018\/Res201816.pdf\" target=\"_blank\" rel=\"noopener noreferrer\">Cancelamento de registro.<\/a><\/td>\n<\/tr>\n<tr>\n<td>17<\/td>\n<td><a href=\"..\/..\/wp-content\/uploads\/docs\/resolucoes\/2018\/Res201817.pdf\" target=\"_blank\" rel=\"noopener noreferrer\">Dossi\u00ea eleitoral.<\/a><\/td>\n<\/tr>\n<tr>\n<td>18<\/td>\n<td><a href=\"..\/..\/wp-content\/uploads\/docs\/resolucoes\/2018\/Res201818.pdf\" target=\"_blank\" rel=\"noopener noreferrer\">Cancelamento de registro.<\/a><\/td>\n<\/tr>\n<tr>\n<td>19<\/td>\n<td><a href=\"..\/..\/wp-content\/uploads\/docs\/resolucoes\/2018\/Res201819.pdf\" target=\"_blank\" rel=\"noopener noreferrer\">Suspens\u00e3o de registro.<\/a><\/td>\n<\/tr>\n<tr>\n<td>20<\/td>\n<td><a href=\"..\/..\/wp-content\/uploads\/docs\/resolucoes\/2018\/Res201820.pdf\" target=\"_blank\" rel=\"noopener noreferrer\">Cancelamento de registro.<\/a><\/td>\n<\/tr>\n<\/tbody>\n<\/table>\n<\/td>\n<\/tr>\n<\/tbody>\n<\/table>\n","protected":false},"excerpt":{"rendered":"<p>&nbsp; RESOLU\u00c7\u00d5ES 2018 N\u00b0 Descri\u00e7\u00e3o 1 Registro Ativo e Cancelamento de registro. 2 Registro Ativo e Cancelamento de registro. 3 Presta\u00e7\u00e3o de Contas 2017. 4 Balancete do 1\u00b0 Trimestre. 5 Cancelamento de registro. 6 Indeferimento a pedido de cancelamento de registro. 7 Balancete do 2\u00b0 Trimestre. 8 Comiss\u00e3o Eleitoral. 9 Cancelamento de registro. 10 Concilia\u00e7\u00e3o &hellip; <a href=\"https:\/\/corecon-pi.org.br\/transparencia\/atos-normativos\/resolucoes-2018\/\" class=\"more-link\">Continue reading <span class=\"screen-reader-text\">Resolu\u00e7\u00f5es 2018<\/span><\/a><\/p>\n","protected":false},"author":2,"featured_media":0,"parent":47,"menu_order":0,"comment_status":"closed","ping_status":"closed","template":"","meta":{"footnotes":""},"class_list":["post-148","page","type-page","status-publish","hentry"],"_links":{"self":[{"href":"https:\/\/corecon-pi.org.br\/transparencia\/wp-json\/wp\/v2\/pages\/148","targetHints":{"allow":["GET"]}}],"collection":[{"href":"https:\/\/corecon-pi.org.br\/transparencia\/wp-json\/wp\/v2\/pages"}],"about":[{"href":"https:\/\/corecon-pi.org.br\/transparencia\/wp-json\/wp\/v2\/types\/page"}],"author":[{"embeddable":true,"href":"https:\/\/corecon-pi.org.br\/transparencia\/wp-json\/wp\/v2\/users\/2"}],"replies":[{"embeddable":true,"href":"https:\/\/corecon-pi.org.br\/transparencia\/wp-json\/wp\/v2\/comments?post=148"}],"version-history":[{"count":2,"href":"https:\/\/corecon-pi.org.br\/transparencia\/wp-json\/wp\/v2\/pages\/148\/revisions"}],"predecessor-version":[{"id":157,"href":"https:\/\/corecon-pi.org.br\/transparencia\/wp-json\/wp\/v2\/pages\/148\/revisions\/157"}],"up":[{"embeddable":true,"href":"https:\/\/corecon-pi.org.br\/transparencia\/wp-json\/wp\/v2\/pages\/47"}],"wp:attachment":[{"href":"https:\/\/corecon-pi.org.br\/transparencia\/wp-json\/wp\/v2\/media?parent=148"}],"curies":[{"name":"wp","href":"https:\/\/api.w.org\/{rel}","templated":true}]}}