{"id":145,"date":"2020-10-11T21:50:53","date_gmt":"2020-10-12T00:50:53","guid":{"rendered":"https:\/\/corecon-pi.org.br\/transparencia\/?page_id=145"},"modified":"2020-10-11T21:51:04","modified_gmt":"2020-10-12T00:51:04","slug":"resolucoes-2017","status":"publish","type":"page","link":"https:\/\/corecon-pi.org.br\/transparencia\/atos-normativos\/resolucoes-2017\/","title":{"rendered":"Resolu\u00e7\u00f5es 2017"},"content":{"rendered":"<p>&nbsp;<\/p>\n<table style=\"width: 100%;\" border=\"0\" align=\"center\">\n<tbody>\n<tr style=\"height: 70px;\">\n<th style=\"background-color: #333399; color: #ffffff; height: 70px; text-align: center;\">\n<p align=\"center\"><strong>RESOLU\u00c7\u00d5ES<\/strong><\/p>\n<\/th>\n<\/tr>\n<tr style=\"height: 486px;\">\n<td style=\"height: 486px; background-color: #f5f5f5; vertical-align: text-top;\">\n<p align=\"center\"><span style=\"color: #008080;\"><strong>2017<\/strong><\/span><\/p>\n<table> <!-- style=\"height: 626px;\" --> <\/p>\n<tbody>\n<tr>\n<td style=\"width: 70px;\"><strong><span style=\"color: #666699;\">N\u00b0<\/span><\/strong><\/td>\n<td><span style=\"color: #666699;\"><strong>Descri\u00e7\u00e3o<\/strong><\/span><\/td>\n<\/tr>\n<tr>\n<td>1<\/td>\n<td><a href=\"..\/..\/wp-content\/uploads\/docs\/resolucoes\/2017\/Res201701.pdf\" target=\"_blank\" rel=\"noopener noreferrer\">Cancelamento de registro.<\/a><\/td>\n<\/tr>\n<tr>\n<td>2<\/td>\n<td><a href=\"..\/..\/wp-content\/uploads\/docs\/resolucoes\/2017\/Res201702.pdf\" target=\"_blank\" rel=\"noopener noreferrer\">Presta\u00e7\u00e3o de Contas 2016.<\/a><\/td>\n<\/tr>\n<tr>\n<td>3<\/td>\n<td><a href=\"..\/..\/wp-content\/uploads\/docs\/resolucoes\/2017\/Res201703.pdf\" target=\"_blank\" rel=\"noopener noreferrer\">Presta\u00e7\u00e3o de Contas 2015.<\/a><\/td>\n<\/tr>\n<tr>\n<td>4<\/td>\n<td><a href=\"..\/..\/wp-content\/uploads\/docs\/resolucoes\/2017\/Res201704.pdf\" target=\"_blank\" rel=\"noopener noreferrer\">Cancelamento de registro.<\/a><\/td>\n<\/tr>\n<tr>\n<td>5<\/td>\n<td><a href=\"..\/..\/wp-content\/uploads\/docs\/resolucoes\/2017\/Res201705.pdf\" target=\"_blank\" rel=\"noopener noreferrer\">Cancelamento de registro.<\/a><\/td>\n<\/tr>\n<tr>\n<td>6<\/td>\n<td><a href=\"..\/..\/wp-content\/uploads\/docs\/resolucoes\/2017\/Res201706.pdf\" target=\"_blank\" rel=\"noopener noreferrer\">Indeferimento a pedido de Cancelamento de registro.<\/a><\/td>\n<\/tr>\n<tr>\n<td>7<\/td>\n<td><a href=\"..\/..\/wp-content\/uploads\/docs\/resolucoes\/2017\/Res201707.pdf\" target=\"_blank\" rel=\"noopener noreferrer\">Cancelamento de registro.<\/a><\/td>\n<\/tr>\n<tr>\n<td>8<\/td>\n<td><a href=\"..\/..\/wp-content\/uploads\/docs\/resolucoes\/2017\/Res201708.pdf\" target=\"_blank\" rel=\"noopener noreferrer\">Balancete do 1\u00b0 Trimestre de 2017.<\/a><\/td>\n<\/tr>\n<tr>\n<td>9<\/td>\n<td><a href=\"..\/..\/wp-content\/uploads\/docs\/resolucoes\/2017\/Res201709.pdf\" target=\"_blank\" rel=\"noopener noreferrer\">Cancelamento de registro.<\/a><\/td>\n<\/tr>\n<tr>\n<td>10<\/td>\n<td><a href=\"..\/..\/wp-content\/uploads\/docs\/resolucoes\/2017\/Res201710.pdf\" target=\"_blank\" rel=\"noopener noreferrer\">Indeferimento a pedido de cancelamento de registro.<\/a><\/td>\n<\/tr>\n<tr>\n<td>11<\/td>\n<td><a href=\"..\/..\/wp-content\/uploads\/docs\/resolucoes\/2017\/Res201711.pdf\" target=\"_blank\" rel=\"noopener noreferrer\">Cancelamento de registro.<\/a><\/td>\n<\/tr>\n<tr>\n<td>12<\/td>\n<td><a href=\"..\/..\/wp-content\/uploads\/docs\/resolucoes\/2017\/Res201712.pdf\" target=\"_blank\" rel=\"noopener noreferrer\">Indeferimento a pedido de cancelamento de registro.<\/a><\/td>\n<\/tr>\n<tr>\n<td>13<\/td>\n<td><a href=\"..\/..\/wp-content\/uploads\/docs\/resolucoes\/2017\/Res201713.pdf\" target=\"_blank\" rel=\"noopener noreferrer\">Suspens\u00e3o de registros.<\/a><\/td>\n<\/tr>\n<tr>\n<td>14<\/td>\n<td><a href=\"..\/..\/wp-content\/uploads\/docs\/resolucoes\/2017\/Res201714.pdf\" target=\"_blank\" rel=\"noopener noreferrer\">Comiss\u00e3o Eleitoral.<\/a><\/td>\n<\/tr>\n<tr>\n<td>15<\/td>\n<td><a href=\"..\/..\/wp-content\/uploads\/docs\/resolucoes\/2017\/Res201715.pdf\" target=\"_blank\" rel=\"noopener noreferrer\">ARTS.<\/a><\/td>\n<\/tr>\n<tr>\n<td>16<\/td>\n<td><a href=\"..\/..\/wp-content\/uploads\/docs\/resolucoes\/2017\/Res201716.pdf\" target=\"_blank\" rel=\"noopener noreferrer\">Registro ativo com desconto e cancelamento.<\/a><\/td>\n<\/tr>\n<tr>\n<td>17<\/td>\n<td><a href=\"..\/..\/wp-content\/uploads\/docs\/resolucoes\/2017\/Res201717.pdf\" target=\"_blank\" rel=\"noopener noreferrer\">Balancete do 2\u00b0 Trimestre.<\/a><\/td>\n<\/tr>\n<tr>\n<td>18<\/td>\n<td><a href=\"..\/..\/wp-content\/uploads\/docs\/resolucoes\/2017\/Res201718.pdf\" target=\"_blank\" rel=\"noopener noreferrer\">VII RECRED.<\/a><\/td>\n<\/tr>\n<tr>\n<td>19<\/td>\n<td><a href=\"..\/..\/wp-content\/uploads\/docs\/resolucoes\/2017\/Res201719.pdf\" target=\"_blank\" rel=\"noopener noreferrer\">Cancelamento de registro.<\/a><\/td>\n<\/tr>\n<tr>\n<td>20<\/td>\n<td><a href=\"..\/..\/wp-content\/uploads\/docs\/resolucoes\/2017\/Res201720.pdf\" target=\"_blank\" rel=\"noopener noreferrer\">Proposta or\u00e7ament\u00e1ria de 2018.<\/a><\/td>\n<\/tr>\n<tr>\n<td>21<\/td>\n<td><a href=\"..\/..\/wp-content\/uploads\/docs\/resolucoes\/2017\/Res201721.pdf\" target=\"_blank\" rel=\"noopener noreferrer\">Cancelamento de registro.<\/a><\/td>\n<\/tr>\n<tr>\n<td>22<\/td>\n<td><a href=\"..\/..\/wp-content\/uploads\/docs\/resolucoes\/2017\/Res201722.pdf\" target=\"_blank\" rel=\"noopener noreferrer\">Indeferimento a pedido de cancelamento de registro.<\/a><\/td>\n<\/tr>\n<tr>\n<td>23<\/td>\n<td><a href=\"..\/..\/wp-content\/uploads\/docs\/resolucoes\/2017\/Res201723.pdf\" target=\"_blank\" rel=\"noopener noreferrer\">Dossi\u00ea eleitoral.<\/a><\/td>\n<\/tr>\n<tr>\n<td>24<\/td>\n<td><a href=\"..\/..\/wp-content\/uploads\/docs\/resolucoes\/2017\/Res201724.pdf\" target=\"_blank\" rel=\"noopener noreferrer\">Balancete do 3\u00b0 Trimestre.<\/a><\/td>\n<\/tr>\n<tr>\n<td>25<\/td>\n<td><a href=\"..\/..\/wp-content\/uploads\/docs\/resolucoes\/2017\/Res201725.pdf\" target=\"_blank\" rel=\"noopener noreferrer\">Anuidades de 2018.<\/a><\/td>\n<\/tr>\n<tr>\n<td>26<\/td>\n<td><a href=\"..\/..\/wp-content\/uploads\/docs\/resolucoes\/2017\/Res201726.pdf\" target=\"_blank\" rel=\"noopener noreferrer\">Suspens\u00e3o de registro.<\/a><\/td>\n<\/tr>\n<tr>\n<td>27<\/td>\n<td><a href=\"..\/..\/wp-content\/uploads\/docs\/resolucoes\/2017\/Res201727.pdf\" target=\"_blank\" rel=\"noopener noreferrer\">Cancelamento e suspens\u00e3o de registro.<\/a><\/td>\n<\/tr>\n<\/tbody>\n<\/table>\n<\/td>\n<\/tr>\n<\/tbody>\n<\/table>\n","protected":false},"excerpt":{"rendered":"<p>&nbsp; RESOLU\u00c7\u00d5ES 2017 N\u00b0 Descri\u00e7\u00e3o 1 Cancelamento de registro. 2 Presta\u00e7\u00e3o de Contas 2016. 3 Presta\u00e7\u00e3o de Contas 2015. 4 Cancelamento de registro. 5 Cancelamento de registro. 6 Indeferimento a pedido de Cancelamento de registro. 7 Cancelamento de registro. 8 Balancete do 1\u00b0 Trimestre de 2017. 9 Cancelamento de registro. 10 Indeferimento a pedido de &hellip; <a href=\"https:\/\/corecon-pi.org.br\/transparencia\/atos-normativos\/resolucoes-2017\/\" class=\"more-link\">Continue reading <span class=\"screen-reader-text\">Resolu\u00e7\u00f5es 2017<\/span><\/a><\/p>\n","protected":false},"author":2,"featured_media":0,"parent":47,"menu_order":0,"comment_status":"closed","ping_status":"closed","template":"","meta":{"footnotes":""},"class_list":["post-145","page","type-page","status-publish","hentry"],"_links":{"self":[{"href":"https:\/\/corecon-pi.org.br\/transparencia\/wp-json\/wp\/v2\/pages\/145","targetHints":{"allow":["GET"]}}],"collection":[{"href":"https:\/\/corecon-pi.org.br\/transparencia\/wp-json\/wp\/v2\/pages"}],"about":[{"href":"https:\/\/corecon-pi.org.br\/transparencia\/wp-json\/wp\/v2\/types\/page"}],"author":[{"embeddable":true,"href":"https:\/\/corecon-pi.org.br\/transparencia\/wp-json\/wp\/v2\/users\/2"}],"replies":[{"embeddable":true,"href":"https:\/\/corecon-pi.org.br\/transparencia\/wp-json\/wp\/v2\/comments?post=145"}],"version-history":[{"count":2,"href":"https:\/\/corecon-pi.org.br\/transparencia\/wp-json\/wp\/v2\/pages\/145\/revisions"}],"predecessor-version":[{"id":147,"href":"https:\/\/corecon-pi.org.br\/transparencia\/wp-json\/wp\/v2\/pages\/145\/revisions\/147"}],"up":[{"embeddable":true,"href":"https:\/\/corecon-pi.org.br\/transparencia\/wp-json\/wp\/v2\/pages\/47"}],"wp:attachment":[{"href":"https:\/\/corecon-pi.org.br\/transparencia\/wp-json\/wp\/v2\/media?parent=145"}],"curies":[{"name":"wp","href":"https:\/\/api.w.org\/{rel}","templated":true}]}}