{"id":142,"date":"2020-10-11T21:41:01","date_gmt":"2020-10-12T00:41:01","guid":{"rendered":"https:\/\/corecon-pi.org.br\/transparencia\/?page_id=142"},"modified":"2020-10-11T21:41:21","modified_gmt":"2020-10-12T00:41:21","slug":"resolucoes-2016","status":"publish","type":"page","link":"https:\/\/corecon-pi.org.br\/transparencia\/atos-normativos\/resolucoes-2016\/","title":{"rendered":"Resolu\u00e7\u00f5es 2016"},"content":{"rendered":"<p>&nbsp;<\/p>\n<table style=\"width: 100%;\" border=\"0\" align=\"center\">\n<tbody>\n<tr style=\"height: 70px;\">\n<th style=\"background-color: #333399; color: #ffffff; height: 70px; text-align: center;\">\n<p align=\"center\"><strong>RESOLU\u00c7\u00d5ES<\/strong><\/p>\n<\/th>\n<\/tr>\n<tr style=\"height: 486px;\">\n<td style=\"height: 486px; background-color: #f5f5f5; vertical-align: text-top;\">\n<p align=\"center\"><span style=\"color: #008080;\"><strong>2016<\/strong><\/span><\/p>\n<table> <!-- style=\"height: 626px;\" --> <\/p>\n<tbody>\n<tr>\n<td style=\"width: 70px;\"><strong><span style=\"color: #666699;\">N\u00b0<\/span><\/strong><\/td>\n<td><span style=\"color: #666699;\"><strong>Descri\u00e7\u00e3o<\/strong><\/span><\/td>\n<\/tr>\n<tr>\n<td>1<\/td>\n<td><a href=\"..\/..\/wp-content\/uploads\/docs\/resolucoes\/2016\/Res201601.pdf\" target=\"_blank\" rel=\"noopener noreferrer\">Ren\u00fancia Conselheiro Pedro Andrade.<\/a><\/td>\n<\/tr>\n<tr>\n<td>2<\/td>\n<td><a href=\"..\/..\/wp-content\/uploads\/docs\/resolucoes\/2016\/Res201602.pdf\" target=\"_blank\" rel=\"noopener noreferrer\">Cancelamento registro remido.<\/a><\/td>\n<\/tr>\n<tr>\n<td>3<\/td>\n<td><a href=\"..\/..\/wp-content\/uploads\/docs\/resolucoes\/2016\/Res201603.pdf\" target=\"_blank\" rel=\"noopener noreferrer\">Presta\u00e7\u00e3o de Contas 2015.<\/a><\/td>\n<\/tr>\n<tr>\n<td>4<\/td>\n<td><a href=\"..\/..\/wp-content\/uploads\/docs\/resolucoes\/2016\/Res201604.pdf\" target=\"_blank\" rel=\"noopener noreferrer\">Suspens\u00e3o de registro.<\/a><\/td>\n<\/tr>\n<tr>\n<td>5<\/td>\n<td><a href=\"..\/..\/wp-content\/uploads\/docs\/resolucoes\/2016\/Res201605.pdf\" target=\"_blank\" rel=\"noopener noreferrer\">Cancelamento de registro.<\/a><\/td>\n<\/tr>\n<tr>\n<td>6<\/td>\n<td><a href=\"..\/..\/wp-content\/uploads\/docs\/resolucoes\/2016\/Res201606.pdf\" target=\"_blank\" rel=\"noopener noreferrer\">Registro ativo com desconto.<\/a><\/td>\n<\/tr>\n<tr>\n<td>7<\/td>\n<td><a href=\"..\/..\/wp-content\/uploads\/docs\/resolucoes\/2016\/Res201607.pdf\" target=\"_blank\" rel=\"noopener noreferrer\">Cancelamento de registro.<\/a><\/td>\n<\/tr>\n<tr>\n<td>8<\/td>\n<td><a href=\"..\/..\/wp-content\/uploads\/docs\/resolucoes\/2016\/Res201608.pdf\" target=\"_blank\" rel=\"noopener noreferrer\">Cancelamento de registro.<\/a><\/td>\n<\/tr>\n<tr>\n<td>9<\/td>\n<td><a href=\"..\/..\/wp-content\/uploads\/docs\/resolucoes\/2016\/Res201609.pdf\" target=\"_blank\" rel=\"noopener noreferrer\">Cancelamento de registro.<\/a><\/td>\n<\/tr>\n<tr>\n<td>10<\/td>\n<td><a href=\"..\/..\/wp-content\/uploads\/docs\/resolucoes\/2016\/Res201610.pdf\" target=\"_blank\" rel=\"noopener noreferrer\">Ativo com desconto.<\/a><\/td>\n<\/tr>\n<tr>\n<td>11<\/td>\n<td><a href=\"..\/..\/wp-content\/uploads\/docs\/resolucoes\/2016\/Res201611.pdf\" target=\"_blank\" rel=\"noopener noreferrer\">Indeferimento a pedido de cancelamento de registro.<\/a><\/td>\n<\/tr>\n<tr>\n<td>12<\/td>\n<td><a href=\"..\/..\/wp-content\/uploads\/docs\/resolucoes\/2016\/Res201612.pdf\" target=\"_blank\" rel=\"noopener noreferrer\">Balancete do 1\u00b0 Trimestre.<\/a><\/td>\n<\/tr>\n<tr>\n<td>13<\/td>\n<td><a href=\"..\/..\/wp-content\/uploads\/docs\/resolucoes\/2016\/Res201613.pdf\" target=\"_blank\" rel=\"noopener noreferrer\">Cancelamento de registros.<\/a><\/td>\n<\/tr>\n<tr>\n<td>14<\/td>\n<td><a href=\"..\/..\/wp-content\/uploads\/docs\/resolucoes\/2016\/Res201614.pdf\" target=\"_blank\" rel=\"noopener noreferrer\">Cancelamento de registro.<\/a><\/td>\n<\/tr>\n<tr>\n<td>15<\/td>\n<td><a href=\"..\/..\/wp-content\/uploads\/docs\/resolucoes\/2016\/Res201615.pdf\" target=\"_blank\" rel=\"noopener noreferrer\">Comiss\u00e3o eleitoral.<\/a><\/td>\n<\/tr>\n<tr>\n<td>16<\/td>\n<td><a href=\"..\/..\/wp-content\/uploads\/docs\/resolucoes\/2016\/Res201616.pdf\" target=\"_blank\" rel=\"noopener noreferrer\">Balancete do 2\u00b0 Trimestre.<\/a><\/td>\n<\/tr>\n<tr>\n<td>17<\/td>\n<td><a href=\"..\/..\/wp-content\/uploads\/docs\/resolucoes\/2016\/Res201617.pdf\" target=\"_blank\" rel=\"noopener noreferrer\">Cancelamento de registro.<\/a><\/td>\n<\/tr>\n<tr>\n<td>18<\/td>\n<td><a href=\"..\/..\/wp-content\/uploads\/docs\/resolucoes\/2016\/Res201618.pdf\" target=\"_blank\" rel=\"noopener noreferrer\">Cancelamento de registro.<\/a><\/td>\n<\/tr>\n<tr>\n<td>19<\/td>\n<td><a href=\"..\/..\/wp-content\/uploads\/docs\/resolucoes\/2016\/Res201619.pdf\" target=\"_blank\" rel=\"noopener noreferrer\">Personalidade econ\u00f4mica do ano.<\/a><\/td>\n<\/tr>\n<tr>\n<td>20<\/td>\n<td><a href=\"..\/..\/wp-content\/uploads\/docs\/resolucoes\/2016\/Res201620.pdf\" target=\"_blank\" rel=\"noopener noreferrer\">Dossi\u00ea eleitoral e Balancete do 3\u00b0 Trimestre.<\/a><\/td>\n<\/tr>\n<tr>\n<td>21<\/td>\n<td><a href=\"..\/..\/wp-content\/uploads\/docs\/resolucoes\/2016\/Res201621.pdf\" target=\"_blank\" rel=\"noopener noreferrer\">Anuidade de 2017.<\/a><\/td>\n<\/tr>\n<tr>\n<td>22<\/td>\n<td><a href=\"..\/..\/wp-content\/uploads\/docs\/resolucoes\/2016\/Res201622.pdf\" target=\"_blank\" rel=\"noopener noreferrer\">Cancelamento de registro.<\/a><\/td>\n<\/tr>\n<tr>\n<td>23<\/td>\n<td><a href=\"..\/..\/wp-content\/uploads\/docs\/resolucoes\/2016\/Res201623.pdf\" target=\"_blank\" rel=\"noopener noreferrer\">Disp\u00f5e sobre os crit\u00e9rios para concess\u00e3o do aux\u00edlio educa\u00e7\u00e3o incentivos \u00e0 forma\u00e7\u00e3o acad\u00eamica dos funcion\u00e1rios efetivos do CORECON\/PI.<\/a><\/td>\n<\/tr>\n<tr>\n<td>24<\/td>\n<td><a href=\"..\/..\/wp-content\/uploads\/docs\/resolucoes\/2016\/Res201624.pdf\" target=\"_blank\" rel=\"noopener noreferrer\">Cancelamento de registro.<\/a><\/td>\n<\/tr>\n<tr>\n<td>25<\/td>\n<td><a href=\"..\/..\/wp-content\/uploads\/docs\/resolucoes\/2016\/Res201625.pdf\" target=\"_blank\" rel=\"noopener noreferrer\">Proposta Or\u00e7ament\u00e1ria do Exerc\u00edcio de 2017.<\/a><\/td>\n<\/tr>\n<\/tbody>\n<\/table>\n<\/td>\n<\/tr>\n<\/tbody>\n<\/table>\n","protected":false},"excerpt":{"rendered":"<p>&nbsp; RESOLU\u00c7\u00d5ES 2016 N\u00b0 Descri\u00e7\u00e3o 1 Ren\u00fancia Conselheiro Pedro Andrade. 2 Cancelamento registro remido. 3 Presta\u00e7\u00e3o de Contas 2015. 4 Suspens\u00e3o de registro. 5 Cancelamento de registro. 6 Registro ativo com desconto. 7 Cancelamento de registro. 8 Cancelamento de registro. 9 Cancelamento de registro. 10 Ativo com desconto. 11 Indeferimento a pedido de cancelamento de &hellip; <a href=\"https:\/\/corecon-pi.org.br\/transparencia\/atos-normativos\/resolucoes-2016\/\" class=\"more-link\">Continue reading <span class=\"screen-reader-text\">Resolu\u00e7\u00f5es 2016<\/span><\/a><\/p>\n","protected":false},"author":2,"featured_media":0,"parent":47,"menu_order":0,"comment_status":"closed","ping_status":"closed","template":"","meta":{"footnotes":""},"class_list":["post-142","page","type-page","status-publish","hentry"],"_links":{"self":[{"href":"https:\/\/corecon-pi.org.br\/transparencia\/wp-json\/wp\/v2\/pages\/142","targetHints":{"allow":["GET"]}}],"collection":[{"href":"https:\/\/corecon-pi.org.br\/transparencia\/wp-json\/wp\/v2\/pages"}],"about":[{"href":"https:\/\/corecon-pi.org.br\/transparencia\/wp-json\/wp\/v2\/types\/page"}],"author":[{"embeddable":true,"href":"https:\/\/corecon-pi.org.br\/transparencia\/wp-json\/wp\/v2\/users\/2"}],"replies":[{"embeddable":true,"href":"https:\/\/corecon-pi.org.br\/transparencia\/wp-json\/wp\/v2\/comments?post=142"}],"version-history":[{"count":2,"href":"https:\/\/corecon-pi.org.br\/transparencia\/wp-json\/wp\/v2\/pages\/142\/revisions"}],"predecessor-version":[{"id":144,"href":"https:\/\/corecon-pi.org.br\/transparencia\/wp-json\/wp\/v2\/pages\/142\/revisions\/144"}],"up":[{"embeddable":true,"href":"https:\/\/corecon-pi.org.br\/transparencia\/wp-json\/wp\/v2\/pages\/47"}],"wp:attachment":[{"href":"https:\/\/corecon-pi.org.br\/transparencia\/wp-json\/wp\/v2\/media?parent=142"}],"curies":[{"name":"wp","href":"https:\/\/api.w.org\/{rel}","templated":true}]}}