{"id":137,"date":"2020-10-11T21:18:33","date_gmt":"2020-10-12T00:18:33","guid":{"rendered":"https:\/\/corecon-pi.org.br\/transparencia\/?page_id=137"},"modified":"2020-10-11T21:18:33","modified_gmt":"2020-10-12T00:18:33","slug":"portarias-2019","status":"publish","type":"page","link":"https:\/\/corecon-pi.org.br\/transparencia\/atos-normativos\/portarias-2019\/","title":{"rendered":"Portarias 2019"},"content":{"rendered":"<table style=\"width: 100%;\" border=\"0\" align=\"center\">\n<tbody>\n<tr style=\"height: 70px;\">\n<th style=\"background-color: #333399; color: #ffffff; height: 70px; text-align: center;\">\n<p align=\"center\"><strong>PORTARIAS<\/strong><\/p>\n<\/th>\n<\/tr>\n<tr style=\"height: 486px;\">\n<td style=\"height: 486px; background-color: #f5f5f5; vertical-align: text-top;\">\n<p align=\"center\"><span style=\"color: #008080;\"><strong>2019<\/strong><\/span><\/p>\n<table style=\"height: 626px;\">\n<tbody>\n<tr>\n<td style=\"width: 70px;\"><strong><span style=\"color: #666699;\">N\u00b0<\/span><\/strong><\/td>\n<td><span style=\"color: #666699;\"><strong>Descri\u00e7\u00e3o<\/strong><\/span><\/td>\n<\/tr>\n<tr>\n<td>001<\/td>\n<td><a href=\"..\/..\/wp-content\/uploads\/docs\/portarias\/2019\/Port2019001.pdf\" target=\"_blank\" rel=\"noopener noreferrer\">Tesoureira.<\/a><\/td>\n<\/tr>\n<tr>\n<td>002<\/td>\n<td><a href=\"..\/..\/wp-content\/uploads\/docs\/portarias\/2019\/Port2019002.pdf\" target=\"_blank\" rel=\"noopener noreferrer\">Comiss\u00e3o CTC.<\/a><\/td>\n<\/tr>\n<tr>\n<td>003<\/td>\n<td><a href=\"..\/..\/wp-content\/uploads\/docs\/portarias\/2019\/Port2019003.pdf\" target=\"_blank\" rel=\"noopener noreferrer\">Comiss\u00e3o licita\u00e7\u00e3o.<\/a><\/td>\n<\/tr>\n<tr>\n<td>004<\/td>\n<td><a href=\"..\/..\/wp-content\/uploads\/docs\/portarias\/2019\/Port2019004.pdf\" target=\"_blank\" rel=\"noopener noreferrer\">Comiss\u00e3o Fiscaliza\u00e7\u00e3o.<\/a><\/td>\n<\/tr>\n<tr>\n<td>005<\/td>\n<td><a href=\"..\/..\/wp-content\/uploads\/docs\/portarias\/2019\/Port2019005.pdf\" target=\"_blank\" rel=\"noopener noreferrer\">Expediente Corecon.<\/a><\/td>\n<\/tr>\n<tr>\n<td>006<\/td>\n<td><a href=\"..\/..\/wp-content\/uploads\/docs\/portarias\/2019\/Port2019006.pdf\" target=\"_blank\" rel=\"noopener noreferrer\">CONTEDE.<\/a><\/td>\n<\/tr>\n<tr>\n<td>007<\/td>\n<td><a href=\"..\/..\/wp-content\/uploads\/docs\/portarias\/2019\/Port2019007.pdf\" target=\"_blank\" rel=\"noopener noreferrer\">Ponto facultativo.<\/a><\/td>\n<\/tr>\n<\/tbody>\n<\/table>\n","protected":false},"excerpt":{"rendered":"<p>PORTARIAS 2019 N\u00b0 Descri\u00e7\u00e3o 001 Tesoureira. 002 Comiss\u00e3o CTC. 003 Comiss\u00e3o licita\u00e7\u00e3o. 004 Comiss\u00e3o Fiscaliza\u00e7\u00e3o. 005 Expediente Corecon. 006 CONTEDE. 007 Ponto facultativo.<\/p>\n","protected":false},"author":2,"featured_media":0,"parent":47,"menu_order":0,"comment_status":"closed","ping_status":"closed","template":"","meta":{"footnotes":""},"class_list":["post-137","page","type-page","status-publish","hentry"],"_links":{"self":[{"href":"https:\/\/corecon-pi.org.br\/transparencia\/wp-json\/wp\/v2\/pages\/137","targetHints":{"allow":["GET"]}}],"collection":[{"href":"https:\/\/corecon-pi.org.br\/transparencia\/wp-json\/wp\/v2\/pages"}],"about":[{"href":"https:\/\/corecon-pi.org.br\/transparencia\/wp-json\/wp\/v2\/types\/page"}],"author":[{"embeddable":true,"href":"https:\/\/corecon-pi.org.br\/transparencia\/wp-json\/wp\/v2\/users\/2"}],"replies":[{"embeddable":true,"href":"https:\/\/corecon-pi.org.br\/transparencia\/wp-json\/wp\/v2\/comments?post=137"}],"version-history":[{"count":1,"href":"https:\/\/corecon-pi.org.br\/transparencia\/wp-json\/wp\/v2\/pages\/137\/revisions"}],"predecessor-version":[{"id":139,"href":"https:\/\/corecon-pi.org.br\/transparencia\/wp-json\/wp\/v2\/pages\/137\/revisions\/139"}],"up":[{"embeddable":true,"href":"https:\/\/corecon-pi.org.br\/transparencia\/wp-json\/wp\/v2\/pages\/47"}],"wp:attachment":[{"href":"https:\/\/corecon-pi.org.br\/transparencia\/wp-json\/wp\/v2\/media?parent=137"}],"curies":[{"name":"wp","href":"https:\/\/api.w.org\/{rel}","templated":true}]}}