{"id":131,"date":"2020-10-05T22:57:50","date_gmt":"2020-10-06T01:57:50","guid":{"rendered":"https:\/\/corecon-pi.org.br\/transparencia\/?page_id=131"},"modified":"2020-10-05T23:03:21","modified_gmt":"2020-10-06T02:03:21","slug":"portarias-2018","status":"publish","type":"page","link":"https:\/\/corecon-pi.org.br\/transparencia\/atos-normativos\/portarias-2018\/","title":{"rendered":"Portarias 2018"},"content":{"rendered":"<table style=\"width: 100%;\" border=\"0\" align=\"center\">\n<tbody>\n<tr style=\"height: 70px;\">\n<th style=\"background-color: #333399; color: #ffffff; height: 70px; text-align: center;\">\n<p align=\"center\"><strong>PORTARIAS<\/strong><\/p>\n<\/th>\n<\/tr>\n<tr style=\"height: 486px;\">\n<td style=\"height: 486px; background-color: #f5f5f5; vertical-align: text-top;\">\n<p align=\"center\"><span style=\"color: #008080;\"><strong>2018<\/strong><\/span><\/p>\n<table style=\"height: 626px;\">\n<tbody>\n<tr>\n<td style=\"width: 70px;\"><strong><span style=\"color: #666699;\">N\u00b0<\/span><\/strong><\/td>\n<td><span style=\"color: #666699;\"><strong>Descri\u00e7\u00e3o<\/strong><\/span><\/td>\n<\/tr>\n<tr>\n<td>001<\/td>\n<td><a href=\"..\/..\/wp-content\/uploads\/docs\/portarias\/2018\/Port2018001.pdf\" target=\"_blank\" rel=\"noopener noreferrer\">Tesoureira.<\/a><\/td>\n<\/tr>\n<tr>\n<td>002<\/td>\n<td><a href=\"..\/..\/wp-content\/uploads\/docs\/portarias\/2018\/Port2018002.pdf\" target=\"_blank\" rel=\"noopener noreferrer\">Comiss\u00e3o CTC.<\/a><\/td>\n<\/tr>\n<tr>\n<td>003<\/td>\n<td><a href=\"..\/..\/wp-content\/uploads\/docs\/portarias\/2018\/Port2018003.pdf\" target=\"_blank\" rel=\"noopener noreferrer\">Comiss\u00e3o licita\u00e7\u00e3o.<\/a><\/td>\n<\/tr>\n<tr>\n<td>004<\/td>\n<td><a href=\"..\/..\/wp-content\/uploads\/docs\/portarias\/2018\/Port2018004.pdf\" target=\"_blank\" rel=\"noopener noreferrer\">Comiss\u00e3o Fiscaliza\u00e7\u00e3o.<\/a><\/td>\n<\/tr>\n<tr>\n<td>005<\/td>\n<td><a href=\"..\/..\/wp-content\/uploads\/docs\/portarias\/2018\/Port2018005.pdf\" target=\"_blank\" rel=\"noopener noreferrer\">Aux\u00edlio educa\u00e7\u00e3o &#8211; reajuste.<\/a><\/td>\n<\/tr>\n<tr>\n<td>006<\/td>\n<td><a href=\"..\/..\/wp-content\/uploads\/docs\/portarias\/2018\/Port2018006.pdf\" target=\"_blank\" rel=\"noopener noreferrer\">Reajusta valor de gratifica\u00e7\u00e3o de fun\u00e7\u00e3o.<\/a><\/td>\n<\/tr>\n<tr>\n<td>007<\/td>\n<td><a href=\"..\/..\/wp-content\/uploads\/docs\/portarias\/2018\/Port2018007.pdf\" target=\"_blank\" rel=\"noopener noreferrer\">Ponto facultativo.<\/a><\/td>\n<\/tr>\n<tr>\n<td>008<\/td>\n<td><a href=\"..\/..\/wp-content\/uploads\/docs\/portarias\/2018\/Port2018008.pdf\" target=\"_blank\" rel=\"noopener noreferrer\">Ponto facultativo.<\/a><\/td>\n<\/tr>\n<tr>\n<td>009<\/td>\n<td><a href=\"..\/..\/wp-content\/uploads\/docs\/portarias\/2018\/Port2018009.pdf\" target=\"_blank\" rel=\"noopener noreferrer\">Substitui\u00e7\u00e3o ger\u00eancia.<\/a><\/td>\n<\/tr>\n<tr>\n<td>010<\/td>\n<td><a href=\"..\/..\/wp-content\/uploads\/docs\/portarias\/2018\/Port2018010.pdf\" target=\"_blank\" rel=\"noopener noreferrer\">Desfazimento de bens.<\/a><\/td>\n<\/tr>\n<tr>\n<td>011<\/td>\n<td><a href=\"..\/..\/wp-content\/uploads\/docs\/portarias\/2018\/Port2018011.pdf\" target=\"_blank\" rel=\"noopener noreferrer\">Ponto facultativo.<\/a><\/td>\n<\/tr>\n<tr>\n<td>012<\/td>\n<td><a href=\"..\/..\/wp-content\/uploads\/docs\/portarias\/2018\/Port2018012.pdf\" target=\"_blank\" rel=\"noopener noreferrer\">Ponto facultativo.<\/a><\/td>\n<\/tr>\n<tr>\n<td>013<\/td>\n<td><a href=\"..\/..\/wp-content\/uploads\/docs\/portarias\/2018\/Port2018013.pdf\" target=\"_blank\" rel=\"noopener noreferrer\">Recesso final de ano.<\/a><\/td>\n<\/tr>\n<\/tbody>\n<\/table>\n","protected":false},"excerpt":{"rendered":"<p>PORTARIAS 2018 N\u00b0 Descri\u00e7\u00e3o 001 Tesoureira. 002 Comiss\u00e3o CTC. 003 Comiss\u00e3o licita\u00e7\u00e3o. 004 Comiss\u00e3o Fiscaliza\u00e7\u00e3o. 005 Aux\u00edlio educa\u00e7\u00e3o &#8211; reajuste. 006 Reajusta valor de gratifica\u00e7\u00e3o de fun\u00e7\u00e3o. 007 Ponto facultativo. 008 Ponto facultativo. 009 Substitui\u00e7\u00e3o ger\u00eancia. 010 Desfazimento de bens. 011 Ponto facultativo. 012 Ponto facultativo. 013 Recesso final de ano.<\/p>\n","protected":false},"author":2,"featured_media":0,"parent":47,"menu_order":0,"comment_status":"closed","ping_status":"closed","template":"","meta":{"footnotes":""},"class_list":["post-131","page","type-page","status-publish","hentry"],"_links":{"self":[{"href":"https:\/\/corecon-pi.org.br\/transparencia\/wp-json\/wp\/v2\/pages\/131","targetHints":{"allow":["GET"]}}],"collection":[{"href":"https:\/\/corecon-pi.org.br\/transparencia\/wp-json\/wp\/v2\/pages"}],"about":[{"href":"https:\/\/corecon-pi.org.br\/transparencia\/wp-json\/wp\/v2\/types\/page"}],"author":[{"embeddable":true,"href":"https:\/\/corecon-pi.org.br\/transparencia\/wp-json\/wp\/v2\/users\/2"}],"replies":[{"embeddable":true,"href":"https:\/\/corecon-pi.org.br\/transparencia\/wp-json\/wp\/v2\/comments?post=131"}],"version-history":[{"count":3,"href":"https:\/\/corecon-pi.org.br\/transparencia\/wp-json\/wp\/v2\/pages\/131\/revisions"}],"predecessor-version":[{"id":135,"href":"https:\/\/corecon-pi.org.br\/transparencia\/wp-json\/wp\/v2\/pages\/131\/revisions\/135"}],"up":[{"embeddable":true,"href":"https:\/\/corecon-pi.org.br\/transparencia\/wp-json\/wp\/v2\/pages\/47"}],"wp:attachment":[{"href":"https:\/\/corecon-pi.org.br\/transparencia\/wp-json\/wp\/v2\/media?parent=131"}],"curies":[{"name":"wp","href":"https:\/\/api.w.org\/{rel}","templated":true}]}}