{"id":129,"date":"2020-10-05T22:49:24","date_gmt":"2020-10-06T01:49:24","guid":{"rendered":"https:\/\/corecon-pi.org.br\/transparencia\/?page_id=129"},"modified":"2020-10-05T22:49:24","modified_gmt":"2020-10-06T01:49:24","slug":"portarias-2017","status":"publish","type":"page","link":"https:\/\/corecon-pi.org.br\/transparencia\/atos-normativos\/portarias-2017\/","title":{"rendered":"Portarias 2017"},"content":{"rendered":"<table style=\"width: 100%;\" border=\"0\" align=\"center\">\n<tbody>\n<tr style=\"height: 70px;\">\n<th style=\"background-color: #333399; color: #ffffff; height: 70px; text-align: center;\">\n<p align=\"center\"><strong>PORTARIAS<\/strong><\/p>\n<\/th>\n<\/tr>\n<tr style=\"height: 486px;\">\n<td style=\"height: 486px; background-color: #f5f5f5; vertical-align: text-top;\">\n<p align=\"center\"><span style=\"color: #008080;\"><strong>2017<\/strong><\/span><\/p>\n<table style=\"height: 626px;\">\n<tbody>\n<tr>\n<td style=\"width: 70px;\"><strong><span style=\"color: #666699;\">N\u00b0<\/span><\/strong><\/td>\n<td><span style=\"color: #666699;\"><strong>Descri\u00e7\u00e3o<\/strong><\/span><\/td>\n<\/tr>\n<tr>\n<td>001<\/td>\n<td><a href=\"..\/..\/wp-content\/uploads\/docs\/portarias\/2017\/Port2017001.pdf\" target=\"_blank\" rel=\"noopener noreferrer\">Designa tesoureira.<\/a><\/td>\n<\/tr>\n<tr>\n<td>002<\/td>\n<td><a href=\"..\/..\/wp-content\/uploads\/docs\/portarias\/2017\/Port2017002.pdf\" target=\"_blank\" rel=\"noopener noreferrer\">Comiss\u00e3o CTC.<\/a><\/td>\n<\/tr>\n<tr>\n<td>003<\/td>\n<td><a href=\"..\/..\/wp-content\/uploads\/docs\/portarias\/2017\/Port2017003.pdf\" target=\"_blank\" rel=\"noopener noreferrer\">Comiss\u00e3o Licita\u00e7\u00e3o.<\/a><\/td>\n<\/tr>\n<tr>\n<td>004<\/td>\n<td><a href=\"..\/..\/wp-content\/uploads\/docs\/portarias\/2017\/Port2017004.pdf\" target=\"_blank\" rel=\"noopener noreferrer\">Comiss\u00e3o Fiscaliza\u00e7\u00e3o.<\/a><\/td>\n<\/tr>\n<tr>\n<td>005<\/td>\n<td><a href=\"..\/..\/wp-content\/uploads\/docs\/portarias\/2017\/Port2017005.pdf\" target=\"_blank\" rel=\"noopener noreferrer\">Comiss\u00e3o de Corecon Acad\u00eamico.<\/a><\/td>\n<\/tr>\n<tr>\n<td>006<\/td>\n<td><a href=\"..\/..\/wp-content\/uploads\/docs\/portarias\/2017\/Port2017006.pdf\" target=\"_blank\" rel=\"noopener noreferrer\">Delegacia em Parna\u00edba.<\/a><\/td>\n<\/tr>\n<\/tbody>\n<\/table>\n<\/td>\n<\/tr>\n<\/tbody>\n<\/table>\n","protected":false},"excerpt":{"rendered":"<p>PORTARIAS 2017 N\u00b0 Descri\u00e7\u00e3o 001 Designa tesoureira. 002 Comiss\u00e3o CTC. 003 Comiss\u00e3o Licita\u00e7\u00e3o. 004 Comiss\u00e3o Fiscaliza\u00e7\u00e3o. 005 Comiss\u00e3o de Corecon Acad\u00eamico. 006 Delegacia em Parna\u00edba.<\/p>\n","protected":false},"author":2,"featured_media":0,"parent":47,"menu_order":0,"comment_status":"closed","ping_status":"closed","template":"","meta":{"footnotes":""},"class_list":["post-129","page","type-page","status-publish","hentry"],"_links":{"self":[{"href":"https:\/\/corecon-pi.org.br\/transparencia\/wp-json\/wp\/v2\/pages\/129","targetHints":{"allow":["GET"]}}],"collection":[{"href":"https:\/\/corecon-pi.org.br\/transparencia\/wp-json\/wp\/v2\/pages"}],"about":[{"href":"https:\/\/corecon-pi.org.br\/transparencia\/wp-json\/wp\/v2\/types\/page"}],"author":[{"embeddable":true,"href":"https:\/\/corecon-pi.org.br\/transparencia\/wp-json\/wp\/v2\/users\/2"}],"replies":[{"embeddable":true,"href":"https:\/\/corecon-pi.org.br\/transparencia\/wp-json\/wp\/v2\/comments?post=129"}],"version-history":[{"count":1,"href":"https:\/\/corecon-pi.org.br\/transparencia\/wp-json\/wp\/v2\/pages\/129\/revisions"}],"predecessor-version":[{"id":130,"href":"https:\/\/corecon-pi.org.br\/transparencia\/wp-json\/wp\/v2\/pages\/129\/revisions\/130"}],"up":[{"embeddable":true,"href":"https:\/\/corecon-pi.org.br\/transparencia\/wp-json\/wp\/v2\/pages\/47"}],"wp:attachment":[{"href":"https:\/\/corecon-pi.org.br\/transparencia\/wp-json\/wp\/v2\/media?parent=129"}],"curies":[{"name":"wp","href":"https:\/\/api.w.org\/{rel}","templated":true}]}}