{"id":126,"date":"2020-10-05T22:41:35","date_gmt":"2020-10-06T01:41:35","guid":{"rendered":"https:\/\/corecon-pi.org.br\/transparencia\/?page_id=126"},"modified":"2020-10-05T22:41:35","modified_gmt":"2020-10-06T01:41:35","slug":"portarias-2016","status":"publish","type":"page","link":"https:\/\/corecon-pi.org.br\/transparencia\/atos-normativos\/portarias-2016\/","title":{"rendered":"Portarias 2016"},"content":{"rendered":"<table style=\"width: 100%;\" border=\"0\" align=\"center\">\n<tbody>\n<tr style=\"height: 70px;\">\n<th style=\"background-color: #333399; color: #ffffff; height: 70px; text-align: center;\">\n<p align=\"center\"><strong>PORTARIAS<\/strong><\/p>\n<\/th>\n<\/tr>\n<tr style=\"height: 486px;\">\n<td style=\"height: 486px; background-color: #f5f5f5; vertical-align: text-top;\">\n<p align=\"center\"><span style=\"color: #008080;\"><strong>2016<\/strong><\/span><\/p>\n<table style=\"height: 626px;\">\n<tbody>\n<tr>\n<td style=\"width: 70px;\"><strong><span style=\"color: #666699;\">N\u00b0<\/span><\/strong><\/td>\n<td><span style=\"color: #666699;\"><strong>Descri\u00e7\u00e3o<\/strong><\/span><\/td>\n<\/tr>\n<tr>\n<td>001<\/td>\n<td><a href=\"..\/..\/wp-content\/uploads\/docs\/portarias\/2016\/Port2016001.pdf\" target=\"_blank\" rel=\"noopener noreferrer\">Comiss\u00e3o CTC.<\/a><\/td>\n<\/tr>\n<tr>\n<td>002<\/td>\n<td><a href=\"..\/..\/wp-content\/uploads\/docs\/portarias\/2016\/Port2016002.pdf\" target=\"_blank\" rel=\"noopener noreferrer\">Comiss\u00e3o Licita\u00e7\u00e3o.<\/a><\/td>\n<\/tr>\n<tr>\n<td>003<\/td>\n<td><a href=\"..\/..\/wp-content\/uploads\/docs\/portarias\/2016\/Port2016003.pdf\" target=\"_blank\" rel=\"noopener noreferrer\">Tesoureira.<\/a><\/td>\n<\/tr>\n<tr>\n<td>004<\/td>\n<td><a href=\"..\/..\/wp-content\/uploads\/docs\/portarias\/2016\/Port2016004.pdf\" target=\"_blank\" rel=\"noopener noreferrer\">Comiss\u00e3o Fiscaliza\u00e7\u00e3o.<\/a><\/td>\n<\/tr>\n<tr>\n<td>005<\/td>\n<td><a href=\"..\/..\/wp-content\/uploads\/docs\/portarias\/2016\/Port2016005.pdf\" target=\"_blank\" rel=\"noopener noreferrer\">Encerramento de atividades da Comiss\u00e3o Processante 2015.<\/a><\/td>\n<\/tr>\n<tr>\n<td>006<\/td>\n<td><a href=\"..\/..\/wp-content\/uploads\/docs\/portarias\/2016\/Port2016006.pdf\" target=\"_blank\" rel=\"noopener noreferrer\">Delegacia em Parna\u00edba.<\/a><\/td>\n<\/tr>\n<tr>\n<td>007<\/td>\n<td><a href=\"..\/..\/wp-content\/uploads\/docs\/portarias\/2016\/Port2016007.pdf\" target=\"_blank\" rel=\"noopener noreferrer\">Comiss\u00e3o XXVIII ENE.<\/a><\/td>\n<\/tr>\n<tr>\n<td>008<\/td>\n<td><a href=\"..\/..\/wp-content\/uploads\/docs\/portarias\/2016\/Port2016008.pdf\" target=\"_blank\" rel=\"noopener noreferrer\">Aux\u00edlio Educa\u00e7\u00e3o.<\/a><\/td>\n<\/tr>\n<tr>\n<td>009<\/td>\n<td><a href=\"..\/..\/wp-content\/uploads\/docs\/portarias\/2016\/Port2016009.pdf\" target=\"_blank\" rel=\"noopener noreferrer\">Ponto facultativo.<\/a><\/td>\n<\/tr>\n<tr>\n<td>010<\/td>\n<td><a href=\"..\/..\/wp-content\/uploads\/docs\/portarias\/2016\/Port2016010.pdf\" target=\"_blank\" rel=\"noopener noreferrer\">Comiss\u00e3o julgadora Pr\u00eamio 2016.<\/a><\/td>\n<\/tr>\n<tr>\n<td>011<\/td>\n<td><a href=\"..\/..\/wp-content\/uploads\/docs\/portarias\/2016\/Port2016011.pdf\" target=\"_blank\" rel=\"noopener noreferrer\">Ponto facultativo.<\/a><\/td>\n<\/tr>\n<tr>\n<td>012<\/td>\n<td><a href=\"..\/..\/wp-content\/uploads\/docs\/portarias\/2016\/Port2016012.pdf\" target=\"_blank\" rel=\"noopener noreferrer\">Personalidade econ\u00f4mica.<\/a><\/td>\n<\/tr>\n<tr>\n<td>013<\/td>\n<td><a href=\"..\/..\/wp-content\/uploads\/docs\/portarias\/2016\/Port2016013.pdf\" target=\"_blank\" rel=\"noopener noreferrer\">Servidor p\u00fablico.<\/a><\/td>\n<\/tr>\n<tr>\n<td>014<\/td>\n<td><a href=\"..\/..\/wp-content\/uploads\/docs\/portarias\/2016\/Port2016014.pdf\" target=\"_blank\" rel=\"noopener noreferrer\">Ponto facultativo.<\/a><\/td>\n<\/tr>\n<tr>\n<td>015<\/td>\n<td><a href=\"..\/..\/wp-content\/uploads\/docs\/portarias\/2016\/Port2016015.pdf\" target=\"_blank\" rel=\"noopener noreferrer\">Substitui\u00e7\u00e3o tesoureira.<\/a><\/td>\n<\/tr>\n<\/tbody>\n<\/table>\n","protected":false},"excerpt":{"rendered":"<p>PORTARIAS 2016 N\u00b0 Descri\u00e7\u00e3o 001 Comiss\u00e3o CTC. 002 Comiss\u00e3o Licita\u00e7\u00e3o. 003 Tesoureira. 004 Comiss\u00e3o Fiscaliza\u00e7\u00e3o. 005 Encerramento de atividades da Comiss\u00e3o Processante 2015. 006 Delegacia em Parna\u00edba. 007 Comiss\u00e3o XXVIII ENE. 008 Aux\u00edlio Educa\u00e7\u00e3o. 009 Ponto facultativo. 010 Comiss\u00e3o julgadora Pr\u00eamio 2016. 011 Ponto facultativo. 012 Personalidade econ\u00f4mica. 013 Servidor p\u00fablico. 014 Ponto facultativo. 015 &hellip; <a href=\"https:\/\/corecon-pi.org.br\/transparencia\/atos-normativos\/portarias-2016\/\" class=\"more-link\">Continue reading <span class=\"screen-reader-text\">Portarias 2016<\/span><\/a><\/p>\n","protected":false},"author":2,"featured_media":0,"parent":47,"menu_order":0,"comment_status":"closed","ping_status":"closed","template":"","meta":{"footnotes":""},"class_list":["post-126","page","type-page","status-publish","hentry"],"_links":{"self":[{"href":"https:\/\/corecon-pi.org.br\/transparencia\/wp-json\/wp\/v2\/pages\/126","targetHints":{"allow":["GET"]}}],"collection":[{"href":"https:\/\/corecon-pi.org.br\/transparencia\/wp-json\/wp\/v2\/pages"}],"about":[{"href":"https:\/\/corecon-pi.org.br\/transparencia\/wp-json\/wp\/v2\/types\/page"}],"author":[{"embeddable":true,"href":"https:\/\/corecon-pi.org.br\/transparencia\/wp-json\/wp\/v2\/users\/2"}],"replies":[{"embeddable":true,"href":"https:\/\/corecon-pi.org.br\/transparencia\/wp-json\/wp\/v2\/comments?post=126"}],"version-history":[{"count":1,"href":"https:\/\/corecon-pi.org.br\/transparencia\/wp-json\/wp\/v2\/pages\/126\/revisions"}],"predecessor-version":[{"id":127,"href":"https:\/\/corecon-pi.org.br\/transparencia\/wp-json\/wp\/v2\/pages\/126\/revisions\/127"}],"up":[{"embeddable":true,"href":"https:\/\/corecon-pi.org.br\/transparencia\/wp-json\/wp\/v2\/pages\/47"}],"wp:attachment":[{"href":"https:\/\/corecon-pi.org.br\/transparencia\/wp-json\/wp\/v2\/media?parent=126"}],"curies":[{"name":"wp","href":"https:\/\/api.w.org\/{rel}","templated":true}]}}