{"id":106,"date":"2020-09-30T22:05:00","date_gmt":"2020-10-01T01:05:00","guid":{"rendered":"https:\/\/corecon-pi.org.br\/transparencia\/?page_id=106"},"modified":"2020-09-30T22:08:52","modified_gmt":"2020-10-01T01:08:52","slug":"resolucoes-2015","status":"publish","type":"page","link":"https:\/\/corecon-pi.org.br\/transparencia\/atos-normativos\/resolucoes-2015\/","title":{"rendered":"Resolu\u00e7\u00f5es 2015"},"content":{"rendered":"<p>&nbsp;<\/p>\n<table style=\"width: 100%;\" border=\"0\" align=\"center\">\n<tbody>\n<tr style=\"height: 70px;\">\n<th style=\"background-color: #333399; color: #ffffff; height: 70px; text-align: center;\">\n<p align=\"center\"><strong>RESOLU\u00c7\u00d5ES<\/strong><\/p>\n<\/th>\n<\/tr>\n<tr style=\"height: 486px;\">\n<td style=\"height: 486px; background-color: #f5f5f5; vertical-align: text-top;\">\n<p align=\"center\"><span style=\"color: #008080;\"><strong>2015<\/strong><\/span><\/p>\n<table> <!-- style=\"height: 626px;\" --> <\/p>\n<tbody>\n<tr>\n<td style=\"width: 70px;\"><strong><span style=\"color: #666699;\">N\u00b0<\/span><\/strong><\/td>\n<td><span style=\"color: #666699;\"><strong>Descri\u00e7\u00e3o<\/strong><\/span><\/td>\n<\/tr>\n<tr>\n<td>1<\/td>\n<td><a href=\"..\/..\/wp-content\/uploads\/docs\/resolucoes\/2015\/01.pdf\" target=\"_blank\" rel=\"noopener noreferrer\">Estabelece as condi\u00e7\u00f5es do III Programa de Recupera\u00e7\u00e3o de Cr\u00e9dito.<\/a><\/td>\n<\/tr>\n<tr>\n<td>2<\/td>\n<td><a href=\"..\/..\/wp-content\/uploads\/docs\/resolucoes\/2015\/02.pdf\" target=\"_blank\" rel=\"noopener noreferrer\">Aprova a Presta\u00e7\u00e3o de Contas, referente ao exerc\u00edcio de 2014.<\/a><\/td>\n<\/tr>\n<tr>\n<td>3<\/td>\n<td><a href=\"..\/..\/wp-content\/uploads\/docs\/resolucoes\/2015\/03.pdf\" target=\"_blank\" rel=\"noopener noreferrer\">Aprova Cancelamento de Registro por falecimento.<\/a><\/td>\n<\/tr>\n<tr>\n<td>4<\/td>\n<td><a href=\"..\/..\/wp-content\/uploads\/docs\/resolucoes\/2015\/04.pdf\" target=\"_blank\" rel=\"noopener noreferrer\">Aprova o Balancete do Primeiro Trimestre do exerc\u00edcio de 2015.<\/a><\/td>\n<\/tr>\n<tr>\n<td>5<\/td>\n<td><a href=\"..\/..\/wp-content\/uploads\/docs\/resolucoes\/2015\/05.pdf\" target=\"_blank\" rel=\"noopener noreferrer\">Aprova o Cancelamento de Registro por falecimento.<\/a><\/td>\n<\/tr>\n<tr>\n<td>6<\/td>\n<td><a href=\"..\/..\/wp-content\/uploads\/docs\/resolucoes\/2015\/06.pdf\" target=\"_blank\" rel=\"noopener noreferrer\">Designa\u00e7\u00e3o da Comiss\u00e3o Eleitoral de 2015.<\/a><\/td>\n<\/tr>\n<tr>\n<td>7<\/td>\n<td><a href=\"..\/..\/wp-content\/uploads\/docs\/resolucoes\/2015\/07.pdf\" target=\"_blank\" rel=\"noopener noreferrer\">Aprova Balancete do 2\u00b0 Trimestre do Exerc\u00edcio de 2015.<\/a><\/td>\n<\/tr>\n<tr>\n<td>8<\/td>\n<td><a href=\"..\/..\/wp-content\/uploads\/docs\/resolucoes\/2015\/08.pdf\" target=\"_blank\" rel=\"noopener noreferrer\">Aprova Cancelamento de Registro por falecimento.<\/a><\/td>\n<\/tr>\n<tr>\n<td>9<\/td>\n<td><a href=\"..\/..\/wp-content\/uploads\/docs\/resolucoes\/2015\/09.pdf\" target=\"_blank\" rel=\"noopener noreferrer\">Aprova Cancelamento de Registro por falecimento.<\/a><\/td>\n<\/tr>\n<tr>\n<td>10<\/td>\n<td><a href=\"..\/..\/wp-content\/uploads\/docs\/resolucoes\/2015\/10.pdf\" target=\"_blank\" rel=\"noopener noreferrer\">Anuidades e Emolumentos para 2016.<\/a><\/td>\n<\/tr>\n<tr>\n<td>11<\/td>\n<td><a href=\"..\/..\/wp-content\/uploads\/docs\/resolucoes\/2015\/11.pdf\" target=\"_blank\" rel=\"noopener noreferrer\">Aprova Balancete do 3\u00b0 Trimestre do Exerc\u00edcio de 2015.<\/a><\/td>\n<\/tr>\n<tr>\n<td>12<\/td>\n<td><a href=\"..\/..\/wp-content\/uploads\/docs\/resolucoes\/2015\/12.pdf\" target=\"_blank\" rel=\"noopener noreferrer\">Aprova Proposta Or\u00e7ament\u00e1ria do Exerc\u00edcio de 2016.<\/a><\/td>\n<\/tr>\n<\/tbody>\n<\/table>\n<\/td>\n<\/tr>\n<\/tbody>\n<\/table>\n","protected":false},"excerpt":{"rendered":"<p>&nbsp; RESOLU\u00c7\u00d5ES 2015 N\u00b0 Descri\u00e7\u00e3o 1 Estabelece as condi\u00e7\u00f5es do III Programa de Recupera\u00e7\u00e3o de Cr\u00e9dito. 2 Aprova a Presta\u00e7\u00e3o de Contas, referente ao exerc\u00edcio de 2014. 3 Aprova Cancelamento de Registro por falecimento. 4 Aprova o Balancete do Primeiro Trimestre do exerc\u00edcio de 2015. 5 Aprova o Cancelamento de Registro por falecimento. 6 Designa\u00e7\u00e3o &hellip; <a href=\"https:\/\/corecon-pi.org.br\/transparencia\/atos-normativos\/resolucoes-2015\/\" class=\"more-link\">Continue reading <span class=\"screen-reader-text\">Resolu\u00e7\u00f5es 2015<\/span><\/a><\/p>\n","protected":false},"author":2,"featured_media":0,"parent":47,"menu_order":0,"comment_status":"closed","ping_status":"closed","template":"","meta":{"footnotes":""},"class_list":["post-106","page","type-page","status-publish","hentry"],"_links":{"self":[{"href":"https:\/\/corecon-pi.org.br\/transparencia\/wp-json\/wp\/v2\/pages\/106","targetHints":{"allow":["GET"]}}],"collection":[{"href":"https:\/\/corecon-pi.org.br\/transparencia\/wp-json\/wp\/v2\/pages"}],"about":[{"href":"https:\/\/corecon-pi.org.br\/transparencia\/wp-json\/wp\/v2\/types\/page"}],"author":[{"embeddable":true,"href":"https:\/\/corecon-pi.org.br\/transparencia\/wp-json\/wp\/v2\/users\/2"}],"replies":[{"embeddable":true,"href":"https:\/\/corecon-pi.org.br\/transparencia\/wp-json\/wp\/v2\/comments?post=106"}],"version-history":[{"count":2,"href":"https:\/\/corecon-pi.org.br\/transparencia\/wp-json\/wp\/v2\/pages\/106\/revisions"}],"predecessor-version":[{"id":110,"href":"https:\/\/corecon-pi.org.br\/transparencia\/wp-json\/wp\/v2\/pages\/106\/revisions\/110"}],"up":[{"embeddable":true,"href":"https:\/\/corecon-pi.org.br\/transparencia\/wp-json\/wp\/v2\/pages\/47"}],"wp:attachment":[{"href":"https:\/\/corecon-pi.org.br\/transparencia\/wp-json\/wp\/v2\/media?parent=106"}],"curies":[{"name":"wp","href":"https:\/\/api.w.org\/{rel}","templated":true}]}}